{"id":40,"date":"2014-06-24T07:40:26","date_gmt":"2014-06-24T10:40:26","guid":{"rendered":"https:\/\/catedras.facet.unt.edu.ar\/fundamentosredes\/?page_id=40"},"modified":"2018-08-11T21:33:46","modified_gmt":"2018-08-12T00:33:46","slug":"descripcion-general","status":"publish","type":"page","link":"https:\/\/catedras.facet.unt.edu.ar\/fundamentosredes\/descripcion-general\/","title":{"rendered":"DESCRIPCION GENERAL"},"content":{"rendered":"<header class=\"entry-header\">\n<h1 class=\"entry-title\"><strong style=\"font-size: 16px;\">Identificaci\u00f3n de la Asignatura: ECD<\/strong><\/h1>\n<\/header>\n<div class=\"entry-content\">\n<div class=\"post-bodycopy clearfix\">\n<p>Nombre: Fundamentos de Redes de Computadoras<br \/>\nCarrera: Ingenier\u00eda en Computaci\u00f3n<br \/>\nDepto. de Electricidad, Electr\u00f3nica y Computaci\u00f3n<br \/>\nFac. Ciencias Exactas y Tecnolog\u00eda \u2013 Universidad Nacional de Tucum\u00e1n.<br \/>\nTipo de Asignatura: Obligatoria<\/p>\n<p><strong>Correlativas:<br \/>\n<\/strong>* Electr\u00f3nica I (aprobada)<\/p>\n<p><strong>M\u00f3dulo de Dictado: VI M\u00f3dulo (Segundo semestre \u2013 3er a\u00f1o)<\/strong><\/p>\n<p><strong>Docente a cargo del dictado<\/strong><br \/>\nIng. Fernando M. Nader<\/p>\n<p><strong>Docentes a cargo de Trabajos Pr\u00e1cticos:<\/strong><br \/>\nIng. Javier I. Bilbao &#8211; Ing Ricardo Silvera<\/p>\n<p><strong>Objetivos de la Asignatura:<\/strong><\/p>\n<p>Al aprobar la asignatura, los estudiantes estar\u00e1n en condiciones de:<\/p>\n<p>\u2022\u00a0 Analizar diferentes modelos de comunicaciones de computadoras.<\/p>\n<p>\u2022\u00a0 Especificar Topolog\u00edas y Normas de Comunicaci\u00f3n de acuerdo al Modelo de Comunicaci\u00f3n seleccionado.<\/p>\n<p>\u2022 Describir funciones de protocolos de comunicaci\u00f3n, en particular de la suite TCP\/IP.<\/p>\n<p>\u2022 Configurar par\u00e1metros b\u00e1sicos de protocolos TCP\/IP<\/p>\n<p><strong>Horarios<\/strong><br \/>\nSe estima una carga horaria presencial en clases te\u00f3ricas de 3 horas semanales y clases pr\u00e1cticas 2 hs semanales<\/p>\n<p><strong>Clases Te\u00f3ricas:<\/strong><br \/>\nLunes y Mi\u00e9rcoles de 18:00 a 20:00 hs.<\/p>\n<p><strong>Clases Pr\u00e1cticas:<\/strong><br \/>\nViernes 10:00 a 12:00 hs.<\/p>\n<p><strong>Laboratorios:<\/strong><br \/>\na convenir, por grupos. Viernes a partir de 10hs<\/p>\n<\/div>\n<\/div>\n","protected":false},"excerpt":{"rendered":"<p>Identificaci\u00f3n de la Asignatura: ECD Nombre: Fundamentos de Redes de Computadoras Carrera: Ingenier\u00eda en Computaci\u00f3n Depto. de Electricidad, Electr\u00f3nica y Computaci\u00f3n Fac. Ciencias Exactas y Tecnolog\u00eda \u2013 Universidad Nacional de Tucum\u00e1n. Tipo de Asignatura: Obligatoria Correlativas: * Electr\u00f3nica I (aprobada) M\u00f3dulo de Dictado: VI M\u00f3dulo (Segundo semestre \u2013 3er a\u00f1o) Docente a cargo del dictado [&hellip;]<\/p>\n","protected":false},"author":68,"featured_media":0,"parent":0,"menu_order":0,"comment_status":"closed","ping_status":"closed","template":"","meta":[],"_links":{"self":[{"href":"https:\/\/catedras.facet.unt.edu.ar\/fundamentosredes\/wp-json\/wp\/v2\/pages\/40"}],"collection":[{"href":"https:\/\/catedras.facet.unt.edu.ar\/fundamentosredes\/wp-json\/wp\/v2\/pages"}],"about":[{"href":"https:\/\/catedras.facet.unt.edu.ar\/fundamentosredes\/wp-json\/wp\/v2\/types\/page"}],"author":[{"embeddable":true,"href":"https:\/\/catedras.facet.unt.edu.ar\/fundamentosredes\/wp-json\/wp\/v2\/users\/68"}],"replies":[{"embeddable":true,"href":"https:\/\/catedras.facet.unt.edu.ar\/fundamentosredes\/wp-json\/wp\/v2\/comments?post=40"}],"version-history":[{"count":3,"href":"https:\/\/catedras.facet.unt.edu.ar\/fundamentosredes\/wp-json\/wp\/v2\/pages\/40\/revisions"}],"predecessor-version":[{"id":184,"href":"https:\/\/catedras.facet.unt.edu.ar\/fundamentosredes\/wp-json\/wp\/v2\/pages\/40\/revisions\/184"}],"wp:attachment":[{"href":"https:\/\/catedras.facet.unt.edu.ar\/fundamentosredes\/wp-json\/wp\/v2\/media?parent=40"}],"curies":[{"name":"wp","href":"https:\/\/api.w.org\/{rel}","templated":true}]}}