{"id":40,"date":"2014-12-30T09:35:20","date_gmt":"2014-12-30T12:35:20","guid":{"rendered":"https:\/\/catedras.facet.unt.edu.ar\/fisicaexperimental2\/?page_id=40"},"modified":"2014-12-30T09:35:20","modified_gmt":"2014-12-30T12:35:20","slug":"pagina-privada","status":"publish","type":"page","link":"https:\/\/catedras.facet.unt.edu.ar\/fisicaexperimental2\/pagina-privada\/","title":{"rendered":"P\u00e1gina Privada"},"content":{"rendered":"<p>Esta es una p\u00e1gina que s\u00f3lo pueden ver los alumnos aprobados. Para limitar el acceso hay que seleccionar en el editor, en el panel \u00abAccess\u00bb, la casilla \u00abAlumnos\u00bb.<\/p>\n","protected":false},"excerpt":{"rendered":"<p>Esta es una p\u00e1gina que s\u00f3lo pueden ver los alumnos aprobados. Para limitar el acceso hay que seleccionar en el editor, en el panel \u00abAccess\u00bb, la casilla \u00abAlumnos\u00bb.<\/p>\n","protected":false},"author":1,"featured_media":0,"parent":0,"menu_order":0,"comment_status":"closed","ping_status":"closed","template":"","meta":[],"_links":{"self":[{"href":"https:\/\/catedras.facet.unt.edu.ar\/fisicaexperimental2\/wp-json\/wp\/v2\/pages\/40"}],"collection":[{"href":"https:\/\/catedras.facet.unt.edu.ar\/fisicaexperimental2\/wp-json\/wp\/v2\/pages"}],"about":[{"href":"https:\/\/catedras.facet.unt.edu.ar\/fisicaexperimental2\/wp-json\/wp\/v2\/types\/page"}],"author":[{"embeddable":true,"href":"https:\/\/catedras.facet.unt.edu.ar\/fisicaexperimental2\/wp-json\/wp\/v2\/users\/1"}],"replies":[{"embeddable":true,"href":"https:\/\/catedras.facet.unt.edu.ar\/fisicaexperimental2\/wp-json\/wp\/v2\/comments?post=40"}],"version-history":[{"count":1,"href":"https:\/\/catedras.facet.unt.edu.ar\/fisicaexperimental2\/wp-json\/wp\/v2\/pages\/40\/revisions"}],"predecessor-version":[{"id":41,"href":"https:\/\/catedras.facet.unt.edu.ar\/fisicaexperimental2\/wp-json\/wp\/v2\/pages\/40\/revisions\/41"}],"wp:attachment":[{"href":"https:\/\/catedras.facet.unt.edu.ar\/fisicaexperimental2\/wp-json\/wp\/v2\/media?parent=40"}],"curies":[{"name":"wp","href":"https:\/\/api.w.org\/{rel}","templated":true}]}}