{"id":44,"date":"2014-11-06T14:48:54","date_gmt":"2014-11-06T17:48:54","guid":{"rendered":"https:\/\/catedras.facet.unt.edu.ar\/estabilidadiv\/?page_id=44"},"modified":"2019-03-11T09:43:16","modified_gmt":"2019-03-11T12:43:16","slug":"bibliografia","status":"publish","type":"page","link":"https:\/\/catedras.facet.unt.edu.ar\/estabilidadiv\/bibliografia\/","title":{"rendered":"Bibliograf\u00eda"},"content":{"rendered":"<p>1.- Teor\u00eda de la Elasticidad. <em>Timoshenko<\/em><em> &#8211; Goodier.<\/em><\/p>\n<p>2.- Elasticidad y Plasticidad. <em>\u00a0Guzm\u00e1n y Gonz\u00e1lez Saleme.<\/em><\/p>\n<p>3.- Est\u00e1tica del Hormig\u00f3n Armado, Tomo II. <em>Kurt Beyer<\/em><\/p>\n<p>4.- Ciencia de la Construcci\u00f3n, Tomo III. <em>Belluzzi.<\/em><\/p>\n<p>5.- Teor\u00eda de Placas y L\u00e1minas. <em>Timoshenko &#8211; Woinowsky &#8211; Krieger.<\/em><\/p>\n<p>6.- Tablas para el C\u00e1lculo de Placas y de Vigas Pared. <em>R. Bares.<\/em><\/p>\n<p>7.- C\u00e1lculo de Estructuras por el M\u00e9todo de Elementos Finitos. <em>E. O\u00f1ate<\/em>.<\/p>\n<p>8.- ED-ELAS2D \u2013 Manual del Usuario, Ap\u00e9ndice Te\u00f3rico, <em>CIMNE<\/em>.<\/p>\n<p>9.- Introducci\u00f3n a la mec\u00e1nica de los s\u00f3lidos. EUDEBA. <em>P. Laura \u2013 M. Maurizi<\/em>.<\/p>\n<p>10.- Mechanics of Deformable Solids. <em>Irving H. Shames<\/em>.<\/p>\n<p>11.- Elasticity. <em>J.R. Barber.<\/em><\/p>\n","protected":false},"excerpt":{"rendered":"<p>1.- Teor\u00eda de la Elasticidad. Timoshenko &#8211; Goodier. 2.- Elasticidad y Plasticidad. \u00a0Guzm\u00e1n y Gonz\u00e1lez Saleme. 3.- Est\u00e1tica del Hormig\u00f3n Armado, Tomo II. Kurt Beyer 4.- Ciencia de la Construcci\u00f3n, Tomo III. Belluzzi. 5.- Teor\u00eda de Placas y L\u00e1minas. Timoshenko &#8211; Woinowsky &#8211; Krieger. 6.- Tablas para el C\u00e1lculo de Placas y de Vigas Pared. [&hellip;]<\/p>\n","protected":false},"author":151,"featured_media":0,"parent":0,"menu_order":4,"comment_status":"closed","ping_status":"closed","template":"templates\/template-full.php","meta":[],"_links":{"self":[{"href":"https:\/\/catedras.facet.unt.edu.ar\/estabilidadiv\/wp-json\/wp\/v2\/pages\/44"}],"collection":[{"href":"https:\/\/catedras.facet.unt.edu.ar\/estabilidadiv\/wp-json\/wp\/v2\/pages"}],"about":[{"href":"https:\/\/catedras.facet.unt.edu.ar\/estabilidadiv\/wp-json\/wp\/v2\/types\/page"}],"author":[{"embeddable":true,"href":"https:\/\/catedras.facet.unt.edu.ar\/estabilidadiv\/wp-json\/wp\/v2\/users\/151"}],"replies":[{"embeddable":true,"href":"https:\/\/catedras.facet.unt.edu.ar\/estabilidadiv\/wp-json\/wp\/v2\/comments?post=44"}],"version-history":[{"count":4,"href":"https:\/\/catedras.facet.unt.edu.ar\/estabilidadiv\/wp-json\/wp\/v2\/pages\/44\/revisions"}],"predecessor-version":[{"id":921,"href":"https:\/\/catedras.facet.unt.edu.ar\/estabilidadiv\/wp-json\/wp\/v2\/pages\/44\/revisions\/921"}],"wp:attachment":[{"href":"https:\/\/catedras.facet.unt.edu.ar\/estabilidadiv\/wp-json\/wp\/v2\/media?parent=44"}],"curies":[{"name":"wp","href":"https:\/\/api.w.org\/{rel}","templated":true}]}}