{"id":171,"date":"2015-02-15T18:27:31","date_gmt":"2015-02-15T21:27:31","guid":{"rendered":"https:\/\/catedras.facet.unt.edu.ar\/estabilidadiv\/?page_id=171"},"modified":"2018-03-28T00:33:05","modified_gmt":"2018-03-28T03:33:05","slug":"regimen-cursado","status":"publish","type":"page","link":"https:\/\/catedras.facet.unt.edu.ar\/estabilidadiv\/regimen-cursado\/","title":{"rendered":"R\u00e9gimen Cursado"},"content":{"rendered":"<h2>Requisitos para Cursar<\/h2>\n<ol style=\"text-align: justify;\">\n<li>Cumplir con el r\u00e9gimen de correlatividad de la carrera.<\/li>\n<li>Tener \u201cregularizada\u201d la asignatura \u201cEstabilidad III\u201d.<\/li>\n<li>Tener la Inscripci\u00f3n en la Materia.<\/li>\n<\/ol>\n<h2 style=\"text-align: justify;\">R\u00e9gimen de Cursado<\/h2>\n<ol style=\"text-align: justify;\">\n<li>El dictado prev\u00e9 2 (dos) Evaluaciones Parciales Te\u00f3rico-Pr\u00e1cticas.<\/li>\n<\/ol>\n<p style=\"text-align: justify; padding-left: 60px;\">\n<p style=\"text-align: justify; padding-left: 60px;\">Condici\u00f3n para poder efectuar las Evaluaciones Parciales: tener presentados los <strong>Trabajos Pr\u00e1cticos<\/strong> <strong>completos<\/strong> de los temas correspondientes hasta la fecha l\u00edmite establecida por el docente.<\/p>\n<ol start=\"2\">\n<li style=\"text-align: justify;\">Para Regularizar la Asignatura y poder rendir el Examen Final deben <strong>APROBAR<\/strong> las 2 (dos) Evaluaciones Parciales, tener la <strong>Carpeta de Trabajos Pr\u00e1cticos corregida<\/strong> en la fecha l\u00edmite establecida por el docente y tener una asistencia a clase no inferior al 80 %.<\/li>\n<li style=\"text-align: justify;\">Existe la posibilidad de promoci\u00f3n por tema. Para promocionar un Tema, se debe obtener como calificaci\u00f3n m\u00ednima <strong>7 (siete)<\/strong> en ese tema, y no menos de <strong>4 (cuatro)<\/strong> en los otros temas de la evaluaci\u00f3n correspondiente. Los Temas promocionados tienen <strong>validez<\/strong> durante la regularidad de <strong>2 a\u00f1os<\/strong> y siempre que no <strong>desapruebe<\/strong> el examen final.<\/li>\n<li style=\"text-align: justify;\">El examen final incluye teor\u00eda y trabajos pr\u00e1cticos. Forman parte del Examen Final: a) El <strong>Tema 1<\/strong>, b) Temas <strong>no promocionados<\/strong> en las Evaluaciones, c) Trabajos pr\u00e1cticos revisados y calificados por el docente como <strong>\u00abAPROBADO CON OBSERVACIONES\u00bb<\/strong>, aun si el tema correspondiente fue promocionado. Se debe asistir con la <strong>CARPETA<\/strong> de trabajos pr\u00e1cticos.<\/li>\n<\/ol>\n","protected":false},"excerpt":{"rendered":"<p>Requisitos para Cursar Cumplir con el r\u00e9gimen de correlatividad de la carrera. Tener \u201cregularizada\u201d la asignatura \u201cEstabilidad III\u201d. Tener la Inscripci\u00f3n en la Materia. R\u00e9gimen de Cursado El dictado prev\u00e9 2 (dos) Evaluaciones Parciales Te\u00f3rico-Pr\u00e1cticas. Condici\u00f3n para poder efectuar las Evaluaciones Parciales: tener presentados los Trabajos Pr\u00e1cticos completos de los temas correspondientes hasta la fecha [&hellip;]<\/p>\n","protected":false},"author":151,"featured_media":0,"parent":0,"menu_order":3,"comment_status":"closed","ping_status":"closed","template":"templates\/template-full-notitle.php","meta":[],"_links":{"self":[{"href":"https:\/\/catedras.facet.unt.edu.ar\/estabilidadiv\/wp-json\/wp\/v2\/pages\/171"}],"collection":[{"href":"https:\/\/catedras.facet.unt.edu.ar\/estabilidadiv\/wp-json\/wp\/v2\/pages"}],"about":[{"href":"https:\/\/catedras.facet.unt.edu.ar\/estabilidadiv\/wp-json\/wp\/v2\/types\/page"}],"author":[{"embeddable":true,"href":"https:\/\/catedras.facet.unt.edu.ar\/estabilidadiv\/wp-json\/wp\/v2\/users\/151"}],"replies":[{"embeddable":true,"href":"https:\/\/catedras.facet.unt.edu.ar\/estabilidadiv\/wp-json\/wp\/v2\/comments?post=171"}],"version-history":[{"count":13,"href":"https:\/\/catedras.facet.unt.edu.ar\/estabilidadiv\/wp-json\/wp\/v2\/pages\/171\/revisions"}],"predecessor-version":[{"id":652,"href":"https:\/\/catedras.facet.unt.edu.ar\/estabilidadiv\/wp-json\/wp\/v2\/pages\/171\/revisions\/652"}],"wp:attachment":[{"href":"https:\/\/catedras.facet.unt.edu.ar\/estabilidadiv\/wp-json\/wp\/v2\/media?parent=171"}],"curies":[{"name":"wp","href":"https:\/\/api.w.org\/{rel}","templated":true}]}}