{"id":58,"date":"2016-08-09T23:06:24","date_gmt":"2016-08-10T02:06:24","guid":{"rendered":"https:\/\/catedras.facet.unt.edu.ar\/estabilidadiii\/?page_id=58"},"modified":"2025-08-25T22:16:07","modified_gmt":"2025-08-26T01:16:07","slug":"horarios","status":"publish","type":"page","link":"https:\/\/catedras.facet.unt.edu.ar\/estabilidadiii\/horarios\/","title":{"rendered":"Horarios"},"content":{"rendered":"<h1>Horarios<\/h1>\n<hr \/>\n<h2>Clases (Agosto-Diciembre 2025)<\/h2>\n<ul>\n<li>MARTES de 8:00 a 10:00 Hs y 10:30 a 12:30 Hs.<\/li>\n<li>JUEVES de 8:00 a 10:00 Hs.<\/li>\n<\/ul>\n<hr \/>\n<h2>Consultas seg\u00fan d\u00edas<\/h2>\n<ul>\n<li>Lunes<\/li>\n<\/ul>\n<p style=\"padding-left: 80px\">&#8212;<\/p>\n<ul>\n<li>Martes<\/li>\n<\/ul>\n<p style=\"padding-left: 80px\">&#8212;<\/p>\n<ul>\n<li>Mi\u00e9rcoles<\/li>\n<\/ul>\n<p style=\"padding-left: 80px\">&#8212;<\/p>\n<ul>\n<li>Jueves<\/li>\n<\/ul>\n<p style=\"padding-left: 80px\">&#8212;<\/p>\n<ul>\n<li>Viernes<\/li>\n<\/ul>\n<p style=\"padding-left: 80px\">&#8212;<\/p>\n<h2>Consultas seg\u00fan docentes<\/h2>\n<ul>\n<li>Gerardo MADARIAGA (Oficina 4-1-05):<\/li>\n<li>Facundo ISLA (Oficina N4-2-02, Instituto de Estructuras):<\/li>\n<li>Pablo CORREA (Oficina 4-1-06):<\/li>\n<li>Marcos PADILLA (Oficina 4-1-06):<\/li>\n<\/ul>\n","protected":false},"excerpt":{"rendered":"<p>Horarios Clases (Agosto-Diciembre 2025) MARTES de 8:00 a 10:00 Hs y 10:30 a 12:30 Hs. JUEVES de 8:00 a 10:00 Hs. Consultas seg\u00fan d\u00edas Lunes &#8212; Martes &#8212; Mi\u00e9rcoles &#8212; Jueves &#8212; Viernes &#8212; Consultas seg\u00fan docentes Gerardo MADARIAGA (Oficina 4-1-05): Facundo ISLA (Oficina N4-2-02, Instituto de Estructuras): Pablo CORREA (Oficina 4-1-06): Marcos PADILLA (Oficina [&hellip;]<\/p>\n","protected":false},"author":151,"featured_media":0,"parent":0,"menu_order":5,"comment_status":"closed","ping_status":"closed","template":"","meta":[],"_links":{"self":[{"href":"https:\/\/catedras.facet.unt.edu.ar\/estabilidadiii\/wp-json\/wp\/v2\/pages\/58"}],"collection":[{"href":"https:\/\/catedras.facet.unt.edu.ar\/estabilidadiii\/wp-json\/wp\/v2\/pages"}],"about":[{"href":"https:\/\/catedras.facet.unt.edu.ar\/estabilidadiii\/wp-json\/wp\/v2\/types\/page"}],"author":[{"embeddable":true,"href":"https:\/\/catedras.facet.unt.edu.ar\/estabilidadiii\/wp-json\/wp\/v2\/users\/151"}],"replies":[{"embeddable":true,"href":"https:\/\/catedras.facet.unt.edu.ar\/estabilidadiii\/wp-json\/wp\/v2\/comments?post=58"}],"version-history":[{"count":87,"href":"https:\/\/catedras.facet.unt.edu.ar\/estabilidadiii\/wp-json\/wp\/v2\/pages\/58\/revisions"}],"predecessor-version":[{"id":746,"href":"https:\/\/catedras.facet.unt.edu.ar\/estabilidadiii\/wp-json\/wp\/v2\/pages\/58\/revisions\/746"}],"wp:attachment":[{"href":"https:\/\/catedras.facet.unt.edu.ar\/estabilidadiii\/wp-json\/wp\/v2\/media?parent=58"}],"curies":[{"name":"wp","href":"https:\/\/api.w.org\/{rel}","templated":true}]}}