{"id":56,"date":"2016-08-09T23:06:01","date_gmt":"2016-08-10T02:06:01","guid":{"rendered":"https:\/\/catedras.facet.unt.edu.ar\/estabilidadiii\/?page_id=56"},"modified":"2018-08-13T17:52:28","modified_gmt":"2018-08-13T20:52:28","slug":"bibliografia","status":"publish","type":"page","link":"https:\/\/catedras.facet.unt.edu.ar\/estabilidadiii\/bibliografia\/","title":{"rendered":"Bibliograf\u00eda"},"content":{"rendered":"<h1 style=\"text-align: justify;\">Bibliograf\u00eda<\/h1>\n<hr \/>\n<ol>\n<li style=\"text-align: justify;\">Cudmani R.O. \u201cTeor\u00eda y Pr\u00e1ctica de la Teor\u00eda de Barras\u201d \u2013 Facultad de Ciencias Exactas y Tecnolog\u00eda, UNT 2007.<\/li>\n<li style=\"text-align: justify;\">Hirschfeld K.: \u201cEst\u00e1tica de las Construcciones\u201d, traducci\u00f3n del libro Baustatik, de Springer-Verlag.<\/li>\n<li style=\"text-align: justify;\">Hibbeler R.C.:\u00a0\u201cAn\u00e1lisis Estructural\u201d \u2013 Ed. Pearson,\u00a0Educations, M\u00e9xico 2012.<\/li>\n<li style=\"text-align: justify;\">Mc Cormac J. \u00abAn\u00e1lisis de Estructuras &#8211; M\u00e9todos Cl\u00e1sico y Matricial\u00bb &#8211; Ed. AlfaOmega, M\u00e9xico 2013.<\/li>\n<li style=\"text-align: justify;\">Guldan R. \u201c Estructuras Aporticadas y Vigas Continuas\u201d, Ed. El Ateneo.<\/li>\n<li style=\"text-align: justify;\">Makowsky Z.S. Architectural Science Review. &#8211; Academic Press Proprietary Limited \u2013 Sidney, Australia, 1960.<\/li>\n<li style=\"text-align: justify;\">Schegg A., Cudmani R. O.: Apuntes de Estabilidad III.- Instituto de Ingenier\u00eda Civil, U.N.T. a\u00f1o 1964.<\/li>\n<li style=\"text-align: justify;\">West H.H. \u201cFundamentals of Structural Analysis\u201d John Wiley, 1993.<\/li>\n<li style=\"text-align: justify;\">Zaytzeff S. \u201cC\u00e1lculo de las Construcciones Hiperest\u00e1ticas por los M\u00e9todos de Relajaci\u00f3n\u201d, Editorial Revert\u00e9, 1964.<\/li>\n<li style=\"text-align: justify;\">Arg\u00fcelles Alvarez R. \u00abC\u00e1lculo de Estructuras\u00bb &#8211; Tomo I &#8211; Ed. Esc. Tec. Sup. de Ingenieros de Montes, Madrid, 1981.<\/li>\n<li style=\"text-align: justify;\">Personal Docente de la C\u00e1tedra \u201cEnunciados de Trabajos Pr\u00e1cticos\u201d.\u00a0Publicaci\u00f3n de la Asociaci\u00f3n Cooperadora de la FACET.<\/li>\n<li style=\"text-align: justify;\">Personal Docente de la C\u00e1tedra \u201cProblemas Resueltos &#8211; Parte I \u2013 M\u00e9todo de las Fuerzas y M\u00e9todo de las Deformaciones \u2013 Editado por la Asociaci\u00f3n Cooperadora de la Fa.C.E.T. \u2013 Universidad Nacional de Tucum\u00e1n, S. M. de Tucum\u00e1n, a\u00f1o 2014.<\/li>\n<li style=\"text-align: justify;\">Reglamento CIRSOC 102 y Reglamento INPRES-CIRSOC 103.<\/li>\n<\/ol>\n","protected":false},"excerpt":{"rendered":"<p>Bibliograf\u00eda Cudmani R.O. \u201cTeor\u00eda y Pr\u00e1ctica de la Teor\u00eda de Barras\u201d \u2013 Facultad de Ciencias Exactas y Tecnolog\u00eda, UNT 2007. Hirschfeld K.: \u201cEst\u00e1tica de las Construcciones\u201d, traducci\u00f3n del libro Baustatik, de Springer-Verlag. Hibbeler R.C.:\u00a0\u201cAn\u00e1lisis Estructural\u201d \u2013 Ed. Pearson,\u00a0Educations, M\u00e9xico 2012. Mc Cormac J. \u00abAn\u00e1lisis de Estructuras &#8211; M\u00e9todos Cl\u00e1sico y Matricial\u00bb &#8211; Ed. AlfaOmega, M\u00e9xico [&hellip;]<\/p>\n","protected":false},"author":151,"featured_media":0,"parent":0,"menu_order":4,"comment_status":"closed","ping_status":"closed","template":"","meta":[],"_links":{"self":[{"href":"https:\/\/catedras.facet.unt.edu.ar\/estabilidadiii\/wp-json\/wp\/v2\/pages\/56"}],"collection":[{"href":"https:\/\/catedras.facet.unt.edu.ar\/estabilidadiii\/wp-json\/wp\/v2\/pages"}],"about":[{"href":"https:\/\/catedras.facet.unt.edu.ar\/estabilidadiii\/wp-json\/wp\/v2\/types\/page"}],"author":[{"embeddable":true,"href":"https:\/\/catedras.facet.unt.edu.ar\/estabilidadiii\/wp-json\/wp\/v2\/users\/151"}],"replies":[{"embeddable":true,"href":"https:\/\/catedras.facet.unt.edu.ar\/estabilidadiii\/wp-json\/wp\/v2\/comments?post=56"}],"version-history":[{"count":15,"href":"https:\/\/catedras.facet.unt.edu.ar\/estabilidadiii\/wp-json\/wp\/v2\/pages\/56\/revisions"}],"predecessor-version":[{"id":188,"href":"https:\/\/catedras.facet.unt.edu.ar\/estabilidadiii\/wp-json\/wp\/v2\/pages\/56\/revisions\/188"}],"wp:attachment":[{"href":"https:\/\/catedras.facet.unt.edu.ar\/estabilidadiii\/wp-json\/wp\/v2\/media?parent=56"}],"curies":[{"name":"wp","href":"https:\/\/api.w.org\/{rel}","templated":true}]}}