{"id":52,"date":"2016-08-09T23:04:30","date_gmt":"2016-08-10T02:04:30","guid":{"rendered":"https:\/\/catedras.facet.unt.edu.ar\/estabilidadiii\/?page_id=52"},"modified":"2018-08-13T17:51:57","modified_gmt":"2018-08-13T20:51:57","slug":"programa","status":"publish","type":"page","link":"https:\/\/catedras.facet.unt.edu.ar\/estabilidadiii\/programa\/","title":{"rendered":"Programa"},"content":{"rendered":"<h2 style=\"text-align: justify;\"><span style=\"text-decoration: underline;\"><strong>OBJETIVOS<\/strong><\/span><\/h2>\n<p style=\"text-align: justify;\">El objetivo de la asignatura es transmitir a los alumnos los conceptos te\u00f3ricos y pr\u00e1cticos\u00a0involucrados en el dise\u00f1o y c\u00e1lculo de estructuras hiperest\u00e1ticas constituidas por barras, sean\u00a0planas o espaciales, de alma llena o reticuladas, todo ello sobre la base de la aceptaci\u00f3n de la\u00a0ley de Hooke. En el \u00faltimo cap\u00edtulo se desarrolla una s\u00edntesis del M\u00e9todo Pl\u00e1stico de An\u00e1lisis\u00a0aplicado a vigas y p\u00f3rticos de acero u hormig\u00f3n, en raz\u00f3n de que esta teor\u00eda no-lineal tiene\u00a0competencia en el dimensionado de estructuras antis\u00edsmicas introducido en el nuevo\u00a0Reglamento CIRSOC 103 (tomo II) y en el dimensionado de estructuras met\u00e1licas del nuevo\u00a0Reglamento CIRSOC 303.<\/p>\n<h2 style=\"text-align: justify;\"><\/h2>\n<hr \/>\n<h2 style=\"text-align: justify;\"><span style=\"text-decoration: underline;\">PROGRAMA<\/span><\/h2>\n<h5 style=\"text-align: justify;\">Carrera de Ingenier\u00eda Civil\u00a0Plan de Estudios 2005<\/h5>\n<p>&nbsp;<\/p>\n<h4 style=\"text-align: justify;\">CAP\u00cdTULO 1: CONCEPTOS FUNDAMENTALES SOBRE ESTRUCTURAS DE\u00a0BARRAS.<\/h4>\n<p style=\"text-align: justify;\">Fuerzas y desplazamientos. Ecuaciones de equilibrio y compatibilidad. Relaciones fuerzas \u2013desplazamientos. Coordenadas generalizadas. Coeficientes de rigidez y de flexibilidad.\u00a0Matrices de rigidez y flexibilidad.<\/p>\n<p>&nbsp;<\/p>\n<h4 style=\"text-align: justify;\">CAP\u00cdTULO 2: PRINCIPIOS ENERG\u00c9TICOS.<\/h4>\n<p style=\"text-align: justify;\">Trabajo y Energ\u00eda. Concepto de fuerza y deformaci\u00f3n virtual. Principio de Deformaciones\u00a0Virtuales o de Trabajos Virtuales. Principio de Fuerzas Virtuales o de Trabajos Virtuales\u00a0Complementarios. Leyes de Reciprocidad de las deformaciones el\u00e1sticas: Leyes de Betti y\u00a0Maxwell. Aplicaciones.<\/p>\n<p>&nbsp;<\/p>\n<h4 style=\"text-align: justify;\">CAP\u00cdTULO 3: TEOR\u00cdA GENERAL DE LOS SISTEMAS INDETERMINADOS.<\/h4>\n<p style=\"text-align: justify;\">Planteo del problema. Ecuaciones de equilibrio de barras y de nudos. Ecuaciones de\u00a0elasticidad. Generaci\u00f3n de los dos grandes m\u00e9todos de la est\u00e1tica para la soluci\u00f3n de sistemas\u00a0de barras: M\u00e9todo de las Fuerzas y M\u00e9todo de las Deformaciones. Grado de indeterminaci\u00f3n\u00a0geom\u00e9trica y est\u00e1tica, su aplicaci\u00f3n de la tipolog\u00eda de la estructura: expresiones de Henderson\u2013Bickey.<\/p>\n<p>&nbsp;<\/p>\n<h4 style=\"text-align: justify;\">CAP\u00cdTULO 4: M\u00c9TODO DE LA FUERZAS.<\/h4>\n<p style=\"text-align: justify;\">Planteo general. Estructuras de uno o m\u00e1s grados de hiperestaticidad. Soluci\u00f3n de las\u00a0inc\u00f3gnitas de fuerzas mediante ecuaciones de compatibilidad geom\u00e9trica. Casos de cargas\u00a0est\u00e1ticas, variaci\u00f3n de temperatura, asiento de apoyos, apoyos el\u00e1sticos. L\u00edneas de Influencia.\u00a0Trazados de l\u00edneas de influencia para uno o m\u00e1s grados de hiperestaticidad. Principio de\u00a0reducci\u00f3n, su aplicaci\u00f3n para el control de resultados y para el c\u00e1lculo de deformaciones\u00a0puntuales.\u00a0Aplicaciones del m\u00e9todo de las fuerzas a estructuras especiales: Arcos, Emparrillados, Vigas\u00a0Curvas, Vigas Balc\u00f3n. Estructuras Espaciales.<\/p>\n<p>&nbsp;<\/p>\n<h4 style=\"text-align: justify;\">CAP\u00cdTULO 5: M\u00c9TODO DE LA DEFORMACIONES.<\/h4>\n<p style=\"text-align: justify;\">Planteo general. Ecuaciones fundamentales para la barra. Estructuras desplazables e\u00a0indesplazables. Planteo de las ecuaciones de equilibrio para la determinaci\u00f3n de las inc\u00f3gnitas\u00a0geom\u00e9tricas: Ecuaciones nudales y de piso. Caso de cargas est\u00e1ticas, variaci\u00f3n de\u00a0temperatura, asiento de apoyos, apoyos el\u00e1sticos. Simplificaciones por simetr\u00eda y altimetr\u00eda de\u00a0cargas para sistemas sim\u00e9tricos de forma. Aplicaciones. Aplicaci\u00f3n del m\u00e9todo empleando la\u00a0teor\u00eda de Segundo Orden. Ejemplos.<\/p>\n<p>&nbsp;<\/p>\n<h4 style=\"text-align: justify;\">CAP\u00cdTULO 6: M\u00c9TODOS ITERATIVOS.<\/h4>\n<p style=\"text-align: justify;\">M\u00e9todos de Cross y Kani, origen de los mismos. Su planteo conceptual. Campo de aplicaci\u00f3n.\u00a0Programas de computaci\u00f3n. Ejemplos.<\/p>\n<p>&nbsp;<\/p>\n<h4 style=\"text-align: justify;\">CAP\u00cdTULO 7: M\u00c9TODO DE MATRICES DE TRANSFERENCIAS.<\/h4>\n<p style=\"text-align: justify;\">Conceptos b\u00e1sicos. Matrices de tramo y de nudo. Esquema operativo de Falk.\u00a0Aplicaciones del m\u00e9todo: Vigas sobre apoyos fijos o el\u00e1sticos, vigas quebradas o curvas. La\u00a0solera el\u00e1stica. Interacci\u00f3n tabique-p\u00f3rtico. Arcos. Programas de Computaci\u00f3n. Ejemplos.<\/p>\n<p>&nbsp;<\/p>\n<h4 style=\"text-align: justify;\">CAP\u00cdTULO 8: FORMULACI\u00d3N MATRICIAL DEL M\u00c9TODO DE LAS\u00a0DEFORMACIONES.<\/h4>\n<p style=\"text-align: justify;\">Planteo general, determinaci\u00f3n de la matriz de rigidez del sistema, alternativas.\u00a0Aplicaciones a diversos tipos estructurales: Vigas continuas, reticulados planos o espaciales,\u00a0p\u00f3rticos planos o espaciales, emparrillados, etc. Programas de Computaci\u00f3n. Ejemplos.<\/p>\n<p>&nbsp;<\/p>\n<h4 style=\"text-align: justify;\">CAP\u00cdTULO 9: AN\u00c1LISIS NO LINEAL DE ESTRUCTURAS.<\/h4>\n<p style=\"text-align: justify;\">Comparaci\u00f3n entre an\u00e1lisis lineal y no lineal. Concepto de ductilidad. Estados l\u00edmites.\u00a0Criterios de seguridad estructural. Concepto de redistribuci\u00f3n pl\u00e1stica. Teoremas del c\u00e1lculo\u00a0l\u00edmite, (L\u00edmite Inferior y superior), M\u00e9todos Est\u00e1tico y Cinem\u00e1tica. Mecanismos de colapso,\u00a0simples y combinados. M\u00e9todo de Horne. M\u00e9todo paso a paso. Ejemplos. Uso de programas\u00a0de computaci\u00f3n.<\/p>\n","protected":false},"excerpt":{"rendered":"<p>OBJETIVOS El objetivo de la asignatura es transmitir a los alumnos los conceptos te\u00f3ricos y pr\u00e1cticos\u00a0involucrados en el dise\u00f1o y c\u00e1lculo de estructuras hiperest\u00e1ticas constituidas por barras, sean\u00a0planas o espaciales, de alma llena o reticuladas, todo ello sobre la base de la aceptaci\u00f3n de la\u00a0ley de Hooke. En el \u00faltimo cap\u00edtulo se desarrolla una s\u00edntesis [&hellip;]<\/p>\n","protected":false},"author":151,"featured_media":0,"parent":0,"menu_order":2,"comment_status":"closed","ping_status":"closed","template":"","meta":[],"_links":{"self":[{"href":"https:\/\/catedras.facet.unt.edu.ar\/estabilidadiii\/wp-json\/wp\/v2\/pages\/52"}],"collection":[{"href":"https:\/\/catedras.facet.unt.edu.ar\/estabilidadiii\/wp-json\/wp\/v2\/pages"}],"about":[{"href":"https:\/\/catedras.facet.unt.edu.ar\/estabilidadiii\/wp-json\/wp\/v2\/types\/page"}],"author":[{"embeddable":true,"href":"https:\/\/catedras.facet.unt.edu.ar\/estabilidadiii\/wp-json\/wp\/v2\/users\/151"}],"replies":[{"embeddable":true,"href":"https:\/\/catedras.facet.unt.edu.ar\/estabilidadiii\/wp-json\/wp\/v2\/comments?post=52"}],"version-history":[{"count":13,"href":"https:\/\/catedras.facet.unt.edu.ar\/estabilidadiii\/wp-json\/wp\/v2\/pages\/52\/revisions"}],"predecessor-version":[{"id":481,"href":"https:\/\/catedras.facet.unt.edu.ar\/estabilidadiii\/wp-json\/wp\/v2\/pages\/52\/revisions\/481"}],"wp:attachment":[{"href":"https:\/\/catedras.facet.unt.edu.ar\/estabilidadiii\/wp-json\/wp\/v2\/media?parent=52"}],"curies":[{"name":"wp","href":"https:\/\/api.w.org\/{rel}","templated":true}]}}