{"id":55,"date":"2015-01-04T12:25:14","date_gmt":"2015-01-04T15:25:14","guid":{"rendered":"https:\/\/catedras.facet.unt.edu.ar\/epot\/?page_id=55"},"modified":"2017-02-22T13:56:17","modified_gmt":"2017-02-22T16:56:17","slug":"bibliografia","status":"publish","type":"page","link":"https:\/\/catedras.facet.unt.edu.ar\/epot\/bibliografia\/","title":{"rendered":"Bibliograf\u00eda"},"content":{"rendered":"<p><strong>Electr\u00f3nica de Potencia, circuitos dispositivos y aplicaciones.-Muhammad Rashid<\/strong>-Prentice Hall Hispanoamericana-1995<\/p>\n<p><strong>Electr\u00f3nica de Potencia-Daniel W. Hart<\/strong>-Prentice Hall-2001<\/p>\n<p>Power Semiconductors Circuits-S.Dewan-A. Straughen-John Wiley &amp; Sons-1975<\/p>\n<p>Electr\u00f3nica de Potencia:Teor\u00eda y Aplicaciones-J.Benavent Garc\u00eda &#8211; A.Abellan. Garc\u00eda- E.F.Amor\u00f3s-Alfaomega S.A.-2002<\/p>\n<p>Fundamentos de la Electr\u00f3nica de Potencia-K. Heumann-Paraninfo S.A.-1978<\/p>\n","protected":false},"excerpt":{"rendered":"<p>Electr\u00f3nica de Potencia, circuitos dispositivos y aplicaciones.-Muhammad Rashid-Prentice Hall Hispanoamericana-1995 Electr\u00f3nica de Potencia-Daniel W. Hart-Prentice Hall-2001 Power Semiconductors Circuits-S.Dewan-A. Straughen-John Wiley &amp; Sons-1975 Electr\u00f3nica de Potencia:Teor\u00eda y Aplicaciones-J.Benavent Garc\u00eda &#8211; A.Abellan. Garc\u00eda- E.F.Amor\u00f3s-Alfaomega S.A.-2002 Fundamentos de la Electr\u00f3nica de Potencia-K. Heumann-Paraninfo S.A.-1978<\/p>\n","protected":false},"author":170,"featured_media":0,"parent":0,"menu_order":7,"comment_status":"closed","ping_status":"closed","template":"","meta":[],"_links":{"self":[{"href":"https:\/\/catedras.facet.unt.edu.ar\/epot\/wp-json\/wp\/v2\/pages\/55"}],"collection":[{"href":"https:\/\/catedras.facet.unt.edu.ar\/epot\/wp-json\/wp\/v2\/pages"}],"about":[{"href":"https:\/\/catedras.facet.unt.edu.ar\/epot\/wp-json\/wp\/v2\/types\/page"}],"author":[{"embeddable":true,"href":"https:\/\/catedras.facet.unt.edu.ar\/epot\/wp-json\/wp\/v2\/users\/170"}],"replies":[{"embeddable":true,"href":"https:\/\/catedras.facet.unt.edu.ar\/epot\/wp-json\/wp\/v2\/comments?post=55"}],"version-history":[{"count":5,"href":"https:\/\/catedras.facet.unt.edu.ar\/epot\/wp-json\/wp\/v2\/pages\/55\/revisions"}],"predecessor-version":[{"id":399,"href":"https:\/\/catedras.facet.unt.edu.ar\/epot\/wp-json\/wp\/v2\/pages\/55\/revisions\/399"}],"wp:attachment":[{"href":"https:\/\/catedras.facet.unt.edu.ar\/epot\/wp-json\/wp\/v2\/media?parent=55"}],"curies":[{"name":"wp","href":"https:\/\/api.w.org\/{rel}","templated":true}]}}