{"id":2,"date":"2013-11-22T14:58:07","date_gmt":"2013-11-22T14:58:07","guid":{"rendered":"https:\/\/catedras.facet.unt.edu.ar\/sitio1\/?page_id=2"},"modified":"2024-03-16T17:16:11","modified_gmt":"2024-03-16T20:16:11","slug":"reglamento","status":"publish","type":"page","link":"https:\/\/catedras.facet.unt.edu.ar\/epot\/reglamento\/","title":{"rendered":"Reglamento"},"content":{"rendered":"<p><strong>AC\u00adTI\u00adVI\u00adDA\u00adDES<\/strong><\/p>\n<ul>\n<li>Se desa\u00adrro\u00adlla\u00adran 2 cla\u00adses te\u00f3\u00adri\u00adco-pr\u00e1cticas se\u00adma\u00adna\u00adles de 3 horas c\/u (lunes y viernes) en las que se ex\u00adpo\u00adnen los fun\u00adda\u00admen\u00adtos te\u00f3\u00adri\u00adcos, se rea\u00adli\u00adzan ejem\u00adplos y se re\u00adco\u00admien\u00adda bi\u00adblio\u00adgra\u00adf\u00eda.<\/li>\n<li>Los Tra\u00adba\u00adjos Pr\u00e1c\u00adti\u00adcos de re\u00adso\u00adlu\u00adci\u00f3n de pro\u00adble\u00admas y si\u00admu\u00adla\u00adci\u00f3n se desa\u00adrro\u00adlla\u00adn como ejercitaci\u00f3n para los parciales. No es necesaria su presentaci\u00f3n.<\/li>\n<li>Los Tra\u00adba\u00adjos Pr\u00e1c\u00adti\u00adcos de La\u00adbo\u00adra\u00adto\u00adrio se desa\u00adrro\u00adlla\u00adran en gru\u00adpos de 4 per\u00adso\u00adnas m\u00e1\u00adxi\u00admo. Se de\u00adbe\u00adr\u00e1n pre\u00adsen\u00adtar Informe en grupo y aprobarlo individualmente.<\/li>\n<\/ul>\n<p><strong>PARA<\/strong><strong>\u00a0APROBACION DIRECTA<\/strong><\/p>\n<ul>\n<li>Tener ins\u00adcrip\u00adci\u00f3n re\u00adgu\u00adlar en la asig\u00adna\u00adtu\u00adra.<\/li>\n<li>Tener 80% o m\u00e1s de asis\u00adten\u00adcia a las cla\u00adses te\u00f3\u00adri\u00adcas y pr\u00e1c\u00adti\u00adcas.<\/li>\n<li>Apro\u00adbar Los Parciales de Evaluaci\u00f3n Te\u00f3rico-Pr\u00e1ctica con nota promedio mayor o igual a 7(siete).<\/li>\n<li>Apro\u00adbar los Tra\u00adba\u00adjos Pr\u00e1c\u00adti\u00adcos de La\u00adbo\u00adra\u00adto\u00adrio (Informe) con nota mayor o igual a 7 (siete).<\/li>\n<li>La nota final ser\u00e1 una ponderaci\u00f3n de los parciales (60%), Laboratorio (10%) y Trabajo de Integraci\u00f3n final (30%) integrado por 2 alumnos m\u00e1ximo. Es opcional el Trabajo de Integraci\u00f3n Final para los que cumplan con estas condiciones.<\/li>\n<\/ul>\n<p><strong>PARA APROBACION<\/strong><\/p>\n<ul>\n<li>Tener ins\u00adcrip\u00adci\u00f3n re\u00adgu\u00adlar en la asig\u00adna\u00adtu\u00adra.<\/li>\n<li>Tener 60% o m\u00e1s de asis\u00adten\u00adcia a las cla\u00adses te\u00f3\u00adri\u00adcas y pr\u00e1c\u00adti\u00adcas.<\/li>\n<li>Apro\u00adbar los Parciales de Evaluaci\u00f3n Te\u00f3rico-Pr\u00e1ctica con nota mayor o igual a 4 (cuatro) y menor que 7 (siete). No se redondea a la nota inmediata superior, tiene 2 decimales la misma.<\/li>\n<li>Apro\u00adbar los Tra\u00adba\u00adjos Pr\u00e1c\u00adti\u00adcos de La\u00adbo\u00adra\u00adto\u00adrio (Informe) con nota mayor que 6 (seis)<\/li>\n<li>Rea\u00adli\u00adzar y Apro\u00adbar un Tra\u00adba\u00adjo de Integraci\u00f3n Final en forma obligatoria<\/li>\n<li>La nota final ser\u00e1 una ponderaci\u00f3n de los parciales (40%), Laboratorio (10%) y Trabajo de Integraci\u00f3n final (50%) integrado por 2 alumnos m\u00e1ximo.<\/li>\n<\/ul>\n<p>Los alumnos cuyo promedio de nota en los primeros 2 parciales sea mayor a 6, se les asignara el Trabajo de Integraci\u00f3n Final durante el cursado. Los dem\u00e1s se les asignara al finalizar el cursado.<\/p>\n<p>Los que tengan nota menor a 4 en cada Evaluativo Parcial deber\u00e1n recuperar los mismos posterior a la finalizaci\u00f3n de clases. Ser\u00e1 Eliminatorio la desaprobaci\u00f3n de cualquier Evaluativo. Ser\u00e1n considerados Libres los que desaprueben. Los que Aprueben quedaran en la condici\u00f3n <strong>Para Aprobaci\u00f3n<\/strong> antes mencionada.<\/p>\n<p>Cualquier Situaci\u00f3n no contemplada en el cumplimiento del R\u00e9gimen de Aprobaci\u00f3n ser\u00e1 resuelta por la Catedra.<\/p>\n","protected":false},"excerpt":{"rendered":"<p>AC\u00adTI\u00adVI\u00adDA\u00adDES Se desa\u00adrro\u00adlla\u00adran 2 cla\u00adses te\u00f3\u00adri\u00adco-pr\u00e1cticas se\u00adma\u00adna\u00adles de 3 horas c\/u (lunes y viernes) en las que se ex\u00adpo\u00adnen los fun\u00adda\u00admen\u00adtos te\u00f3\u00adri\u00adcos, se rea\u00adli\u00adzan ejem\u00adplos y se re\u00adco\u00admien\u00adda bi\u00adblio\u00adgra\u00adf\u00eda. Los Tra\u00adba\u00adjos Pr\u00e1c\u00adti\u00adcos de re\u00adso\u00adlu\u00adci\u00f3n de pro\u00adble\u00admas y si\u00admu\u00adla\u00adci\u00f3n se desa\u00adrro\u00adlla\u00adn como ejercitaci\u00f3n para los parciales. No es necesaria su presentaci\u00f3n. Los Tra\u00adba\u00adjos Pr\u00e1c\u00adti\u00adcos de La\u00adbo\u00adra\u00adto\u00adrio [&hellip;]<\/p>\n","protected":false},"author":1,"featured_media":0,"parent":0,"menu_order":1,"comment_status":"closed","ping_status":"closed","template":"","meta":[],"_links":{"self":[{"href":"https:\/\/catedras.facet.unt.edu.ar\/epot\/wp-json\/wp\/v2\/pages\/2"}],"collection":[{"href":"https:\/\/catedras.facet.unt.edu.ar\/epot\/wp-json\/wp\/v2\/pages"}],"about":[{"href":"https:\/\/catedras.facet.unt.edu.ar\/epot\/wp-json\/wp\/v2\/types\/page"}],"author":[{"embeddable":true,"href":"https:\/\/catedras.facet.unt.edu.ar\/epot\/wp-json\/wp\/v2\/users\/1"}],"replies":[{"embeddable":true,"href":"https:\/\/catedras.facet.unt.edu.ar\/epot\/wp-json\/wp\/v2\/comments?post=2"}],"version-history":[{"count":15,"href":"https:\/\/catedras.facet.unt.edu.ar\/epot\/wp-json\/wp\/v2\/pages\/2\/revisions"}],"predecessor-version":[{"id":1274,"href":"https:\/\/catedras.facet.unt.edu.ar\/epot\/wp-json\/wp\/v2\/pages\/2\/revisions\/1274"}],"wp:attachment":[{"href":"https:\/\/catedras.facet.unt.edu.ar\/epot\/wp-json\/wp\/v2\/media?parent=2"}],"curies":[{"name":"wp","href":"https:\/\/api.w.org\/{rel}","templated":true}]}}