{"id":2,"date":"2013-11-22T14:58:07","date_gmt":"2013-11-22T14:58:07","guid":{"rendered":"https:\/\/catedras.facet.unt.edu.ar\/sitio1\/?page_id=2"},"modified":"2015-11-28T11:13:50","modified_gmt":"2015-11-28T14:13:50","slug":"pagina-ejemplo","status":"publish","type":"page","link":"https:\/\/catedras.facet.unt.edu.ar\/energiasrenovables\/pagina-ejemplo\/","title":{"rendered":"Documentos de Estudio"},"content":{"rendered":"<p>Notas de clases:<\/p>\n<p>&nbsp;<\/p>\n<p><a href=\"https:\/\/catedras.facet.unt.edu.ar\/energiasrenovables\/wp-content\/uploads\/sites\/21\/2015\/11\/EERR-1-Introducci\u00f3n.pdf\">EERR- 1 Introducci\u00f3n<\/a><\/p>\n<p><a href=\"https:\/\/catedras.facet.unt.edu.ar\/energiasrenovables\/wp-content\/uploads\/sites\/21\/2015\/11\/EERR-2-Geometr\u00eda-Solar.pdf\">EERR- 2 Geometr\u00eda Solar<\/a><\/p>\n<p><a href=\"https:\/\/catedras.facet.unt.edu.ar\/energiasrenovables\/wp-content\/uploads\/sites\/21\/2015\/11\/EERR-3-Radiaci\u00f3n-Solar.pdf\">EERR- 3 Radiaci\u00f3n Solar<\/a><\/p>\n<p><a href=\"https:\/\/catedras.facet.unt.edu.ar\/energiasrenovables\/wp-content\/uploads\/sites\/21\/2015\/11\/EERR-4-Sistemas-Fotovoltaicos.pdf\">EERR- 4 Sistemas Fotovoltaicos<\/a><\/p>\n<p><a href=\"https:\/\/catedras.facet.unt.edu.ar\/energiasrenovables\/wp-content\/uploads\/sites\/21\/2015\/11\/EERR-5-Energ\u00eda-E\u00f3lica.pdf\">EERR- 5 Energ\u00eda E\u00f3lica<\/a><\/p>\n<p><a href=\"https:\/\/catedras.facet.unt.edu.ar\/energiasrenovables\/wp-content\/uploads\/sites\/21\/2015\/11\/EERR-6-Otras-Tecnolog\u00edas.pdf\">EERR- 6 Otras Tecnolog\u00edas<\/a><\/p>\n<p><a href=\"https:\/\/catedras.facet.unt.edu.ar\/energiasrenovables\/wp-content\/uploads\/sites\/21\/2015\/11\/EERR-7-Argentina.pdf\">EERR- 7 Argentina<\/a><\/p>\n<p>&nbsp;<\/p>\n<p>&nbsp;<\/p>\n","protected":false},"excerpt":{"rendered":"<p>Notas de clases: &nbsp; EERR- 1 Introducci\u00f3n EERR- 2 Geometr\u00eda Solar EERR- 3 Radiaci\u00f3n Solar EERR- 4 Sistemas Fotovoltaicos EERR- 5 Energ\u00eda E\u00f3lica EERR- 6 Otras Tecnolog\u00edas EERR- 7 Argentina &nbsp; &nbsp;<\/p>\n","protected":false},"author":1,"featured_media":0,"parent":0,"menu_order":0,"comment_status":"closed","ping_status":"closed","template":"","meta":[],"_links":{"self":[{"href":"https:\/\/catedras.facet.unt.edu.ar\/energiasrenovables\/wp-json\/wp\/v2\/pages\/2"}],"collection":[{"href":"https:\/\/catedras.facet.unt.edu.ar\/energiasrenovables\/wp-json\/wp\/v2\/pages"}],"about":[{"href":"https:\/\/catedras.facet.unt.edu.ar\/energiasrenovables\/wp-json\/wp\/v2\/types\/page"}],"author":[{"embeddable":true,"href":"https:\/\/catedras.facet.unt.edu.ar\/energiasrenovables\/wp-json\/wp\/v2\/users\/1"}],"replies":[{"embeddable":true,"href":"https:\/\/catedras.facet.unt.edu.ar\/energiasrenovables\/wp-json\/wp\/v2\/comments?post=2"}],"version-history":[{"count":9,"href":"https:\/\/catedras.facet.unt.edu.ar\/energiasrenovables\/wp-json\/wp\/v2\/pages\/2\/revisions"}],"predecessor-version":[{"id":71,"href":"https:\/\/catedras.facet.unt.edu.ar\/energiasrenovables\/wp-json\/wp\/v2\/pages\/2\/revisions\/71"}],"wp:attachment":[{"href":"https:\/\/catedras.facet.unt.edu.ar\/energiasrenovables\/wp-json\/wp\/v2\/media?parent=2"}],"curies":[{"name":"wp","href":"https:\/\/api.w.org\/{rel}","templated":true}]}}