{"id":75,"date":"2017-02-02T20:49:25","date_gmt":"2017-02-02T23:49:25","guid":{"rendered":"https:\/\/catedras.facet.unt.edu.ar\/electromagnetismo_optica\/?page_id=75"},"modified":"2017-09-03T12:18:57","modified_gmt":"2017-09-03T15:18:57","slug":"horarios","status":"publish","type":"page","link":"https:\/\/catedras.facet.unt.edu.ar\/electromagnetismo_optica\/horarios\/","title":{"rendered":"Horarios"},"content":{"rendered":"<p>Las clases son te\u00f3rico pr\u00e1cticas<\/p>\n<p>Permanece el horario de lunes y jueves de 10:00h a 13:00h en el aula 2- 4 -2<\/p>\n<p>Los horarios de consultas dependen de los profesores.<\/p>\n<p>Patricia C\u00e1ceres: Los mi\u00e9rcoles de 10:00h a 13:00h en 2-2-8<\/p>\n<p>Mar\u00eda Laura Molina: Los viernes de 10:00 a 12:00 en el aula 2-3-5 <strong><em>HUBO CAMBIOS<\/em><\/strong><\/p>\n","protected":false},"excerpt":{"rendered":"<p>Las clases son te\u00f3rico pr\u00e1cticas Permanece el horario de lunes y jueves de 10:00h a 13:00h en el aula 2- 4 -2 Los horarios de consultas dependen de los profesores. Patricia C\u00e1ceres: Los mi\u00e9rcoles de 10:00h a 13:00h en 2-2-8 Mar\u00eda Laura Molina: Los viernes de 10:00 a 12:00 en el aula 2-3-5 HUBO CAMBIOS<\/p>\n","protected":false},"author":101119,"featured_media":0,"parent":0,"menu_order":0,"comment_status":"closed","ping_status":"closed","template":"","meta":[],"_links":{"self":[{"href":"https:\/\/catedras.facet.unt.edu.ar\/electromagnetismo_optica\/wp-json\/wp\/v2\/pages\/75"}],"collection":[{"href":"https:\/\/catedras.facet.unt.edu.ar\/electromagnetismo_optica\/wp-json\/wp\/v2\/pages"}],"about":[{"href":"https:\/\/catedras.facet.unt.edu.ar\/electromagnetismo_optica\/wp-json\/wp\/v2\/types\/page"}],"author":[{"embeddable":true,"href":"https:\/\/catedras.facet.unt.edu.ar\/electromagnetismo_optica\/wp-json\/wp\/v2\/users\/101119"}],"replies":[{"embeddable":true,"href":"https:\/\/catedras.facet.unt.edu.ar\/electromagnetismo_optica\/wp-json\/wp\/v2\/comments?post=75"}],"version-history":[{"count":6,"href":"https:\/\/catedras.facet.unt.edu.ar\/electromagnetismo_optica\/wp-json\/wp\/v2\/pages\/75\/revisions"}],"predecessor-version":[{"id":306,"href":"https:\/\/catedras.facet.unt.edu.ar\/electromagnetismo_optica\/wp-json\/wp\/v2\/pages\/75\/revisions\/306"}],"wp:attachment":[{"href":"https:\/\/catedras.facet.unt.edu.ar\/electromagnetismo_optica\/wp-json\/wp\/v2\/media?parent=75"}],"curies":[{"name":"wp","href":"https:\/\/api.w.org\/{rel}","templated":true}]}}