{"id":61,"date":"2017-01-27T19:09:04","date_gmt":"2017-01-27T22:09:04","guid":{"rendered":"https:\/\/catedras.facet.unt.edu.ar\/electromagnetismo_optica\/?page_id=61"},"modified":"2018-02-19T20:05:27","modified_gmt":"2018-02-19T23:05:27","slug":"practicos-2016","status":"publish","type":"page","link":"https:\/\/catedras.facet.unt.edu.ar\/electromagnetismo_optica\/practicos-anos-anteriores\/practicos-2016\/","title":{"rendered":"Pr\u00e1cticos 2016"},"content":{"rendered":"<p>Los trabajos pr\u00e1cticos que usamos en 2016 est\u00e1n abajo.<\/p>\n<p>Primer cuatrimestre<br \/>\n<a href=\"https:\/\/catedras.facet.unt.edu.ar\/electromagnetismo_optica\/wp-content\/uploads\/sites\/113\/2017\/01\/2016-1a-prueba.pdf\">2016 1a prueba<\/a><\/p>\n<p><a href=\"https:\/\/catedras.facet.unt.edu.ar\/electromagnetismo_optica\/wp-content\/uploads\/sites\/113\/2017\/01\/2016-2a-prueba.pdf\">2016 2a prueba<\/a><\/p>\n<p><a href=\"https:\/\/catedras.facet.unt.edu.ar\/electromagnetismo_optica\/wp-content\/uploads\/sites\/113\/2017\/01\/2016-TP1.pdf\">2016 TP1<\/a><\/p>\n<p><a href=\"https:\/\/catedras.facet.unt.edu.ar\/electromagnetismo_optica\/wp-content\/uploads\/sites\/113\/2017\/01\/2016-TP2.pdf\">2016 TP2<\/a><\/p>\n<p><a href=\"https:\/\/catedras.facet.unt.edu.ar\/electromagnetismo_optica\/wp-content\/uploads\/sites\/113\/2017\/01\/2016-TP3.pdf\">2016 TP3<\/a><\/p>\n<p><a href=\"https:\/\/catedras.facet.unt.edu.ar\/electromagnetismo_optica\/wp-content\/uploads\/sites\/113\/2017\/01\/2016-TP4.pdf\">2016 TP4<\/a><\/p>\n<p><a href=\"https:\/\/catedras.facet.unt.edu.ar\/electromagnetismo_optica\/wp-content\/uploads\/sites\/113\/2017\/01\/2016-TP5.pdf\">2016 TP5<\/a><\/p>\n<p><a href=\"https:\/\/catedras.facet.unt.edu.ar\/electromagnetismo_optica\/wp-content\/uploads\/sites\/113\/2017\/01\/2016-TP6.pdf\">2016 TP6<\/a><\/p>\n<p><a href=\"https:\/\/catedras.facet.unt.edu.ar\/electromagnetismo_optica\/wp-content\/uploads\/sites\/113\/2017\/01\/2016-TP7.pdf\">2016 TP7<\/a><\/p>\n<p>Segundo cuatrimestre<br \/>\n<a href=\"https:\/\/catedras.facet.unt.edu.ar\/electromagnetismo_optica\/wp-content\/uploads\/sites\/113\/2017\/01\/2016b-1a-prueba-fisica.pdf\">2016b 1a prueba fisica<\/a><\/p>\n<p><a href=\"https:\/\/catedras.facet.unt.edu.ar\/electromagnetismo_optica\/wp-content\/uploads\/sites\/113\/2017\/01\/2016b-1a-prueba-matematica.pdf\">2016b 1a prueba matematica<\/a><\/p>\n<p><a href=\"https:\/\/catedras.facet.unt.edu.ar\/electromagnetismo_optica\/wp-content\/uploads\/sites\/113\/2017\/01\/2016b-2da-prueba.pdf\">2016b 2da prueba<\/a><\/p>\n<p><a href=\"https:\/\/catedras.facet.unt.edu.ar\/electromagnetismo_optica\/wp-content\/uploads\/sites\/113\/2017\/01\/2016b-TP1.pdf\">2016b TP1<\/a><\/p>\n<p><a href=\"https:\/\/catedras.facet.unt.edu.ar\/electromagnetismo_optica\/wp-content\/uploads\/sites\/113\/2017\/01\/2016b-TP2.pdf\">2016b TP2<\/a><\/p>\n<p><a href=\"https:\/\/catedras.facet.unt.edu.ar\/electromagnetismo_optica\/wp-content\/uploads\/sites\/113\/2017\/01\/2016b-TP3.pdf\">2016b TP3<\/a><\/p>\n<p><a href=\"https:\/\/catedras.facet.unt.edu.ar\/electromagnetismo_optica\/wp-content\/uploads\/sites\/113\/2017\/01\/2016b-TP4.pdf\">2016b TP4<\/a><\/p>\n<p><a href=\"https:\/\/catedras.facet.unt.edu.ar\/electromagnetismo_optica\/wp-content\/uploads\/sites\/113\/2017\/01\/2016b-TP5.pdf\">2016b TP5<\/a><\/p>\n<p><a href=\"https:\/\/catedras.facet.unt.edu.ar\/electromagnetismo_optica\/wp-content\/uploads\/sites\/113\/2017\/01\/2016b-TP6.pdf\">2016b TP6<\/a><\/p>\n<p><a href=\"https:\/\/catedras.facet.unt.edu.ar\/electromagnetismo_optica\/wp-content\/uploads\/sites\/113\/2017\/01\/2016b-TP7.pdf\">2016b TP7<\/a><\/p>\n<p><a href=\"https:\/\/catedras.facet.unt.edu.ar\/electromagnetismo_optica\/wp-content\/uploads\/sites\/113\/2017\/01\/2016b-TP8.pdf\">2016b TP8<\/a><\/p>\n<p><a href=\"https:\/\/catedras.facet.unt.edu.ar\/electromagnetismo_optica\/wp-content\/uploads\/sites\/113\/2017\/01\/2016b-TP9.pdf\">2016b TP9<\/a><\/p>\n","protected":false},"excerpt":{"rendered":"<p>Los trabajos pr\u00e1cticos que usamos en 2016 est\u00e1n abajo. Primer cuatrimestre 2016 1a prueba 2016 2a prueba 2016 TP1 2016 TP2 2016 TP3 2016 TP4 2016 TP5 2016 TP6 2016 TP7 Segundo cuatrimestre 2016b 1a prueba fisica 2016b 1a prueba matematica 2016b 2da prueba 2016b TP1 2016b TP2 2016b TP3 2016b TP4 2016b TP5 2016b [&hellip;]<\/p>\n","protected":false},"author":101119,"featured_media":0,"parent":355,"menu_order":0,"comment_status":"closed","ping_status":"closed","template":"","meta":[],"_links":{"self":[{"href":"https:\/\/catedras.facet.unt.edu.ar\/electromagnetismo_optica\/wp-json\/wp\/v2\/pages\/61"}],"collection":[{"href":"https:\/\/catedras.facet.unt.edu.ar\/electromagnetismo_optica\/wp-json\/wp\/v2\/pages"}],"about":[{"href":"https:\/\/catedras.facet.unt.edu.ar\/electromagnetismo_optica\/wp-json\/wp\/v2\/types\/page"}],"author":[{"embeddable":true,"href":"https:\/\/catedras.facet.unt.edu.ar\/electromagnetismo_optica\/wp-json\/wp\/v2\/users\/101119"}],"replies":[{"embeddable":true,"href":"https:\/\/catedras.facet.unt.edu.ar\/electromagnetismo_optica\/wp-json\/wp\/v2\/comments?post=61"}],"version-history":[{"count":5,"href":"https:\/\/catedras.facet.unt.edu.ar\/electromagnetismo_optica\/wp-json\/wp\/v2\/pages\/61\/revisions"}],"predecessor-version":[{"id":358,"href":"https:\/\/catedras.facet.unt.edu.ar\/electromagnetismo_optica\/wp-json\/wp\/v2\/pages\/61\/revisions\/358"}],"up":[{"embeddable":true,"href":"https:\/\/catedras.facet.unt.edu.ar\/electromagnetismo_optica\/wp-json\/wp\/v2\/pages\/355"}],"wp:attachment":[{"href":"https:\/\/catedras.facet.unt.edu.ar\/electromagnetismo_optica\/wp-json\/wp\/v2\/media?parent=61"}],"curies":[{"name":"wp","href":"https:\/\/api.w.org\/{rel}","templated":true}]}}