{"id":60,"date":"2017-01-27T19:09:03","date_gmt":"2017-01-27T22:09:03","guid":{"rendered":"https:\/\/catedras.facet.unt.edu.ar\/electromagnetismo_optica\/?page_id=60"},"modified":"2017-02-04T12:36:36","modified_gmt":"2017-02-04T15:36:36","slug":"programa-y-condiciones","status":"publish","type":"page","link":"https:\/\/catedras.facet.unt.edu.ar\/electromagnetismo_optica\/programa-y-condiciones\/","title":{"rendered":"Programa y condiciones"},"content":{"rendered":"<p><strong>R\u00e9gimen de las Asignaturas F\u00edsica Experimental II, Electricidad y Magnetismo, Ondas Electromagn\u00e9ticas y \u00d3ptica<\/strong><\/p>\n<p>Distribuci\u00f3n de la carga horaria semanal:<\/p>\n<p>5 h. semanales &#8211; Te\u00f3rico Pr\u00e1ctico grupal<\/p>\n<p>5 h. semanales &#8211; Te\u00f3rico Pr\u00e1ctico en grupos reducidos, como horarios de consultas<\/p>\n<p>La C\u00e1tedra ofrece otros Horarios de Consultas distribuidos en todos los d\u00edas de la semana, por la ma\u00f1ana y\/o por la tarde, a los que pueden asistir libremente los alumnos de todas las carreras.<\/p>\n<p><strong>Sistema de evaluaci\u00f3n para la regularizaci\u00f3n o promoci\u00f3n<\/strong><\/p>\n<p>Para regularizar y aprobar la asignatura hay dos reg\u00edmenes:<\/p>\n<ol>\n<li>a) por promoci\u00f3n directa sin examen final<\/li>\n<li>b) por promoci\u00f3n con examen final<\/li>\n<\/ol>\n<p>En ambos casos para alcanzar la regularidad de la asignatura, debe cumplirse con el requisito de haber asistido como m\u00ednimo al\u00a0 80% de las actividades programadas.<\/p>\n<p>En el sistema a) el alumno debe aprobar las tareas que la c\u00e1tedra le asigna (desarrollar y defender un trabajo experimental asignado a partir de temas de actualidad) y obtener una nota m\u00ednima en el parcial de ocho (8) los que crusan carrera en F\u00edsica y siete (7) los de Matem\u00e1tica. Es la evaluaci\u00f3n de producto.<\/p>\n<p>Influye la evaluaci\u00f3n continua en las clases para mejorar la nota (evaluaci\u00f3n de proceso). El alumno que cumple con estas exigencias es promovido sin el examen final tradicional.<\/p>\n<p>En el sistema b) debe aprobar el parcial o las recuperaciones con nota menor que ocho (8) y mayor o igual a cuatro (4). Para aprobar la asignatura, se debe rendir un examen final.<\/p>\n<p>El sistema de calificaci\u00f3n es el de la Facultad, es decir con\u00a0 escala 1-10.<\/p>\n<p><strong>\u00a0<\/strong><\/p>\n","protected":false},"excerpt":{"rendered":"<p>R\u00e9gimen de las Asignaturas F\u00edsica Experimental II, Electricidad y Magnetismo, Ondas Electromagn\u00e9ticas y \u00d3ptica Distribuci\u00f3n de la carga horaria semanal: 5 h. semanales &#8211; Te\u00f3rico Pr\u00e1ctico grupal 5 h. semanales &#8211; Te\u00f3rico Pr\u00e1ctico en grupos reducidos, como horarios de consultas La C\u00e1tedra ofrece otros Horarios de Consultas distribuidos en todos los d\u00edas de la semana, [&hellip;]<\/p>\n","protected":false},"author":101119,"featured_media":0,"parent":0,"menu_order":0,"comment_status":"closed","ping_status":"closed","template":"","meta":[],"_links":{"self":[{"href":"https:\/\/catedras.facet.unt.edu.ar\/electromagnetismo_optica\/wp-json\/wp\/v2\/pages\/60"}],"collection":[{"href":"https:\/\/catedras.facet.unt.edu.ar\/electromagnetismo_optica\/wp-json\/wp\/v2\/pages"}],"about":[{"href":"https:\/\/catedras.facet.unt.edu.ar\/electromagnetismo_optica\/wp-json\/wp\/v2\/types\/page"}],"author":[{"embeddable":true,"href":"https:\/\/catedras.facet.unt.edu.ar\/electromagnetismo_optica\/wp-json\/wp\/v2\/users\/101119"}],"replies":[{"embeddable":true,"href":"https:\/\/catedras.facet.unt.edu.ar\/electromagnetismo_optica\/wp-json\/wp\/v2\/comments?post=60"}],"version-history":[{"count":4,"href":"https:\/\/catedras.facet.unt.edu.ar\/electromagnetismo_optica\/wp-json\/wp\/v2\/pages\/60\/revisions"}],"predecessor-version":[{"id":187,"href":"https:\/\/catedras.facet.unt.edu.ar\/electromagnetismo_optica\/wp-json\/wp\/v2\/pages\/60\/revisions\/187"}],"wp:attachment":[{"href":"https:\/\/catedras.facet.unt.edu.ar\/electromagnetismo_optica\/wp-json\/wp\/v2\/media?parent=60"}],"curies":[{"name":"wp","href":"https:\/\/api.w.org\/{rel}","templated":true}]}}