{"id":180,"date":"2017-02-04T12:28:39","date_gmt":"2017-02-04T15:28:39","guid":{"rendered":"https:\/\/catedras.facet.unt.edu.ar\/electromagnetismo_optica\/?page_id=180"},"modified":"2017-02-04T12:30:12","modified_gmt":"2017-02-04T15:30:12","slug":"bibliografia-basica","status":"publish","type":"page","link":"https:\/\/catedras.facet.unt.edu.ar\/electromagnetismo_optica\/programa-y-condiciones\/bibliografia-basica\/","title":{"rendered":"Bibliograf\u00eda B\u00e1sica"},"content":{"rendered":"<p>Usamos cualquier libro de nivel universitario que tengas en tu casa o que puedas pedir en la biblioteca de la FACET. Tomo 2 de las colecciones de dos tomos, salvo con la vieja edici\u00f3n de Sears que tiene 2 y 3 (est\u00e1n en la Biblioteca)<\/p>\n<p>Si vas a comprar, primero busc\u00e1 en la Biblioteca qu\u00e9 autor te gusta m\u00e1s, te explica en lenguaje que te resulta ameno y entendible y lo comentamos en la clase. Despu\u00e9s te decid\u00eds. As\u00ed vienen haciendo los que ya cursaron.<\/p>\n<p>Tambi\u00e9n le pod\u00e9s preguntar a esos estudiantes.<\/p>\n<p>Algunos de los t\u00edtulos generalmente recomendados son:<\/p>\n<ul>\n<li>Alonso y Finn, 1995. F\u00edsica. Ed. Addison-Wesley<\/li>\n<li>Eisberg R. y Lerner l, 1984, F\u00edsica: Fundamentos y aplicaciones, Vol. II, McGraw Hill<\/li>\n<li>Hecht y Zajac, 1987, \u00d3ptica, Revert\u00e9.<\/li>\n<li>Hecht E., 1999, F\u00edsica con \u00c1lgebra y Trigonometr\u00eda, Tomo 2, 2\u00aa edici\u00f3n, International Thomson Editores, M\u00e9xico.<\/li>\n<li>Resnick, Halliday y Krane. F\u00edsica, Vol 2, 4\u00aaedici\u00f3n, Ed CECSA<\/li>\n<li>Sears, Tomos 2 y 3.<\/li>\n<li>Serway R, Jewett J, 2007, F\u00edsica para Ciencias e Ingenier\u00edas, Vol.2, 6\u00aa edici\u00f3n, Thomson Editores, M\u00e9xico<\/li>\n<li>Tipler, P. 2001. F\u00edsica para estudiantes de Ciencias y Tecnolog\u00eda, Tomo 2, 4\u00aa edici\u00f3n. Revert\u00e9<\/li>\n<\/ul>\n","protected":false},"excerpt":{"rendered":"<p>Usamos cualquier libro de nivel universitario que tengas en tu casa o que puedas pedir en la biblioteca de la FACET. Tomo 2 de las colecciones de dos tomos, salvo con la vieja edici\u00f3n de Sears que tiene 2 y 3 (est\u00e1n en la Biblioteca) Si vas a comprar, primero busc\u00e1 en la Biblioteca qu\u00e9 [&hellip;]<\/p>\n","protected":false},"author":101119,"featured_media":0,"parent":60,"menu_order":0,"comment_status":"closed","ping_status":"closed","template":"","meta":[],"_links":{"self":[{"href":"https:\/\/catedras.facet.unt.edu.ar\/electromagnetismo_optica\/wp-json\/wp\/v2\/pages\/180"}],"collection":[{"href":"https:\/\/catedras.facet.unt.edu.ar\/electromagnetismo_optica\/wp-json\/wp\/v2\/pages"}],"about":[{"href":"https:\/\/catedras.facet.unt.edu.ar\/electromagnetismo_optica\/wp-json\/wp\/v2\/types\/page"}],"author":[{"embeddable":true,"href":"https:\/\/catedras.facet.unt.edu.ar\/electromagnetismo_optica\/wp-json\/wp\/v2\/users\/101119"}],"replies":[{"embeddable":true,"href":"https:\/\/catedras.facet.unt.edu.ar\/electromagnetismo_optica\/wp-json\/wp\/v2\/comments?post=180"}],"version-history":[{"count":3,"href":"https:\/\/catedras.facet.unt.edu.ar\/electromagnetismo_optica\/wp-json\/wp\/v2\/pages\/180\/revisions"}],"predecessor-version":[{"id":184,"href":"https:\/\/catedras.facet.unt.edu.ar\/electromagnetismo_optica\/wp-json\/wp\/v2\/pages\/180\/revisions\/184"}],"up":[{"embeddable":true,"href":"https:\/\/catedras.facet.unt.edu.ar\/electromagnetismo_optica\/wp-json\/wp\/v2\/pages\/60"}],"wp:attachment":[{"href":"https:\/\/catedras.facet.unt.edu.ar\/electromagnetismo_optica\/wp-json\/wp\/v2\/media?parent=180"}],"curies":[{"name":"wp","href":"https:\/\/api.w.org\/{rel}","templated":true}]}}