{"id":173,"date":"2017-02-04T12:18:34","date_gmt":"2017-02-04T15:18:34","guid":{"rendered":"https:\/\/catedras.facet.unt.edu.ar\/electromagnetismo_optica\/?page_id=173"},"modified":"2017-02-04T12:23:34","modified_gmt":"2017-02-04T15:23:34","slug":"programa-electricidad-y-magnetismo","status":"publish","type":"page","link":"https:\/\/catedras.facet.unt.edu.ar\/electromagnetismo_optica\/programa-y-condiciones\/programa-electricidad-y-magnetismo\/","title":{"rendered":"Programa Electricidad y Magnetismo"},"content":{"rendered":"<p>El programa puede bajarse de esta direcci\u00f3n:<a href=\"https:\/\/catedras.facet.unt.edu.ar\/electromagnetismo_optica\/wp-content\/uploads\/sites\/113\/2017\/02\/iceberg.png\"><img loading=\"lazy\" class=\"wp-image-171 alignright\" src=\"https:\/\/catedras.facet.unt.edu.ar\/electromagnetismo_optica\/wp-content\/uploads\/sites\/113\/2017\/02\/iceberg-239x300.png\" alt=\"\" width=\"65\" height=\"82\" \/><\/a><\/p>\n<p><a href=\"https:\/\/catedras.facet.unt.edu.ar\/electromagnetismo_optica\/wp-content\/uploads\/sites\/113\/2017\/02\/Lic-BUF-y-Prof-Fisica-programa-EyM.pdf\">Lic BUF y Prof Fisica programa EyM<\/a><\/p>\n<p>Los temas que se ven durante el primer cuatrimestre tienen que ver con la TEOR\u00cdA DE CAMPOS, con herramientas del c\u00e1lculo integral.<\/p>\n<p>EL CAMPO E(P)<\/p>\n<ul>\n<li>La interacci\u00f3n electrost\u00e1tica. Ley de Coulomb.<\/li>\n<li>Potencial y Campo El\u00e9ctrico. Representaciones de campo y potencial el\u00e9ctrico: l\u00edneas de campo y superficies equipotenciales. Energ\u00eda el\u00e9ctrica. Ley de Gauss.<\/li>\n<li>\u00a0Modelado de corriente el\u00e9ctrica en conductores met\u00e1licos y en soluciones electrol\u00edticas.<\/li>\n<\/ul>\n<p>EL CAMPO B(P)<\/p>\n<ul>\n<li>Campo Magn\u00e9tico. Ley de Biot-Savart. Ley de Ampere.<\/li>\n<li>Inducci\u00f3n electromagn\u00e9tica. Ley de Faraday.\u00a0 Autoinducci\u00f3n e inducci\u00f3n mutua. Energ\u00eda magn\u00e9tica.<\/li>\n<li>Elementos de circuitos el\u00e9ctricos. Circuitos el\u00e9ctricos simples de c.c. y c.a.. Potencia. Energ\u00eda.<\/li>\n<\/ul>\n<p>LOS CAMPOS E(P,t) Y B(P,t)<\/p>\n<ul>\n<li>Corriente de desplazamiento. Campos el\u00e9ctricos inducidos no conservativos. Ecuaciones de Maxwell<\/li>\n<li>Ondas Electromagn\u00e9ticas. Vector de Poynting. Generaci\u00f3n de ondas electromagn\u00e9ticas. Espectro visible. Propagaci\u00f3n de ondas electromagn\u00e9ticas<\/li>\n<\/ul>\n<p>&nbsp;<\/p>\n","protected":false},"excerpt":{"rendered":"<p>El programa puede bajarse de esta direcci\u00f3n: Lic BUF y Prof Fisica programa EyM Los temas que se ven durante el primer cuatrimestre tienen que ver con la TEOR\u00cdA DE CAMPOS, con herramientas del c\u00e1lculo integral. EL CAMPO E(P) La interacci\u00f3n electrost\u00e1tica. Ley de Coulomb. Potencial y Campo El\u00e9ctrico. Representaciones de campo y potencial el\u00e9ctrico: [&hellip;]<\/p>\n","protected":false},"author":101119,"featured_media":0,"parent":60,"menu_order":0,"comment_status":"closed","ping_status":"closed","template":"","meta":[],"_links":{"self":[{"href":"https:\/\/catedras.facet.unt.edu.ar\/electromagnetismo_optica\/wp-json\/wp\/v2\/pages\/173"}],"collection":[{"href":"https:\/\/catedras.facet.unt.edu.ar\/electromagnetismo_optica\/wp-json\/wp\/v2\/pages"}],"about":[{"href":"https:\/\/catedras.facet.unt.edu.ar\/electromagnetismo_optica\/wp-json\/wp\/v2\/types\/page"}],"author":[{"embeddable":true,"href":"https:\/\/catedras.facet.unt.edu.ar\/electromagnetismo_optica\/wp-json\/wp\/v2\/users\/101119"}],"replies":[{"embeddable":true,"href":"https:\/\/catedras.facet.unt.edu.ar\/electromagnetismo_optica\/wp-json\/wp\/v2\/comments?post=173"}],"version-history":[{"count":2,"href":"https:\/\/catedras.facet.unt.edu.ar\/electromagnetismo_optica\/wp-json\/wp\/v2\/pages\/173\/revisions"}],"predecessor-version":[{"id":179,"href":"https:\/\/catedras.facet.unt.edu.ar\/electromagnetismo_optica\/wp-json\/wp\/v2\/pages\/173\/revisions\/179"}],"up":[{"embeddable":true,"href":"https:\/\/catedras.facet.unt.edu.ar\/electromagnetismo_optica\/wp-json\/wp\/v2\/pages\/60"}],"wp:attachment":[{"href":"https:\/\/catedras.facet.unt.edu.ar\/electromagnetismo_optica\/wp-json\/wp\/v2\/media?parent=173"}],"curies":[{"name":"wp","href":"https:\/\/api.w.org\/{rel}","templated":true}]}}