{"id":166,"date":"2017-02-04T11:49:29","date_gmt":"2017-02-04T14:49:29","guid":{"rendered":"https:\/\/catedras.facet.unt.edu.ar\/electromagnetismo_optica\/?page_id=166"},"modified":"2017-02-04T12:37:32","modified_gmt":"2017-02-04T15:37:32","slug":"programa-fisica-experimental-ii","status":"publish","type":"page","link":"https:\/\/catedras.facet.unt.edu.ar\/electromagnetismo_optica\/programa-y-condiciones\/programa-fisica-experimental-ii\/","title":{"rendered":"Programa F\u00edsica Experimental II"},"content":{"rendered":"<p>El programa puede bajarse desde esta direcci\u00f3n<a href=\"https:\/\/catedras.facet.unt.edu.ar\/electromagnetismo_optica\/wp-content\/uploads\/sites\/113\/2017\/02\/iceberg.png\"><img loading=\"lazy\" class=\"alignright wp-image-171 \" src=\"https:\/\/catedras.facet.unt.edu.ar\/electromagnetismo_optica\/wp-content\/uploads\/sites\/113\/2017\/02\/iceberg-150x150.png\" width=\"76\" height=\"76\" \/><\/a><\/p>\n<p><a href=\"https:\/\/catedras.facet.unt.edu.ar\/electromagnetismo_optica\/wp-content\/uploads\/sites\/113\/2017\/02\/Lic-y-Prof-Matematica-programas-FE2.pdf\">Lic y Prof Matematica programas FE2<\/a><\/p>\n<p>&nbsp;<\/p>\n<p>Los temas que se ven durante el a\u00f1o tienen que ver con la TEOR\u00cdA DE CAMPOS<\/p>\n<p>EL CAMPO E(P)<\/p>\n<ul>\n<li>La interacci\u00f3n electrost\u00e1tica. Ley de Coulomb.<\/li>\n<li>Potencial y Campo El\u00e9ctrico. Representaciones de campo y potencial el\u00e9ctrico: l\u00edneas de campo y superficies equipotenciales. Energ\u00eda el\u00e9ctrica. Ley de Gauss.<\/li>\n<li>\u00a0Modelado de corriente el\u00e9ctrica en conductores met\u00e1licos y en soluciones electrol\u00edticas.<\/li>\n<\/ul>\n<p>EL CAMPO B(P)<\/p>\n<ul>\n<li>Campo Magn\u00e9tico. Ley de Biot-Savart. Ley de Ampere.<\/li>\n<li>Inducci\u00f3n electromagn\u00e9tica. Ley de Faraday.\u00a0 Autoinducci\u00f3n e inducci\u00f3n mutua. Energ\u00eda magn\u00e9tica.<\/li>\n<li>Elementos de circuitos el\u00e9ctricos. Circuitos el\u00e9ctricos simples de c.c. y c.a.. Potencia. Energ\u00eda.<\/li>\n<\/ul>\n<p>LOS CAMPOS E(P,t) Y B(P,t)<\/p>\n<ul>\n<li>Corriente de desplazamiento. Campos el\u00e9ctricos inducidos no conservativos. Ecuaciones de Maxwell<\/li>\n<li>Ondas Electromagn\u00e9ticas. Vector de Poynting. Generaci\u00f3n de ondas electromagn\u00e9ticas. Espectro visible. Propagaci\u00f3n de ondas electromagn\u00e9ticas<\/li>\n<\/ul>\n<p>INTERACCI\u00d3N DE LOS CAMPOS EM CON MEDIOS MATERIALES<\/p>\n<p>\u00d3ptica Geom\u00e9trica y \u00d3ptica Ondulatoria.<\/p>\n<ul>\n<li>Leyes y principios. Fermat, Huygens, Snell, reflexi\u00f3n y refracci\u00f3n. \u00cdndice de refracci\u00f3n.<\/li>\n<li>\u00a0El ojo. Reflexi\u00f3n y refracci\u00f3n en superficies planas y curvas. Cuerpos limitados por superficies planas y curvas: Prismas y Lentes.<\/li>\n<li>Sistemas de lentes. Instrumentos \u00f3pticos b\u00e1sicos.<\/li>\n<li>Superposici\u00f3n de ondas electromagn\u00e9ticas. Difracci\u00f3n e Interferencia por sistemas de ranuras. Interferencia en pel\u00edculas delgadas. Espectros de Intensidades.<\/li>\n<li>Polarizaci\u00f3n de la luz. Luz lineal, circular y el\u00edpticamente polarizada.\u00a0 Producci\u00f3n de luz polarizada.<\/li>\n<\/ul>\n","protected":false},"excerpt":{"rendered":"<p>El programa puede bajarse desde esta direcci\u00f3n Lic y Prof Matematica programas FE2 &nbsp; Los temas que se ven durante el a\u00f1o tienen que ver con la TEOR\u00cdA DE CAMPOS EL CAMPO E(P) La interacci\u00f3n electrost\u00e1tica. Ley de Coulomb. Potencial y Campo El\u00e9ctrico. Representaciones de campo y potencial el\u00e9ctrico: l\u00edneas de campo y superficies equipotenciales. [&hellip;]<\/p>\n","protected":false},"author":101119,"featured_media":0,"parent":60,"menu_order":0,"comment_status":"closed","ping_status":"closed","template":"","meta":[],"_links":{"self":[{"href":"https:\/\/catedras.facet.unt.edu.ar\/electromagnetismo_optica\/wp-json\/wp\/v2\/pages\/166"}],"collection":[{"href":"https:\/\/catedras.facet.unt.edu.ar\/electromagnetismo_optica\/wp-json\/wp\/v2\/pages"}],"about":[{"href":"https:\/\/catedras.facet.unt.edu.ar\/electromagnetismo_optica\/wp-json\/wp\/v2\/types\/page"}],"author":[{"embeddable":true,"href":"https:\/\/catedras.facet.unt.edu.ar\/electromagnetismo_optica\/wp-json\/wp\/v2\/users\/101119"}],"replies":[{"embeddable":true,"href":"https:\/\/catedras.facet.unt.edu.ar\/electromagnetismo_optica\/wp-json\/wp\/v2\/comments?post=166"}],"version-history":[{"count":3,"href":"https:\/\/catedras.facet.unt.edu.ar\/electromagnetismo_optica\/wp-json\/wp\/v2\/pages\/166\/revisions"}],"predecessor-version":[{"id":172,"href":"https:\/\/catedras.facet.unt.edu.ar\/electromagnetismo_optica\/wp-json\/wp\/v2\/pages\/166\/revisions\/172"}],"up":[{"embeddable":true,"href":"https:\/\/catedras.facet.unt.edu.ar\/electromagnetismo_optica\/wp-json\/wp\/v2\/pages\/60"}],"wp:attachment":[{"href":"https:\/\/catedras.facet.unt.edu.ar\/electromagnetismo_optica\/wp-json\/wp\/v2\/media?parent=166"}],"curies":[{"name":"wp","href":"https:\/\/api.w.org\/{rel}","templated":true}]}}