{"id":81,"date":"2019-08-28T10:27:50","date_gmt":"2019-08-28T13:27:50","guid":{"rendered":"https:\/\/catedras.facet.unt.edu.ar\/eindi\/?page_id=81"},"modified":"2019-10-17T23:41:37","modified_gmt":"2019-10-18T02:41:37","slug":"trabajos-practicos","status":"publish","type":"page","link":"https:\/\/catedras.facet.unt.edu.ar\/eindi\/trabajos-practicos\/","title":{"rendered":"Trabajos Pr\u00e1cticos"},"content":{"rendered":"<h2 style=\"text-align: center;\"><strong>Ac\u00e1 podr\u00e1 descargar los trabajos pr\u00e1cticos a resolver durante el dictado de la materia.<\/strong><\/h2>\n<p>&nbsp;<\/p>\n<p><strong>Trabajos Pr\u00e1cticos de Resoluci\u00f3n de Problemas<\/strong><\/p>\n<p><a href=\"https:\/\/catedras.facet.unt.edu.ar\/eindi\/wp-content\/uploads\/sites\/133\/2019\/08\/TP01-2019.pdf\">TP01-2019<\/a><\/p>\n<p><a href=\"https:\/\/catedras.facet.unt.edu.ar\/eindi\/wp-content\/uploads\/sites\/133\/2019\/09\/TP02-2019.pdf\">TP02-2019<\/a><\/p>\n<p><a href=\"https:\/\/catedras.facet.unt.edu.ar\/eindi\/wp-content\/uploads\/sites\/133\/2019\/09\/TP03-2019.pdf\">TP03-2019<\/a><\/p>\n<p><a href=\"https:\/\/catedras.facet.unt.edu.ar\/eindi\/wp-content\/uploads\/sites\/133\/2019\/09\/TP04-2019.pdf\">TP04-2019<\/a><\/p>\n<p><a href=\"https:\/\/catedras.facet.unt.edu.ar\/eindi\/wp-content\/uploads\/sites\/133\/2019\/10\/TP05-2019.pdf\">TP05-2019<\/a><\/p>\n","protected":false},"excerpt":{"rendered":"<p>Ac\u00e1 podr\u00e1 descargar los trabajos pr\u00e1cticos a resolver durante el dictado de la materia. &nbsp; Trabajos Pr\u00e1cticos de Resoluci\u00f3n de Problemas TP01-2019 TP02-2019 TP03-2019 TP04-2019 TP05-2019<\/p>\n","protected":false},"author":101155,"featured_media":0,"parent":0,"menu_order":0,"comment_status":"closed","ping_status":"closed","template":"","meta":[],"_links":{"self":[{"href":"https:\/\/catedras.facet.unt.edu.ar\/eindi\/wp-json\/wp\/v2\/pages\/81"}],"collection":[{"href":"https:\/\/catedras.facet.unt.edu.ar\/eindi\/wp-json\/wp\/v2\/pages"}],"about":[{"href":"https:\/\/catedras.facet.unt.edu.ar\/eindi\/wp-json\/wp\/v2\/types\/page"}],"author":[{"embeddable":true,"href":"https:\/\/catedras.facet.unt.edu.ar\/eindi\/wp-json\/wp\/v2\/users\/101155"}],"replies":[{"embeddable":true,"href":"https:\/\/catedras.facet.unt.edu.ar\/eindi\/wp-json\/wp\/v2\/comments?post=81"}],"version-history":[{"count":8,"href":"https:\/\/catedras.facet.unt.edu.ar\/eindi\/wp-json\/wp\/v2\/pages\/81\/revisions"}],"predecessor-version":[{"id":105,"href":"https:\/\/catedras.facet.unt.edu.ar\/eindi\/wp-json\/wp\/v2\/pages\/81\/revisions\/105"}],"wp:attachment":[{"href":"https:\/\/catedras.facet.unt.edu.ar\/eindi\/wp-json\/wp\/v2\/media?parent=81"}],"curies":[{"name":"wp","href":"https:\/\/api.w.org\/{rel}","templated":true}]}}