{"id":74,"date":"2019-08-20T11:36:22","date_gmt":"2019-08-20T14:36:22","guid":{"rendered":"https:\/\/catedras.facet.unt.edu.ar\/eindi\/?page_id=74"},"modified":"2019-12-12T16:29:33","modified_gmt":"2019-12-12T19:29:33","slug":"transparente","status":"publish","type":"page","link":"https:\/\/catedras.facet.unt.edu.ar\/eindi\/transparente\/","title":{"rendered":"Transparente"},"content":{"rendered":"<p style=\"text-align: center;\"><span style=\"color: #ff00ff;\"><strong>Aqu\u00ed encontrar\u00e1 todas las novedades respecto del dictado de la materia.<\/strong><\/span><\/p>\n<hr \/>\n<p style=\"text-align: center;\"><strong>Ya est\u00e1n subidas las notas del 2do Parcial, y la situaci\u00f3n final de cada uno seg\u00fan el siguiente esquema:<\/strong><\/p>\n<p style=\"text-align: left;\"><strong><br \/>\n0: Debe recuperar uno o ambos parciales.<br \/>\n1: Est\u00e1 Regular. Puede optar por Rendir un Examen Final, Recuperar alg\u00fan Parcial para alcanzar la Promoci\u00f3n o Realizar una Monograf\u00eda.<br \/>\n2: Promocion\u00f3 la materia!!! Deber\u00e1 anotarse en alguna mesa para que se le pueda pasar su nota.<\/strong><\/p>\n<p>&nbsp;<\/p>\n<p style=\"text-align: left;\"><em>* * *El Viernes 20\/09 no habr\u00e1 clase pr\u00e1ctica * * *<\/em><\/p>\n<p><em>PRIMERA CLASE : Mi\u00e9rcoles 14\/8\/19 &#8211; 9:00 hs &#8211; Gabinete de Computaci\u00f3n 4-1-32<\/em><\/p>\n","protected":false},"excerpt":{"rendered":"<p>Aqu\u00ed encontrar\u00e1 todas las novedades respecto del dictado de la materia. Ya est\u00e1n subidas las notas del 2do Parcial, y la situaci\u00f3n final de cada uno seg\u00fan el siguiente esquema: 0: Debe recuperar uno o ambos parciales. 1: Est\u00e1 Regular. Puede optar por Rendir un Examen Final, Recuperar alg\u00fan Parcial para alcanzar la Promoci\u00f3n o [&hellip;]<\/p>\n","protected":false},"author":101155,"featured_media":0,"parent":0,"menu_order":0,"comment_status":"closed","ping_status":"closed","template":"","meta":[],"_links":{"self":[{"href":"https:\/\/catedras.facet.unt.edu.ar\/eindi\/wp-json\/wp\/v2\/pages\/74"}],"collection":[{"href":"https:\/\/catedras.facet.unt.edu.ar\/eindi\/wp-json\/wp\/v2\/pages"}],"about":[{"href":"https:\/\/catedras.facet.unt.edu.ar\/eindi\/wp-json\/wp\/v2\/types\/page"}],"author":[{"embeddable":true,"href":"https:\/\/catedras.facet.unt.edu.ar\/eindi\/wp-json\/wp\/v2\/users\/101155"}],"replies":[{"embeddable":true,"href":"https:\/\/catedras.facet.unt.edu.ar\/eindi\/wp-json\/wp\/v2\/comments?post=74"}],"version-history":[{"count":7,"href":"https:\/\/catedras.facet.unt.edu.ar\/eindi\/wp-json\/wp\/v2\/pages\/74\/revisions"}],"predecessor-version":[{"id":119,"href":"https:\/\/catedras.facet.unt.edu.ar\/eindi\/wp-json\/wp\/v2\/pages\/74\/revisions\/119"}],"wp:attachment":[{"href":"https:\/\/catedras.facet.unt.edu.ar\/eindi\/wp-json\/wp\/v2\/media?parent=74"}],"curies":[{"name":"wp","href":"https:\/\/api.w.org\/{rel}","templated":true}]}}