{"id":37,"date":"2014-08-12T11:49:09","date_gmt":"2014-08-12T14:49:09","guid":{"rendered":"https:\/\/catedras.facet.unt.edu.ar\/eindi\/home\/"},"modified":"2019-08-20T10:11:56","modified_gmt":"2019-08-20T13:11:56","slug":"home","status":"publish","type":"page","link":"https:\/\/catedras.facet.unt.edu.ar\/eindi\/","title":{"rendered":"Home"},"content":{"rendered":"<div id=\"pl-37\"  class=\"panel-layout\" ><div id=\"pg-37-0\"  class=\"panel-grid panel-no-style\" ><div id=\"pgc-37-0-0\"  class=\"panel-grid-cell\" ><div id=\"panel-37-0-0-0\" class=\"so-panel widget widget_sow-editor panel-first-child panel-last-child\" data-index=\"0\" ><div\n\t\t\t\n\t\t\tclass=\"so-widget-sow-editor so-widget-sow-editor-base\"\n\t\t\t\n\t\t>\n<div class=\"siteorigin-widget-tinymce textwidget\">\n\t<\/div>\n<\/div><\/div><\/div><\/div><div id=\"pg-37-1\"  class=\"panel-grid panel-has-style\" ><div class=\"wide-grey panel-row-style panel-row-style-for-37-1\" ><div id=\"pgc-37-1-0\"  class=\"panel-grid-cell\" ><div id=\"panel-37-1-0-0\" class=\"so-panel widget widget_headline-widget panel-first-child panel-last-child\" data-index=\"1\" >\t\t<h1>BIENVENIDO<\/h1>\n\t\t<div class=\"decoration\"><div class=\"decoration-inside\"><\/div><\/div>\n\t\t<h3> Aqu\u00ed encontrar\u00e1 informaci\u00f3n acerca de esta materia y sus trabajos pr\u00e1cticos, as\u00ed como la bibliograf\u00eda y materiales necesarios para seguirla con \u00e9xito.<\/h3>\n\t\t<\/div><\/div><\/div><\/div><div id=\"pg-37-2\"  class=\"panel-grid panel-no-style\" ><div id=\"pgc-37-2-0\"  class=\"panel-grid-cell panel-grid-cell-empty\" ><\/div><div id=\"pgc-37-2-1\"  class=\"panel-grid-cell\" ><div id=\"panel-37-2-1-0\" class=\"so-panel widget panel-first-child panel-last-child\" data-index=\"2\" ><\/div><\/div><\/div><\/div>","protected":false},"excerpt":{"rendered":"<p>BIENVENIDO Aqu\u00ed encontrar\u00e1 informaci\u00f3n acerca de esta materia y sus trabajos pr\u00e1cticos, as\u00ed como la bibliograf\u00eda y materiales necesarios para seguirla con \u00e9xito.<\/p>\n","protected":false},"author":1,"featured_media":0,"parent":0,"menu_order":0,"comment_status":"closed","ping_status":"closed","template":"home-panels.php","meta":[],"_links":{"self":[{"href":"https:\/\/catedras.facet.unt.edu.ar\/eindi\/wp-json\/wp\/v2\/pages\/37"}],"collection":[{"href":"https:\/\/catedras.facet.unt.edu.ar\/eindi\/wp-json\/wp\/v2\/pages"}],"about":[{"href":"https:\/\/catedras.facet.unt.edu.ar\/eindi\/wp-json\/wp\/v2\/types\/page"}],"author":[{"embeddable":true,"href":"https:\/\/catedras.facet.unt.edu.ar\/eindi\/wp-json\/wp\/v2\/users\/1"}],"replies":[{"embeddable":true,"href":"https:\/\/catedras.facet.unt.edu.ar\/eindi\/wp-json\/wp\/v2\/comments?post=37"}],"version-history":[{"count":5,"href":"https:\/\/catedras.facet.unt.edu.ar\/eindi\/wp-json\/wp\/v2\/pages\/37\/revisions"}],"predecessor-version":[{"id":54,"href":"https:\/\/catedras.facet.unt.edu.ar\/eindi\/wp-json\/wp\/v2\/pages\/37\/revisions\/54"}],"wp:attachment":[{"href":"https:\/\/catedras.facet.unt.edu.ar\/eindi\/wp-json\/wp\/v2\/media?parent=37"}],"curies":[{"name":"wp","href":"https:\/\/api.w.org\/{rel}","templated":true}]}}