{"id":68,"date":"2015-03-17T13:18:55","date_gmt":"2015-03-17T16:18:55","guid":{"rendered":"https:\/\/catedras.facet.unt.edu.ar\/eindee\/?page_id=68"},"modified":"2015-08-17T13:05:42","modified_gmt":"2015-08-17T16:05:42","slug":"programa","status":"publish","type":"page","link":"https:\/\/catedras.facet.unt.edu.ar\/eindee\/programa\/","title":{"rendered":"Programa"},"content":{"rendered":"<p><strong>ELECTRONICA INDUSTRIAL<\/strong><\/p>\n<p><strong>OBJETIVOS:<\/strong><\/p>\n<p>Al finalizar con la aprobaci\u00f3n de la asignatura, los alumnos estar\u00e1n en condiciones de:<\/p>\n<p>\u2022 Seleccionar y especificar el equipamiento necesario de los automatismos industriales m\u00e1s simples.<br \/>\n\u2022 Implementar automatismos industriales, aplicando los conocimientos adquiridos en las otras asignaturas de la carrera.<br \/>\n\u2022 Saber usar las publicaciones t\u00e9cnicas de las empresas proveedoras de equipamientos a fin de informarse acerca de las caracter\u00edsticas espec\u00edficas de los distintos productos que se comercializan, adem\u00e1s de las novedades tecnol\u00f3gicas que pueda disponer en sus proyectos.<br \/>\n\u2022 Elaborar proyectos de automatismos industriales de aplicaciones que la industria requiere.<br \/>\n\u2022 Estar\u00e1 m\u00ednimamente capacitado para insertarse al medio laboral Industrial.<\/p>\n<p>&nbsp;<\/p>\n<p><strong>PROGRAMA ANALITICO<\/strong><\/p>\n<p><strong>1 &#8211; Introducci\u00f3n<\/strong><br \/>\nDiagrama general de un sistema automatizado mostrando los elementos fundamentales a usar que ponen de manifiesto la relaci\u00f3n \u00abHombre &#8211; M\u00e1quina\u00bb<\/p>\n<p><strong>2 &#8211; Sensores o elementos de captaci\u00f3n digital<\/strong><br \/>\nFines de carreras. Detectores de proximidad inductivos, capacitivos y fotoel\u00e9ctricos. Presostatos, etc. Uso y selecci\u00f3n de cada uno de ellos.<\/p>\n<p><strong>3 &#8211; Sensores anal\u00f3gicos<\/strong><br \/>\nNiveles de tensi\u00f3n y corriente normalizados. Termocupla, termorresistencia, presostatos, vacu\u00f3metros, celdas de cargas, etc.<\/p>\n<p><strong>4 \u2013 Actuadores digitales<\/strong><br \/>\nContactores. Electrov\u00e1lvulas. Pistones. Arrancadores suaves.<\/p>\n<p><strong>5 \u2013 Actuadores anal\u00f3gicos<\/strong><br \/>\nV\u00e1lvulas proporcionales. Variadores de velocidad.<\/p>\n<p><strong>6 &#8211; Elementos de procesamiento de se\u00f1ales<\/strong><br \/>\nPLC (controlador l\u00f3gico programable). Configuraci\u00f3n, m\u00f3dulos de entradas y salidas.<br \/>\nCPU, Fuentes. Lenguajes de programaci\u00f3n<\/p>\n<p><strong>6.1<\/strong> Aplicaciones Digitales de los PLC, funciones l\u00f3gicas, combinacionales, secuenciales etc.<\/p>\n<p><strong>6.2<\/strong> Aplicaciones Anal\u00f3gicas de los PLC. Funciones de regulaci\u00f3n y control PID.<\/p>\n<p><strong>7 \u2013 Interfases Hombre Maquina HMI Consolas de di\u00e1logo<\/strong><br \/>\nDiferentes tipos de consolas. Estructura. P\u00e1ginas de aplicaci\u00f3n y p\u00e1ginas de alarma. Creaci\u00f3n de una aplicaci\u00f3n.<\/p>\n<p><strong>8 \u2013 SCADA Software de Supervisi\u00f3n y Control<\/strong><br \/>\nUso de un software dedicado a la supervisi\u00f3n y control de procesos. Funciones b\u00e1sica. Animaci\u00f3n. Gr\u00e1ficos de tendencias en tiempo real e hist\u00f3ricos. Reportes. Cuadro de alarmas. Creaci\u00f3n de base de datos. Interacci\u00f3n con Excel.<\/p>\n<p><strong>9 \u2013 Redes Industriales<\/strong><br \/>\nMod bus &#8211; Ethernet Industrial<br \/>\nManejo de se\u00f1ales anal\u00f3gicas. Conexi\u00f3n de PLC en redes: estructura y direccionamiento. Tipos de intercambio maestro-esclavo.<\/p>\n","protected":false},"excerpt":{"rendered":"<p>ELECTRONICA INDUSTRIAL OBJETIVOS: Al finalizar con la aprobaci\u00f3n de la asignatura, los alumnos estar\u00e1n en condiciones de: \u2022 Seleccionar y especificar el equipamiento necesario de los automatismos industriales m\u00e1s simples. \u2022 Implementar automatismos industriales, aplicando los conocimientos adquiridos en las otras asignaturas de la carrera. \u2022 Saber usar las publicaciones t\u00e9cnicas de las empresas proveedoras [&hellip;]<\/p>\n","protected":false},"author":170,"featured_media":0,"parent":0,"menu_order":0,"comment_status":"closed","ping_status":"closed","template":"","meta":[],"_links":{"self":[{"href":"https:\/\/catedras.facet.unt.edu.ar\/eindee\/wp-json\/wp\/v2\/pages\/68"}],"collection":[{"href":"https:\/\/catedras.facet.unt.edu.ar\/eindee\/wp-json\/wp\/v2\/pages"}],"about":[{"href":"https:\/\/catedras.facet.unt.edu.ar\/eindee\/wp-json\/wp\/v2\/types\/page"}],"author":[{"embeddable":true,"href":"https:\/\/catedras.facet.unt.edu.ar\/eindee\/wp-json\/wp\/v2\/users\/170"}],"replies":[{"embeddable":true,"href":"https:\/\/catedras.facet.unt.edu.ar\/eindee\/wp-json\/wp\/v2\/comments?post=68"}],"version-history":[{"count":2,"href":"https:\/\/catedras.facet.unt.edu.ar\/eindee\/wp-json\/wp\/v2\/pages\/68\/revisions"}],"predecessor-version":[{"id":88,"href":"https:\/\/catedras.facet.unt.edu.ar\/eindee\/wp-json\/wp\/v2\/pages\/68\/revisions\/88"}],"wp:attachment":[{"href":"https:\/\/catedras.facet.unt.edu.ar\/eindee\/wp-json\/wp\/v2\/media?parent=68"}],"curies":[{"name":"wp","href":"https:\/\/api.w.org\/{rel}","templated":true}]}}