{"id":56,"date":"2015-01-04T12:18:13","date_gmt":"2015-01-04T15:18:13","guid":{"rendered":"https:\/\/catedras.facet.unt.edu.ar\/eindee\/?page_id=56"},"modified":"2015-08-17T13:06:38","modified_gmt":"2015-08-17T16:06:38","slug":"bibliografia","status":"publish","type":"page","link":"https:\/\/catedras.facet.unt.edu.ar\/eindee\/bibliografia\/","title":{"rendered":"Bibliograf\u00eda"},"content":{"rendered":"<p><strong>BIBLIOGRAFIA<\/strong><br \/>\nManuales y publicaciones sobre: sensores, lenguajes de programaci\u00f3n de PLC, manejo de se\u00f1ales anal\u00f3gicas con el PLC, uso de lazos de control PID con PLC, programaci\u00f3n y manejo de variadores de velocidad para motores de corriente alterna, arrancadores inteligentes.<\/p>\n","protected":false},"excerpt":{"rendered":"<p>BIBLIOGRAFIA Manuales y publicaciones sobre: sensores, lenguajes de programaci\u00f3n de PLC, manejo de se\u00f1ales anal\u00f3gicas con el PLC, uso de lazos de control PID con PLC, programaci\u00f3n y manejo de variadores de velocidad para motores de corriente alterna, arrancadores inteligentes.<\/p>\n","protected":false},"author":170,"featured_media":0,"parent":0,"menu_order":7,"comment_status":"closed","ping_status":"closed","template":"","meta":[],"_links":{"self":[{"href":"https:\/\/catedras.facet.unt.edu.ar\/eindee\/wp-json\/wp\/v2\/pages\/56"}],"collection":[{"href":"https:\/\/catedras.facet.unt.edu.ar\/eindee\/wp-json\/wp\/v2\/pages"}],"about":[{"href":"https:\/\/catedras.facet.unt.edu.ar\/eindee\/wp-json\/wp\/v2\/types\/page"}],"author":[{"embeddable":true,"href":"https:\/\/catedras.facet.unt.edu.ar\/eindee\/wp-json\/wp\/v2\/users\/170"}],"replies":[{"embeddable":true,"href":"https:\/\/catedras.facet.unt.edu.ar\/eindee\/wp-json\/wp\/v2\/comments?post=56"}],"version-history":[{"count":2,"href":"https:\/\/catedras.facet.unt.edu.ar\/eindee\/wp-json\/wp\/v2\/pages\/56\/revisions"}],"predecessor-version":[{"id":89,"href":"https:\/\/catedras.facet.unt.edu.ar\/eindee\/wp-json\/wp\/v2\/pages\/56\/revisions\/89"}],"wp:attachment":[{"href":"https:\/\/catedras.facet.unt.edu.ar\/eindee\/wp-json\/wp\/v2\/media?parent=56"}],"curies":[{"name":"wp","href":"https:\/\/api.w.org\/{rel}","templated":true}]}}