{"id":44,"date":"2015-01-04T12:12:23","date_gmt":"2015-01-04T15:12:23","guid":{"rendered":"https:\/\/catedras.facet.unt.edu.ar\/eindee\/?page_id=44"},"modified":"2024-08-12T18:16:34","modified_gmt":"2024-08-12T21:16:34","slug":"reglamento","status":"publish","type":"page","link":"https:\/\/catedras.facet.unt.edu.ar\/eindee\/reglamento\/","title":{"rendered":"Reglamento"},"content":{"rendered":"<p><strong>AC\u00adTI\u00adVI\u00adDA\u00adDES<\/strong><\/p>\n<ul>\n<li>Se desa\u00adrro\u00adlla\u00adran 2 Reuniones semanales obligatorias de 3 horas c\/u destinadas a clases de Teor\u00eda o presentaci\u00f3n de Trabajos de los alumnos.<\/li>\n<li>Los Tra\u00adba\u00adjos Pr\u00e1c\u00adti\u00adcos de La\u00adbo\u00adra\u00adto\u00adrio se desa\u00adrro\u00adlla\u00adran en gru\u00adpos de 2 per\u00adso\u00adnas m\u00e1\u00adxi\u00admo. Se de\u00adbe\u00adr\u00e1n pre\u00adsen\u00adtar y ex\u00adpo\u00adner en clase para el resto de los alumnos.<\/li>\n<\/ul>\n<p>&nbsp;<\/p>\n<p><strong>PARA\u00a0RE\u00adGU\u00adLA\u00adRI\u00adZAR<\/strong><\/p>\n<ul>\n<li>Tener ins\u00adcrip\u00adci\u00f3n re\u00adgu\u00adlar en la asig\u00adna\u00adtu\u00adra. Fi\u00adgu\u00adrar en la lista que eleva el De\u00adpar\u00adta\u00admen\u00adto Alum\u00adnos.<\/li>\n<li>Tener 60% o m\u00e1s de asis\u00adten\u00adcia a las cla\u00adses te\u00f3\u00adri\u00adcas y pr\u00e1c\u00adti\u00adcas.<\/li>\n<li>Tener el 80% de los Tra\u00adba\u00adjos Pr\u00e1c\u00adti\u00adcos de La\u00adbo\u00adra\u00adto\u00adrio aprobados con nota mayor que 60%. Incluye presentaci\u00f3n Oral en clase, maqueta e informe final<\/li>\n<\/ul>\n<p>&nbsp;<\/p>\n<p><strong>PARA EXAMEN FINAL<\/strong><\/p>\n<ul>\n<li>Apro\u00adbar todos los Tra\u00adba\u00adjos Pr\u00e1c\u00adti\u00adcos de La\u00adbo\u00adra\u00adto\u00adrio con nota mayor que 60%.<\/li>\n<li>Rea\u00adli\u00adzar y Apro\u00adbar un tra\u00adba\u00adjo in\u00adte\u00adgral.<\/li>\n<\/ul>\n<p><strong>CORRELATIVAS<\/strong><br \/>\n29 Asignaturas Aprobadas m\u00e1s Ingles. Entre las 29 asignaturas debe tener aprobadas Electr\u00f3nica IV, Control I, Maquinas El\u00e9ctricas, Instalaciones El\u00e9ctricas para la carrera de Ingenier\u00eda Electr\u00f3nica.<\/p>\n<p>&nbsp;<\/p>\n<p><strong>MODALIDAD DE DICTADO<\/strong><br \/>\nLos alumnos trabajan en grupos, se fijan los objetivos, se define el proyecto a elaborar. Se deben hacer presentaciones parciales mostrando el grado de avance. Los horarios en el laboratorio son a convenir.<\/p>\n<p><strong>\u00a0<\/strong><\/p>\n<p>&nbsp;<\/p>\n<p>&nbsp;<\/p>\n","protected":false},"excerpt":{"rendered":"<p>AC\u00adTI\u00adVI\u00adDA\u00adDES Se desa\u00adrro\u00adlla\u00adran 2 Reuniones semanales obligatorias de 3 horas c\/u destinadas a clases de Teor\u00eda o presentaci\u00f3n de Trabajos de los alumnos. Los Tra\u00adba\u00adjos Pr\u00e1c\u00adti\u00adcos de La\u00adbo\u00adra\u00adto\u00adrio se desa\u00adrro\u00adlla\u00adran en gru\u00adpos de 2 per\u00adso\u00adnas m\u00e1\u00adxi\u00admo. Se de\u00adbe\u00adr\u00e1n pre\u00adsen\u00adtar y ex\u00adpo\u00adner en clase para el resto de los alumnos. &nbsp; PARA\u00a0RE\u00adGU\u00adLA\u00adRI\u00adZAR Tener ins\u00adcrip\u00adci\u00f3n re\u00adgu\u00adlar en [&hellip;]<\/p>\n","protected":false},"author":170,"featured_media":0,"parent":0,"menu_order":1,"comment_status":"closed","ping_status":"closed","template":"","meta":[],"_links":{"self":[{"href":"https:\/\/catedras.facet.unt.edu.ar\/eindee\/wp-json\/wp\/v2\/pages\/44"}],"collection":[{"href":"https:\/\/catedras.facet.unt.edu.ar\/eindee\/wp-json\/wp\/v2\/pages"}],"about":[{"href":"https:\/\/catedras.facet.unt.edu.ar\/eindee\/wp-json\/wp\/v2\/types\/page"}],"author":[{"embeddable":true,"href":"https:\/\/catedras.facet.unt.edu.ar\/eindee\/wp-json\/wp\/v2\/users\/170"}],"replies":[{"embeddable":true,"href":"https:\/\/catedras.facet.unt.edu.ar\/eindee\/wp-json\/wp\/v2\/comments?post=44"}],"version-history":[{"count":14,"href":"https:\/\/catedras.facet.unt.edu.ar\/eindee\/wp-json\/wp\/v2\/pages\/44\/revisions"}],"predecessor-version":[{"id":542,"href":"https:\/\/catedras.facet.unt.edu.ar\/eindee\/wp-json\/wp\/v2\/pages\/44\/revisions\/542"}],"wp:attachment":[{"href":"https:\/\/catedras.facet.unt.edu.ar\/eindee\/wp-json\/wp\/v2\/media?parent=44"}],"curies":[{"name":"wp","href":"https:\/\/api.w.org\/{rel}","templated":true}]}}