{"id":60,"date":"2017-08-14T21:07:56","date_gmt":"2017-08-15T00:07:56","guid":{"rendered":"https:\/\/catedras.facet.unt.edu.ar\/e3\/?page_id=60"},"modified":"2019-12-19T11:35:21","modified_gmt":"2019-12-19T14:35:21","slug":"trabajos-practicos","status":"publish","type":"page","link":"https:\/\/catedras.facet.unt.edu.ar\/e3\/alumnos\/trabajos-practicos\/","title":{"rendered":"Trabajos Pr\u00e1cticos"},"content":{"rendered":"<h2 style=\"text-align: center;\"><strong>Ac\u00e1 podr\u00e1 descargar los trabajos pr\u00e1cticos a resolver durante el dictado de la materia.<\/strong><\/h2>\n<p>&nbsp;<\/p>\n<p><strong>Trabajos Pr\u00e1cticos de Resoluci\u00f3n de Problemas<\/strong><\/p>\n<p><a href=\"https:\/\/catedras.facet.unt.edu.ar\/ft\/wp-content\/uploads\/sites\/123\/2017\/03\/Formato-Presentaci\u00f3n-TPs-V1.1.docx\">Formato de presentaci\u00f3n<\/a><\/p>\n<p><a href=\"https:\/\/catedras.facet.unt.edu.ar\/e3\/wp-content\/uploads\/sites\/122\/2019\/08\/TP00-2019.pdf\">TP00-2019<\/a><\/p>\n<p><a href=\"https:\/\/catedras.facet.unt.edu.ar\/e3\/wp-content\/uploads\/sites\/122\/2019\/08\/TP01-2019.pdf\">TP01-2019<\/a><\/p>\n<p><a href=\"https:\/\/catedras.facet.unt.edu.ar\/e3\/wp-content\/uploads\/sites\/122\/2019\/08\/TP02-2019.pdf\">TP02-2019<\/a><\/p>\n<p><a href=\"https:\/\/catedras.facet.unt.edu.ar\/e3\/wp-content\/uploads\/sites\/122\/2019\/09\/TP03-2019.pdf\">TP03-2019<\/a><\/p>\n<p><a href=\"https:\/\/catedras.facet.unt.edu.ar\/e3\/wp-content\/uploads\/sites\/122\/2019\/09\/TP04-2019.pdf\">TP04-2019<\/a><\/p>\n<p><a href=\"https:\/\/catedras.facet.unt.edu.ar\/e3\/wp-content\/uploads\/sites\/122\/2019\/09\/TP05-2019.pdf\">TP05-2019<\/a><\/p>\n<p><a href=\"https:\/\/catedras.facet.unt.edu.ar\/e3\/wp-content\/uploads\/sites\/122\/2019\/09\/TP06-2019.pdf\">TP06-2019<\/a><\/p>\n<p><a href=\"https:\/\/catedras.facet.unt.edu.ar\/e3\/wp-content\/uploads\/sites\/122\/2019\/10\/TP07-2019.pdf\">TP07-2019<\/a><\/p>\n<p><a href=\"https:\/\/catedras.facet.unt.edu.ar\/e3\/wp-content\/uploads\/sites\/122\/2019\/10\/TP08-2019.pdf\">TP08-2019<\/a><\/p>\n<p><a href=\"https:\/\/catedras.facet.unt.edu.ar\/e3\/wp-content\/uploads\/sites\/122\/2019\/10\/TP09-2019.pdf\">TP09-2019<\/a><\/p>\n<p><a href=\"https:\/\/catedras.facet.unt.edu.ar\/e3\/wp-content\/uploads\/sites\/122\/2019\/11\/TP10-2019.pdf\">TP10-2019<\/a><\/p>\n<p><a href=\"https:\/\/catedras.facet.unt.edu.ar\/e3\/wp-content\/uploads\/sites\/122\/2019\/11\/TP11-2019.pdf\">TP11-2019<\/a><\/p>\n<p><a href=\"https:\/\/catedras.facet.unt.edu.ar\/e3\/wp-content\/uploads\/sites\/122\/2019\/11\/Hoja-de-Formula-3er-Ev.pdf\">Hoja de Formula 3er Ev<\/a><\/p>\n<p><a href=\"https:\/\/catedras.facet.unt.edu.ar\/e3\/wp-content\/uploads\/sites\/122\/2019\/12\/TPFINAL-2019.pdf\">TPFINAL-2019<\/a><\/p>\n<p><strong>Trabajos Pr\u00e1cticos de Laboratorio<\/strong><\/p>\n<p><a href=\"https:\/\/catedras.facet.unt.edu.ar\/e3\/wp-content\/uploads\/sites\/122\/2019\/08\/TPLAB01-2019.pdf\">TPLAB01-2019<\/a><\/p>\n<p><a href=\"https:\/\/catedras.facet.unt.edu.ar\/e3\/wp-content\/uploads\/sites\/122\/2019\/09\/TPLAB02-2019.pdf\">TPLAB02-2019<\/a><\/p>\n<p><a href=\"https:\/\/catedras.facet.unt.edu.ar\/e3\/wp-content\/uploads\/sites\/122\/2019\/09\/TPLAB03-2019.pdf\">TPLAB03-2019<\/a><\/p>\n<p><a href=\"https:\/\/catedras.facet.unt.edu.ar\/e3\/wp-content\/uploads\/sites\/122\/2019\/10\/TPLAB04-2019.pdf\">TPLAB04-2019<\/a><\/p>\n<p><strong>Simulaciones<\/strong><\/p>\n<p><a href=\"https:\/\/drive.google.com\/drive\/folders\/1H1SDFPTu3TdO3aFUvsgHWiG8gH8f8EsM?usp=sharing\">https:\/\/drive.google.com\/drive\/folders\/1H1SDFPTu3TdO3aFUvsgHWiG8gH8f8EsM?usp=sharing<\/a><\/p>\n<p>&nbsp;<\/p>\n<p><strong>Link donde encontrar\u00e1n el Applet de sintesis de Fourier:<\/strong><\/p>\n<p><a href=\"http:\/\/www.falstad.com\/fourier\/\">www.falstad.com\/fourier<\/a><\/p>\n<p>&nbsp;<\/p>\n<p><strong>Material de estudio Adicional:<\/strong><\/p>\n<p><a href=\"https:\/\/drive.google.com\/open?id=1CanrIzZR-OhIuu9ri-Ls8_kMecWIt4Qu\">https:\/\/drive.google.com\/open?id=1CanrIzZR-OhIuu9ri-Ls8_kMecWIt4Qu<\/a><\/p>\n","protected":false},"excerpt":{"rendered":"<p>Ac\u00e1 podr\u00e1 descargar los trabajos pr\u00e1cticos a resolver durante el dictado de la materia. &nbsp; Trabajos Pr\u00e1cticos de Resoluci\u00f3n de Problemas Formato de presentaci\u00f3n TP00-2019 TP01-2019 TP02-2019 TP03-2019 TP04-2019 TP05-2019 TP06-2019 TP07-2019 TP08-2019 TP09-2019 TP10-2019 TP11-2019 Hoja de Formula 3er Ev TPFINAL-2019 Trabajos Pr\u00e1cticos de Laboratorio TPLAB01-2019 TPLAB02-2019 TPLAB03-2019 TPLAB04-2019 Simulaciones https:\/\/drive.google.com\/drive\/folders\/1H1SDFPTu3TdO3aFUvsgHWiG8gH8f8EsM?usp=sharing &nbsp; Link donde [&hellip;]<\/p>\n","protected":false},"author":101155,"featured_media":0,"parent":40,"menu_order":0,"comment_status":"closed","ping_status":"closed","template":"","meta":[],"_links":{"self":[{"href":"https:\/\/catedras.facet.unt.edu.ar\/e3\/wp-json\/wp\/v2\/pages\/60"}],"collection":[{"href":"https:\/\/catedras.facet.unt.edu.ar\/e3\/wp-json\/wp\/v2\/pages"}],"about":[{"href":"https:\/\/catedras.facet.unt.edu.ar\/e3\/wp-json\/wp\/v2\/types\/page"}],"author":[{"embeddable":true,"href":"https:\/\/catedras.facet.unt.edu.ar\/e3\/wp-json\/wp\/v2\/users\/101155"}],"replies":[{"embeddable":true,"href":"https:\/\/catedras.facet.unt.edu.ar\/e3\/wp-json\/wp\/v2\/comments?post=60"}],"version-history":[{"count":59,"href":"https:\/\/catedras.facet.unt.edu.ar\/e3\/wp-json\/wp\/v2\/pages\/60\/revisions"}],"predecessor-version":[{"id":673,"href":"https:\/\/catedras.facet.unt.edu.ar\/e3\/wp-json\/wp\/v2\/pages\/60\/revisions\/673"}],"up":[{"embeddable":true,"href":"https:\/\/catedras.facet.unt.edu.ar\/e3\/wp-json\/wp\/v2\/pages\/40"}],"wp:attachment":[{"href":"https:\/\/catedras.facet.unt.edu.ar\/e3\/wp-json\/wp\/v2\/media?parent=60"}],"curies":[{"name":"wp","href":"https:\/\/api.w.org\/{rel}","templated":true}]}}