{"id":58,"date":"2017-08-14T21:07:06","date_gmt":"2017-08-15T00:07:06","guid":{"rendered":"https:\/\/catedras.facet.unt.edu.ar\/e3\/?page_id=58"},"modified":"2019-11-18T18:48:23","modified_gmt":"2019-11-18T21:48:23","slug":"apuntes","status":"publish","type":"page","link":"https:\/\/catedras.facet.unt.edu.ar\/e3\/alumnos\/apuntes\/","title":{"rendered":"Apuntes"},"content":{"rendered":"<h2 style=\"text-align: center;\"><span style=\"color: #ff9900;\"><strong>En esta p\u00e1gina encontrar\u00e1s las diapositivas a utilizar en la asignatura.<\/strong><\/span><\/h2>\n<p>Link donde encontrar\u00e1n el Applet de sintesis de Fourier:\u00a0\u00a0<a href=\"http:\/\/www.falstad.com\/fourier\/\">www.falstad.com\/fourier<\/a><\/p>\n<p><a href=\"https:\/\/catedras.facet.unt.edu.ar\/e3\/wp-content\/uploads\/sites\/122\/2019\/08\/00-Presentaci\u00f3n-2019.pdf\">00-Presentaci\u00f3n 2019<\/a><\/p>\n<p><a href=\"https:\/\/catedras.facet.unt.edu.ar\/e3\/wp-content\/uploads\/sites\/122\/2019\/08\/T1-Introducci\u00f3n.pdf\">T1-Introducci\u00f3n<\/a><\/p>\n<p><a href=\"https:\/\/catedras.facet.unt.edu.ar\/e3\/wp-content\/uploads\/sites\/122\/2019\/08\/T2-Ganancia-At-dB-Ruido.pdf\">T2-Ganancia, At, dB, Ruido<\/a><\/p>\n<p><a href=\"https:\/\/catedras.facet.unt.edu.ar\/e3\/wp-content\/uploads\/sites\/122\/2019\/08\/T3-1-REALIMENTACI\u00d3N.pdf\">T3-1-REALIMENTACI\u00d3N<\/a><\/p>\n<p><a href=\"https:\/\/catedras.facet.unt.edu.ar\/e3\/wp-content\/uploads\/sites\/122\/2019\/08\/T3-2-Criterios-de-Estabilidad-1.pdf\">T3-2-Criterios de Estabilidad<\/a><\/p>\n<p><a href=\"https:\/\/catedras.facet.unt.edu.ar\/e3\/wp-content\/uploads\/sites\/122\/2019\/08\/T4-OSCILADORES-SENOIDALES-1.pdf\">T4-OSCILADORES SENOIDALES<\/a><\/p>\n<p><a href=\"https:\/\/catedras.facet.unt.edu.ar\/e3\/wp-content\/uploads\/sites\/122\/2019\/08\/T5-1-AMP-POTENCIA-BF.pdf\">T5-1-AMP POTENCIA BF<\/a><\/p>\n<p><a href=\"https:\/\/catedras.facet.unt.edu.ar\/e3\/wp-content\/uploads\/sites\/122\/2019\/08\/T5-2-AMP-POTENCIA-RF.pdf\">T5-2-AMP POTENCIA RF<\/a><\/p>\n<p><a href=\"https:\/\/catedras.facet.unt.edu.ar\/e3\/wp-content\/uploads\/sites\/122\/2019\/08\/T6-SE\u00d1ALES-de-AM.pdf\">T6-SE\u00d1ALES de AM<\/a><\/p>\n<p><a href=\"https:\/\/catedras.facet.unt.edu.ar\/e3\/wp-content\/uploads\/sites\/122\/2019\/08\/T7-CONVERSION-de-FRECUENCIA.pdf\">T7-CONVERSION de FRECUENCIA<\/a><\/p>\n<p><a href=\"https:\/\/catedras.facet.unt.edu.ar\/e3\/wp-content\/uploads\/sites\/122\/2019\/08\/T8-TRANSMISORES-de-AM.pdf\">T8-TRANSMISORES de AM<\/a><\/p>\n<p><a href=\"https:\/\/catedras.facet.unt.edu.ar\/e3\/wp-content\/uploads\/sites\/122\/2019\/10\/T9-RECEPTORES-de-AM.pdf\">T9- RECEPTORES de AM<\/a><\/p>\n<p><a href=\"https:\/\/catedras.facet.unt.edu.ar\/e3\/wp-content\/uploads\/sites\/122\/2019\/10\/T10-Se\u00f1ales-moduladas-en-\u00e1ngulo.pdf\">T10- Se\u00f1ales moduladas en \u00e1ngulo<\/a><\/p>\n<p><a href=\"https:\/\/catedras.facet.unt.edu.ar\/e3\/wp-content\/uploads\/sites\/122\/2019\/10\/T11-Moduladores-y-Tx-en-\u00e1ngulo.pdf\">T11- Moduladores y Tx en \u00e1ngulo<\/a><\/p>\n<p><a href=\"https:\/\/catedras.facet.unt.edu.ar\/e3\/wp-content\/uploads\/sites\/122\/2019\/10\/Modulador-Clapps.pdf\">Modulador Clapps<\/a><\/p>\n<p><a href=\"https:\/\/catedras.facet.unt.edu.ar\/e3\/wp-content\/uploads\/sites\/122\/2019\/10\/T12-Demoduladores-y-Rx-en-\u00e1ngulo.ppt\">T12- Demoduladores y Rx en \u00e1ngulo<\/a><\/p>\n<p><a href=\"https:\/\/catedras.facet.unt.edu.ar\/e3\/wp-content\/uploads\/sites\/122\/2019\/11\/T13-Comunicaciones-Digitales.pdf\">T13- Comunicaciones Digitales<\/a><\/p>\n<p>&nbsp;<\/p>\n<p>&nbsp;<\/p>\n","protected":false},"excerpt":{"rendered":"<p>En esta p\u00e1gina encontrar\u00e1s las diapositivas a utilizar en la asignatura. Link donde encontrar\u00e1n el Applet de sintesis de Fourier:\u00a0\u00a0www.falstad.com\/fourier 00-Presentaci\u00f3n 2019 T1-Introducci\u00f3n T2-Ganancia, At, dB, Ruido T3-1-REALIMENTACI\u00d3N T3-2-Criterios de Estabilidad T4-OSCILADORES SENOIDALES T5-1-AMP POTENCIA BF T5-2-AMP POTENCIA RF T6-SE\u00d1ALES de AM T7-CONVERSION de FRECUENCIA T8-TRANSMISORES de AM T9- RECEPTORES de AM T10- Se\u00f1ales moduladas [&hellip;]<\/p>\n","protected":false},"author":101155,"featured_media":0,"parent":40,"menu_order":0,"comment_status":"closed","ping_status":"closed","template":"","meta":[],"_links":{"self":[{"href":"https:\/\/catedras.facet.unt.edu.ar\/e3\/wp-json\/wp\/v2\/pages\/58"}],"collection":[{"href":"https:\/\/catedras.facet.unt.edu.ar\/e3\/wp-json\/wp\/v2\/pages"}],"about":[{"href":"https:\/\/catedras.facet.unt.edu.ar\/e3\/wp-json\/wp\/v2\/types\/page"}],"author":[{"embeddable":true,"href":"https:\/\/catedras.facet.unt.edu.ar\/e3\/wp-json\/wp\/v2\/users\/101155"}],"replies":[{"embeddable":true,"href":"https:\/\/catedras.facet.unt.edu.ar\/e3\/wp-json\/wp\/v2\/comments?post=58"}],"version-history":[{"count":52,"href":"https:\/\/catedras.facet.unt.edu.ar\/e3\/wp-json\/wp\/v2\/pages\/58\/revisions"}],"predecessor-version":[{"id":98,"href":"https:\/\/catedras.facet.unt.edu.ar\/e3\/wp-json\/wp\/v2\/pages\/58\/revisions\/98"}],"up":[{"embeddable":true,"href":"https:\/\/catedras.facet.unt.edu.ar\/e3\/wp-json\/wp\/v2\/pages\/40"}],"wp:attachment":[{"href":"https:\/\/catedras.facet.unt.edu.ar\/e3\/wp-json\/wp\/v2\/media?parent=58"}],"curies":[{"name":"wp","href":"https:\/\/api.w.org\/{rel}","templated":true}]}}