{"id":92,"date":"2017-03-20T21:47:39","date_gmt":"2017-03-21T00:47:39","guid":{"rendered":"https:\/\/catedras.facet.unt.edu.ar\/e1\/?page_id=92"},"modified":"2020-03-29T21:42:39","modified_gmt":"2020-03-30T00:42:39","slug":"diapos","status":"publish","type":"page","link":"https:\/\/catedras.facet.unt.edu.ar\/e1\/alumnos\/diapos\/","title":{"rendered":"Diapositivas de Clase"},"content":{"rendered":"<p>Aqu\u00ed tienes las Diapos de la teor\u00eda.<\/p>\n<h4>En la presentaci\u00f3n encontrar\u00e1s informaci\u00f3n general de esta asignatura: fechas de parciales, cronograma, docentes de la c\u00e1tedra y sus correos, programa de la materia, entre otros.<\/h4>\n<p><a href=\"https:\/\/catedras.facet.unt.edu.ar\/e1\/wp-content\/uploads\/sites\/124\/2019\/08\/Presentaci\u00f3n-E1-Cuat-2-2019-1.pdf\">Presentaci\u00f3n E1 Cuat1 2020<\/a><\/p>\n<h4><strong><span style=\"color: #ff0000;\">INTRODUCCI\u00d3N<\/span><\/strong><\/h4>\n<p><a href=\"https:\/\/catedras.facet.unt.edu.ar\/e1\/wp-content\/uploads\/sites\/124\/2019\/08\/Tema-1.pdf\">Tema 1<\/a><\/p>\n<p><a href=\"https:\/\/catedras.facet.unt.edu.ar\/e1\/wp-content\/uploads\/sites\/124\/2019\/03\/Tema-2.pdf\">Tema 2<\/a><\/p>\n<h4><strong><span style=\"color: #ff0000;\">AMPLIFICADORES OPERACIONALES<\/span><\/strong><\/h4>\n<p><a href=\"https:\/\/catedras.facet.unt.edu.ar\/e1\/wp-content\/uploads\/sites\/124\/2019\/03\/Tema-3-1.pdf\">Tema 3-1<\/a><\/p>\n<p><a href=\"https:\/\/catedras.facet.unt.edu.ar\/e1\/wp-content\/uploads\/sites\/124\/2018\/08\/Tema-3-2.pdf\">Tema 3-2<\/a><\/p>\n<p><a href=\"https:\/\/catedras.facet.unt.edu.ar\/e1\/wp-content\/uploads\/sites\/124\/2019\/03\/Tema-3-3.pdf\">Tema 3-3<\/a><\/p>\n<h4><span style=\"color: #ff0000;\"><strong>FILTROS ACTIVOS DE 1\u00b0 ORDEN<\/strong><\/span><\/h4>\n<p><a href=\"https:\/\/catedras.facet.unt.edu.ar\/e1\/wp-content\/uploads\/sites\/124\/2019\/03\/Tema-4-1.pdf\">Tema 4-1<\/a><\/p>\n<p><a href=\"https:\/\/catedras.facet.unt.edu.ar\/e1\/wp-content\/uploads\/sites\/124\/2019\/03\/Tema-4-2.pdf\">Tema 4-2<\/a><\/p>\n<h4><strong><span style=\"color: #ff0000;\">DIODOS<\/span><\/strong><\/h4>\n<p><a href=\"https:\/\/catedras.facet.unt.edu.ar\/e1\/wp-content\/uploads\/sites\/124\/2017\/03\/Tema-1-Introduccion-Diodos.pdf\">Tema 1- Introduccion Diodos<\/a><\/p>\n<p><a href=\"https:\/\/catedras.facet.unt.edu.ar\/e1\/wp-content\/uploads\/sites\/124\/2017\/03\/Tema-2-circuitos-con-diodos.pdf\">Tema 2 &#8211; circuitos con diodos<\/a><\/p>\n<p><a href=\"https:\/\/catedras.facet.unt.edu.ar\/e1\/wp-content\/uploads\/sites\/124\/2017\/03\/Tema-3-rectificadores.pdf\">Tema 3 &#8211; rectificadores<\/a><\/p>\n<p><a href=\"https:\/\/catedras.facet.unt.edu.ar\/e1\/wp-content\/uploads\/sites\/124\/2017\/03\/Tema-4-fuentes-de-alimentacion-y-rectificadores-de-prec.pdf\">Tema 4 &#8211; fuentes de alimentacion y rectificadores de prec<\/a><\/p>\n<h4><strong><span style=\"color: #ff0000;\">TRANSISTORES<\/span><\/strong><\/h4>\n<p><a href=\"https:\/\/catedras.facet.unt.edu.ar\/e1\/wp-content\/uploads\/sites\/124\/2019\/04\/Tema-7-1.pdf\">Tema 7-1<\/a><\/p>\n<p><a href=\"https:\/\/catedras.facet.unt.edu.ar\/e1\/wp-content\/uploads\/sites\/124\/2019\/04\/Tema-7-2.pdf\">Tema 7-2<\/a><\/p>\n<p><a href=\"https:\/\/catedras.facet.unt.edu.ar\/e1\/wp-content\/uploads\/sites\/124\/2019\/05\/Tema-7-3.pdf\">Tema 7-3<\/a><\/p>\n<p><a href=\"https:\/\/catedras.facet.unt.edu.ar\/e1\/wp-content\/uploads\/sites\/124\/2019\/05\/Tema-7-4.pdf\">Tema 7-4<\/a><\/p>\n<h4><span style=\"color: #ff0000;\">TEMA \u00a08 \u2013\u00a0 \u00a0Configuraciones\u00a0 especiales con TBJ<\/span><\/h4>\n<p><a href=\"https:\/\/catedras.facet.unt.edu.ar\/e1\/wp-content\/uploads\/sites\/124\/2019\/05\/Tema-8-1.pdf\">Tema 8-1<\/a><\/p>\n<p><a href=\"https:\/\/catedras.facet.unt.edu.ar\/e1\/wp-content\/uploads\/sites\/124\/2019\/06\/Tema-8-2.pdf\">Tema 8-2<\/a><\/p>\n<h4><span style=\"color: #ff0000;\">TEMA\u00a0 9 \u2013\u00a0 \u00a0Amplificadores de potencia para baja frecuencia<\/span><\/h4>\n<p><a href=\"https:\/\/catedras.facet.unt.edu.ar\/e1\/wp-content\/uploads\/sites\/124\/2019\/06\/Tema-9-AMP-POTENCIA-BF-1.pdf\">Tema 9 -AMP POTENCIA BF<\/a><\/p>\n<p>&nbsp;<\/p>\n<p>&nbsp;<\/p>\n","protected":false},"excerpt":{"rendered":"<p>Aqu\u00ed tienes las Diapos de la teor\u00eda. En la presentaci\u00f3n encontrar\u00e1s informaci\u00f3n general de esta asignatura: fechas de parciales, cronograma, docentes de la c\u00e1tedra y sus correos, programa de la materia, entre otros. Presentaci\u00f3n E1 Cuat1 2020 INTRODUCCI\u00d3N Tema 1 Tema 2 AMPLIFICADORES OPERACIONALES Tema 3-1 Tema 3-2 Tema 3-3 FILTROS ACTIVOS DE 1\u00b0 ORDEN [&hellip;]<\/p>\n","protected":false},"author":101201,"featured_media":0,"parent":85,"menu_order":0,"comment_status":"closed","ping_status":"closed","template":"","meta":[],"_links":{"self":[{"href":"https:\/\/catedras.facet.unt.edu.ar\/e1\/wp-json\/wp\/v2\/pages\/92"}],"collection":[{"href":"https:\/\/catedras.facet.unt.edu.ar\/e1\/wp-json\/wp\/v2\/pages"}],"about":[{"href":"https:\/\/catedras.facet.unt.edu.ar\/e1\/wp-json\/wp\/v2\/types\/page"}],"author":[{"embeddable":true,"href":"https:\/\/catedras.facet.unt.edu.ar\/e1\/wp-json\/wp\/v2\/users\/101201"}],"replies":[{"embeddable":true,"href":"https:\/\/catedras.facet.unt.edu.ar\/e1\/wp-json\/wp\/v2\/comments?post=92"}],"version-history":[{"count":66,"href":"https:\/\/catedras.facet.unt.edu.ar\/e1\/wp-json\/wp\/v2\/pages\/92\/revisions"}],"predecessor-version":[{"id":689,"href":"https:\/\/catedras.facet.unt.edu.ar\/e1\/wp-json\/wp\/v2\/pages\/92\/revisions\/689"}],"up":[{"embeddable":true,"href":"https:\/\/catedras.facet.unt.edu.ar\/e1\/wp-json\/wp\/v2\/pages\/85"}],"wp:attachment":[{"href":"https:\/\/catedras.facet.unt.edu.ar\/e1\/wp-json\/wp\/v2\/media?parent=92"}],"curies":[{"name":"wp","href":"https:\/\/api.w.org\/{rel}","templated":true}]}}