{"id":88,"date":"2017-03-20T10:07:34","date_gmt":"2017-03-20T13:07:34","guid":{"rendered":"https:\/\/catedras.facet.unt.edu.ar\/e1\/?page_id=88"},"modified":"2020-03-13T16:39:02","modified_gmt":"2020-03-13T19:39:02","slug":"trabajos-practicos","status":"publish","type":"page","link":"https:\/\/catedras.facet.unt.edu.ar\/e1\/alumnos\/trabajos-practicos\/","title":{"rendered":"Trabajos Pr\u00e1cticos"},"content":{"rendered":"<h3><strong>TP Proyecto Final:<\/strong><\/h3>\n<p><a href=\"https:\/\/catedras.facet.unt.edu.ar\/e1\/wp-content\/uploads\/sites\/124\/2020\/02\/REGLAMENTO_TPFINAL.pdf\">REGLAMENTO_TPFINAL<\/a><\/p>\n<p>&nbsp;<\/p>\n<h3>Ac\u00e1 podr\u00e1 descargar los trabajos pr\u00e1cticos a resolver durante el dictado de la materia<\/h3>\n<p><a href=\"https:\/\/catedras.facet.unt.edu.ar\/e1\/wp-content\/uploads\/sites\/124\/2019\/08\/Lab_E1_materiales_2019_2.pdf\">Lab_E1_materiales_2019_2<\/a>(Para el Laboratorio)<\/p>\n<p><a href=\"https:\/\/catedras.facet.unt.edu.ar\/e1\/wp-content\/uploads\/sites\/124\/2017\/03\/TPs-Tema-1.pdf\">TPs Tema 1<\/a><\/p>\n<p><a href=\"https:\/\/catedras.facet.unt.edu.ar\/e1\/wp-content\/uploads\/sites\/124\/2017\/03\/TPs-Tema-2.pdf\">TPs Tema 2<\/a><\/p>\n<p><a href=\"https:\/\/catedras.facet.unt.edu.ar\/e1\/wp-content\/uploads\/sites\/124\/2017\/03\/TPs-Tema-3.pdf\">TPs Tema 3<\/a><\/p>\n<p>&nbsp;<\/p>\n","protected":false},"excerpt":{"rendered":"<p>TP Proyecto Final: REGLAMENTO_TPFINAL &nbsp; Ac\u00e1 podr\u00e1 descargar los trabajos pr\u00e1cticos a resolver durante el dictado de la materia Lab_E1_materiales_2019_2(Para el Laboratorio) TPs Tema 1 TPs Tema 2 TPs Tema 3 &nbsp;<\/p>\n","protected":false},"author":101201,"featured_media":0,"parent":85,"menu_order":0,"comment_status":"closed","ping_status":"closed","template":"","meta":[],"_links":{"self":[{"href":"https:\/\/catedras.facet.unt.edu.ar\/e1\/wp-json\/wp\/v2\/pages\/88"}],"collection":[{"href":"https:\/\/catedras.facet.unt.edu.ar\/e1\/wp-json\/wp\/v2\/pages"}],"about":[{"href":"https:\/\/catedras.facet.unt.edu.ar\/e1\/wp-json\/wp\/v2\/types\/page"}],"author":[{"embeddable":true,"href":"https:\/\/catedras.facet.unt.edu.ar\/e1\/wp-json\/wp\/v2\/users\/101201"}],"replies":[{"embeddable":true,"href":"https:\/\/catedras.facet.unt.edu.ar\/e1\/wp-json\/wp\/v2\/comments?post=88"}],"version-history":[{"count":26,"href":"https:\/\/catedras.facet.unt.edu.ar\/e1\/wp-json\/wp\/v2\/pages\/88\/revisions"}],"predecessor-version":[{"id":687,"href":"https:\/\/catedras.facet.unt.edu.ar\/e1\/wp-json\/wp\/v2\/pages\/88\/revisions\/687"}],"up":[{"embeddable":true,"href":"https:\/\/catedras.facet.unt.edu.ar\/e1\/wp-json\/wp\/v2\/pages\/85"}],"wp:attachment":[{"href":"https:\/\/catedras.facet.unt.edu.ar\/e1\/wp-json\/wp\/v2\/media?parent=88"}],"curies":[{"name":"wp","href":"https:\/\/api.w.org\/{rel}","templated":true}]}}