{"id":75,"date":"2017-03-13T10:03:47","date_gmt":"2017-03-13T13:03:47","guid":{"rendered":"https:\/\/catedras.facet.unt.edu.ar\/e1\/?page_id=75"},"modified":"2017-08-15T21:30:37","modified_gmt":"2017-08-16T00:30:37","slug":"reglamento","status":"publish","type":"page","link":"https:\/\/catedras.facet.unt.edu.ar\/e1\/reglamento\/","title":{"rendered":"Reglamento"},"content":{"rendered":"<p>&nbsp;<\/p>\n<p><a href=\"https:\/\/catedras.facet.unt.edu.ar\/e1\/wp-content\/uploads\/sites\/124\/2017\/03\/Sistema-Evaluativo-new.png\"><img loading=\"lazy\" class=\"wp-image-110 aligncenter\" src=\"https:\/\/catedras.facet.unt.edu.ar\/e1\/wp-content\/uploads\/sites\/124\/2017\/03\/Sistema-Evaluativo-new-300x220.png\" alt=\"\" width=\"676\" height=\"496\" \/><\/a><\/p>\n<table width=\"98%\">\n<tbody>\n<tr>\n<td width=\"100%\"><strong>Normas de funcionamiento de la c\u00e1tedra<\/strong><\/td>\n<\/tr>\n<tr>\n<td width=\"100%\"><\/td>\n<\/tr>\n<tr>\n<td width=\"100%\"><strong>\u00a0 1.- De la Regularizaci\u00f3n de la asignatura<\/strong><\/td>\n<\/tr>\n<tr>\n<td width=\"100%\">Para regularizar la asignatura es necesario reunir los siguientes requisitos:<br \/>\na) Estar inscripto en la materia conforme a las disposiciones del reglamento de la carrera.<br \/>\nb) Asistir al 80% de los trabajos pr\u00e1cticos (laboratorios y te\u00f3ricos pr\u00e1cticos) de la asignatura.<br \/>\nc) Presentar el 100% \u00a0y aprobar el 75% de los trabajos de Laboratorio.<br \/>\nd) Aprobar 3 (tres) evaluaciones parciales<\/p>\n<p><strong>1.1- Sobre los trabajos pr\u00e1cticos<\/strong><strong><br \/>\nDe los Trabajos Pr\u00e1cticos de problemas<\/strong><br \/>\na) Se debe cumplir con el 80% de la asistencia a los mismos<br \/>\nb) Deben ser resueltos en forma individual.<br \/>\nc) En la fecha prevista por la c\u00e1tedra se debe presentar la carpeta completa, la que debe incluir estos trabajos pr\u00e1cticos.<br \/>\n<strong><br \/>\nDe los Trabajos Pr\u00e1cticos de Laboratorio<\/strong><br \/>\na) Las pr\u00e1cticas de laboratorio se desarrollar\u00e1n en el Laboratorio Docente de Electr\u00f3nica en los horarios convenidos con los auxiliares.<br \/>\nb) El Ayudante de Laboratorio debe verificar la realizaci\u00f3n de cada ensayo.<br \/>\nc) Los informes de laboratorio pueden ser presentado en forma grupal (uno por grupo de trabajo). Los grupos de trabajo estar\u00e1n integrados como m\u00e1ximo por 3 personas.<br \/>\nd) Para aprobar las pr\u00e1cticas de Laboratorio se debe cumplir con el 80% de la asistencia\u00a0 y aprobar el 75% de los mismos.<br \/>\ne) A los alumnos que cumplieran con todos los requisitos se les extender\u00e1 una boleta interna de \u201cLaboratorio Aprobado\u201d<\/p>\n<p><strong>1.2- Sobre las Evaluaciones parciales<\/strong><br \/>\na) Se tomar\u00e1n <strong>3 (tres) Evaluaciones<\/strong> parciales, las que se aprobar\u00e1n con el <strong>40<\/strong><strong>%<\/strong><strong>.<\/strong><br \/>\nb) Las Evaluaciones parciales se rinden a libro cerrado.<br \/>\nc) Durante la realizaci\u00f3n de las evaluaciones, los docentes solo est\u00e1n autorizados a responder preguntas sobre el enunciado.<br \/>\nd) Durante los <u>7 (siete) d\u00edas<\/u> subsiguientes a la entrega de las notas de los evaluativos, los alumnos podr\u00e1n revisarlos y reclamar nota, en el lugar fijado por la c\u00e1tedra. Pasado este tiempo, el alumno puede consultar su evaluativo, pero no reclamar la nota.<\/p>\n<p><strong>\u00a0<\/strong><\/p>\n<p><strong>1.3- Sobre las recuperaciones<\/strong><br \/>\na) Tendr\u00e1n derecho a recuperar, aquellos alumnos que hayan <strong>aprobado,<\/strong><strong> dos (2)<\/strong> Evaluaciones parciales y tengan el Laboratorio Aprobado.<br \/>\nb) La recuperaci\u00f3n ser\u00e1 parcial en fecha prevista por la C\u00e1tedra. Se recupera exclusivamente la evaluaci\u00f3n desaprobada.<\/p>\n<p>&nbsp;<\/p>\n<p>&nbsp;<\/td>\n<\/tr>\n<tr>\n<td width=\"100%\"><\/td>\n<\/tr>\n<tr>\n<td width=\"100%\"><strong>2<\/strong><strong>.- De la Aprobaci\u00f3n de la asignatura<\/strong><\/td>\n<\/tr>\n<tr>\n<td width=\"100%\">Para aprobar la asignatura \u00a0es necesario regularizar. Luego de cumplido este requisito, el alumno puede optar por alguna de las siguientes dos opciones:<\/p>\n<p>a)\u00a0\u00a0 Aprobar un Examen Final en fechas previstas en el Calendario Acad\u00e9mico de la la FaCET<\/p>\n<p>b)\u00a0\u00a0 Aprobar un Evaluativo Integral oral o escrito en las fechas previstas en el FACET y realizar un Proyecto integrador bajo las condiciones listadas en el punto 4.<\/p>\n<p><strong>\u00a0<\/strong><\/p>\n<p><strong>Nota: <\/strong><\/p>\n<p><strong>Los alumnos que tengan aprobadas las 3 evaluaciones y su promedio sea mayor o igual a 60\/100, no rinden evaluaci\u00f3n integral<\/strong><\/td>\n<\/tr>\n<tr>\n<td width=\"100%\"><strong>3<\/strong><strong>.- Temas necesarios para cursar la materia con \u00e9xito<\/strong><\/td>\n<\/tr>\n<tr>\n<td width=\"100%\">&nbsp;<\/p>\n<p>Es imprescindible que los alumnos manejen los siguientes temas:<\/p>\n<p>Ley de Ohm.<\/p>\n<p>Leyes de Kirchhoff.<\/p>\n<p>Unidades de medici\u00f3n de los par\u00e1metros el\u00e9ctricos.<\/p>\n<p>Impedancias. M\u00f3dulo, fase (manejo de n\u00fameros complejos)<\/p>\n<p>Reactancias, inductivas y capacitivas.<\/p>\n<p>Divisores de tensi\u00f3n y de corriente.<\/p>\n<p>Teoremas de: Superposici\u00f3n, Th\u00e9venin, Norton y Miller<\/p>\n<p>&nbsp;<\/td>\n<\/tr>\n<tr>\n<td width=\"100%\"><strong>4.- Reglamento Proyecto de C\u00e1tedra<\/strong><\/td>\n<\/tr>\n<tr>\n<td width=\"100%\">&nbsp;<\/p>\n<p>Consiste en dise\u00f1ar, simular y\/o construir un circuito propuesto por la c\u00e1tedra.<\/p>\n<p>4.1.- De la evaluaci\u00f3n del Proyecto<br \/>\nLa nota de libreta resultar\u00e1 de evaluar los siguientes aspectos<\/p>\n<p>4.1.1.- Calidad del dise\u00f1o: Construcci\u00f3n, simulaci\u00f3n y ensayo de los circuitos: Se valorar\u00e1 las t\u00e9cnicas utilizadas para poner en funcionamiento los circuitos, modelos utilizados en las simulaciones, criterio adoptado para elegir los par\u00e1metros a medir, m\u00e9todos usados para medir los mismos, selecci\u00f3n del instrumental para los ensayos.<br \/>\n4.1.2.- Informe: Este debe ser por duplicado m\u00e1s una copia electr\u00f3nica. El informe debe contener como m\u00ednimo:<\/p>\n<p>a) Planteo y soluciones del proyecto.<\/p>\n<p>b) Diagramas de bloques, circuitos generales y particulares.<\/p>\n<p>c) Especificaciones t\u00e9cnicas.<\/p>\n<p>d) Presentaci\u00f3n de los resultados obtenidos en simulaciones y ensayos si los hubiera.<\/p>\n<p>e) Evaluaci\u00f3n y conclusiones del proyecto.<\/p>\n<p>f) Bibliograf\u00edas consultadas.<\/p>\n<p>g) Presentaci\u00f3n.<br \/>\n4.1.3.- Rendimiento durante el a\u00f1o.<br \/>\n4.2.- Fecha de presentaci\u00f3n del proyecto.<br \/>\nEsta fecha ser\u00e1 pactada con la c\u00e1tedra, no pudiendo exceder en ning\u00fan caso los treinta d\u00edas a la finalizaci\u00f3n del ciclo lectivo presente.<\/p>\n<p>&nbsp;<\/td>\n<\/tr>\n<\/tbody>\n<\/table>\n","protected":false},"excerpt":{"rendered":"<p>&nbsp; Normas de funcionamiento de la c\u00e1tedra \u00a0 1.- De la Regularizaci\u00f3n de la asignatura Para regularizar la asignatura es necesario reunir los siguientes requisitos: a) Estar inscripto en la materia conforme a las disposiciones del reglamento de la carrera. b) Asistir al 80% de los trabajos pr\u00e1cticos (laboratorios y te\u00f3ricos pr\u00e1cticos) de la asignatura. [&hellip;]<\/p>\n","protected":false},"author":101201,"featured_media":0,"parent":0,"menu_order":0,"comment_status":"closed","ping_status":"closed","template":"","meta":[],"_links":{"self":[{"href":"https:\/\/catedras.facet.unt.edu.ar\/e1\/wp-json\/wp\/v2\/pages\/75"}],"collection":[{"href":"https:\/\/catedras.facet.unt.edu.ar\/e1\/wp-json\/wp\/v2\/pages"}],"about":[{"href":"https:\/\/catedras.facet.unt.edu.ar\/e1\/wp-json\/wp\/v2\/types\/page"}],"author":[{"embeddable":true,"href":"https:\/\/catedras.facet.unt.edu.ar\/e1\/wp-json\/wp\/v2\/users\/101201"}],"replies":[{"embeddable":true,"href":"https:\/\/catedras.facet.unt.edu.ar\/e1\/wp-json\/wp\/v2\/comments?post=75"}],"version-history":[{"count":6,"href":"https:\/\/catedras.facet.unt.edu.ar\/e1\/wp-json\/wp\/v2\/pages\/75\/revisions"}],"predecessor-version":[{"id":248,"href":"https:\/\/catedras.facet.unt.edu.ar\/e1\/wp-json\/wp\/v2\/pages\/75\/revisions\/248"}],"wp:attachment":[{"href":"https:\/\/catedras.facet.unt.edu.ar\/e1\/wp-json\/wp\/v2\/media?parent=75"}],"curies":[{"name":"wp","href":"https:\/\/api.w.org\/{rel}","templated":true}]}}