{"id":2,"date":"2013-11-22T14:58:07","date_gmt":"2013-11-22T14:58:07","guid":{"rendered":"https:\/\/catedras.facet.unt.edu.ar\/sitio1\/?page_id=2"},"modified":"2020-03-13T16:36:37","modified_gmt":"2020-03-13T19:36:37","slug":"transparente","status":"publish","type":"page","link":"https:\/\/catedras.facet.unt.edu.ar\/e1\/transparente\/","title":{"rendered":"Transparente"},"content":{"rendered":"<p>En esta secci\u00f3n encontrar\u00e1s toda la informaci\u00f3n oficial que tiene para informar la c\u00e1tedra<\/p>\n<p>Ingresa aqu\u00ed para ver nuestros comunicados:\u00a0<a href=\"https:\/\/twitter.com\/E1_UNT\">https:\/\/twitter.com\/E1_UNT<\/a><\/p>\n<p>Puedes interactuar con nosotros y tus compa\u00f1eros aqu\u00ed:\u00a0<a href=\"https:\/\/www.facebook.com\/electronicauno.unt\">https:\/\/www.facebook.com\/electronicauno.unt<\/a><\/p>\n<p>&nbsp;<\/p>\n<p>&nbsp;<\/p>\n<p>&nbsp;<\/p>\n<p>&nbsp;<\/p>\n","protected":false},"excerpt":{"rendered":"<p>En esta secci\u00f3n encontrar\u00e1s toda la informaci\u00f3n oficial que tiene para informar la c\u00e1tedra Ingresa aqu\u00ed para ver nuestros comunicados:\u00a0https:\/\/twitter.com\/E1_UNT Puedes interactuar con nosotros y tus compa\u00f1eros aqu\u00ed:\u00a0https:\/\/www.facebook.com\/electronicauno.unt &nbsp; &nbsp; &nbsp; &nbsp;<\/p>\n","protected":false},"author":1,"featured_media":0,"parent":0,"menu_order":0,"comment_status":"closed","ping_status":"closed","template":"","meta":[],"_links":{"self":[{"href":"https:\/\/catedras.facet.unt.edu.ar\/e1\/wp-json\/wp\/v2\/pages\/2"}],"collection":[{"href":"https:\/\/catedras.facet.unt.edu.ar\/e1\/wp-json\/wp\/v2\/pages"}],"about":[{"href":"https:\/\/catedras.facet.unt.edu.ar\/e1\/wp-json\/wp\/v2\/types\/page"}],"author":[{"embeddable":true,"href":"https:\/\/catedras.facet.unt.edu.ar\/e1\/wp-json\/wp\/v2\/users\/1"}],"replies":[{"embeddable":true,"href":"https:\/\/catedras.facet.unt.edu.ar\/e1\/wp-json\/wp\/v2\/comments?post=2"}],"version-history":[{"count":16,"href":"https:\/\/catedras.facet.unt.edu.ar\/e1\/wp-json\/wp\/v2\/pages\/2\/revisions"}],"predecessor-version":[{"id":243,"href":"https:\/\/catedras.facet.unt.edu.ar\/e1\/wp-json\/wp\/v2\/pages\/2\/revisions\/243"}],"wp:attachment":[{"href":"https:\/\/catedras.facet.unt.edu.ar\/e1\/wp-json\/wp\/v2\/media?parent=2"}],"curies":[{"name":"wp","href":"https:\/\/api.w.org\/{rel}","templated":true}]}}