{"id":826,"date":"2018-11-09T11:01:06","date_gmt":"2018-11-09T14:01:06","guid":{"rendered":"https:\/\/catedras.facet.unt.edu.ar\/de\/?page_id=826"},"modified":"2018-11-09T11:03:19","modified_gmt":"2018-11-09T14:03:19","slug":"el-ingeniero","status":"publish","type":"page","link":"https:\/\/catedras.facet.unt.edu.ar\/de\/el-ingeniero\/","title":{"rendered":"\u00c9l Ingeniero"},"content":{"rendered":"<p><strong>Definici\u00f3n del dise\u00f1o de Ingenier\u00eda<\/strong><\/p>\n<p>\u00bfQu\u00e9 es el dise\u00f1o de Ingenier\u00eda? Si hacemos esta pregunta a varios Ingenieros, quiz\u00e1s terminaremos con varias definiciones diferentes. El comit\u00e9 de Acreditaci\u00f3n para Ingenier\u00eda y Tecnolog\u00eda (ABET, por sus siglas en Ingl\u00e9s) proporciona la siguiente definici\u00f3n:<\/p>\n<p>El dise\u00f1o de Ingenier\u00eda es el proceso mediante el cual se crea un sistema, componente o proceso para satisfacer ciertas necesidades. Es un proceso de toma de decisiones (con frecuencia, iterativo), en el que se aplican las ciencias b\u00e1sicas, las matem\u00e1ticas y las ciencias de la Ingenier\u00eda para convertir los recursos de manera \u00f3ptima y cumplir con un objetivo establecido. Entre los elementos fundamentales del proceso de dise\u00f1o se encuentran el establecimiento de <strong>los objetivos y los criterios, la s\u00edntesis, el an\u00e1lisis, la construcci\u00f3n, la prueba y la evaluaci\u00f3n<\/strong>. El componente de dise\u00f1o de Ingenier\u00eda de un curr\u00edculum debe incluir la mayor parte de las siguientes caracter\u00edsticas: desarrollar la creatividad del estudiantes, utilizar problemas abiertos, desarrollar y utilizar la teor\u00eda y la metodolog\u00eda de dise\u00f1o, formular las bases y especificaciones del problema de dise\u00f1o, considerar soluciones alternativas, considerar la factibilidad, procesos de producci\u00f3n, dise\u00f1o concurrente de Ingenier\u00eda y descripciones detalladas del sistema. Adem\u00e1s, es esencial incluir una variedad de restricciones reales, como sin los factores econ\u00f3micos, la seguridad, la confiabilidad, la est\u00e9tica, la \u00e9tica y el impacto social.<\/p>\n<p>&nbsp;<\/p>\n<p>Autor:\u00a0<strong>Muhammad H. Rashid<\/strong><\/p>\n","protected":false},"excerpt":{"rendered":"<p>Definici\u00f3n del dise\u00f1o de Ingenier\u00eda \u00bfQu\u00e9 es el dise\u00f1o de Ingenier\u00eda? Si hacemos esta pregunta a varios Ingenieros, quiz\u00e1s terminaremos con varias definiciones diferentes. El comit\u00e9 de Acreditaci\u00f3n para Ingenier\u00eda y Tecnolog\u00eda (ABET, por sus siglas en Ingl\u00e9s) proporciona la siguiente definici\u00f3n: El dise\u00f1o de Ingenier\u00eda es el proceso mediante el cual se crea un [&hellip;]<\/p>\n","protected":false},"author":101153,"featured_media":0,"parent":0,"menu_order":0,"comment_status":"closed","ping_status":"closed","template":"","meta":[],"_links":{"self":[{"href":"https:\/\/catedras.facet.unt.edu.ar\/de\/wp-json\/wp\/v2\/pages\/826"}],"collection":[{"href":"https:\/\/catedras.facet.unt.edu.ar\/de\/wp-json\/wp\/v2\/pages"}],"about":[{"href":"https:\/\/catedras.facet.unt.edu.ar\/de\/wp-json\/wp\/v2\/types\/page"}],"author":[{"embeddable":true,"href":"https:\/\/catedras.facet.unt.edu.ar\/de\/wp-json\/wp\/v2\/users\/101153"}],"replies":[{"embeddable":true,"href":"https:\/\/catedras.facet.unt.edu.ar\/de\/wp-json\/wp\/v2\/comments?post=826"}],"version-history":[{"count":1,"href":"https:\/\/catedras.facet.unt.edu.ar\/de\/wp-json\/wp\/v2\/pages\/826\/revisions"}],"predecessor-version":[{"id":827,"href":"https:\/\/catedras.facet.unt.edu.ar\/de\/wp-json\/wp\/v2\/pages\/826\/revisions\/827"}],"wp:attachment":[{"href":"https:\/\/catedras.facet.unt.edu.ar\/de\/wp-json\/wp\/v2\/media?parent=826"}],"curies":[{"name":"wp","href":"https:\/\/api.w.org\/{rel}","templated":true}]}}