{"id":52,"date":"2015-01-04T00:31:52","date_gmt":"2015-01-04T03:31:52","guid":{"rendered":"https:\/\/catedras.facet.unt.edu.ar\/de\/?page_id=52"},"modified":"2018-09-10T12:32:47","modified_gmt":"2018-09-10T15:32:47","slug":"horarios","status":"publish","type":"page","link":"https:\/\/catedras.facet.unt.edu.ar\/de\/horarios\/","title":{"rendered":"Horarios"},"content":{"rendered":"<p><strong>CLASES TE\u00d3RICAS<\/strong><\/p>\n<p>Mi\u00e9rcoles 10 a 12 Hs en Aula DEEC2.<\/p>\n<p>Jueves 8 a 10 Hs en Aula DEEC2.<\/p>\n<p><strong>CLASE PR\u00c1CTICA<\/strong><\/p>\n<p>Lunes 8 a 10 Hs en AULA DEEC3.<\/p>\n<p><strong>CONSULTA<\/strong><\/p>\n<p>Lunes de 12 a 14 hs. Ing. Cristian A. Figueroa<\/p>\n<p>Mi\u00e9rcoles de 14 a 16 hs. Srta. Zaida Caiguara<\/p>\n<p>Viernes de 16 a 18 hs. Sr. Nicol\u00e1s Salomon<\/p>\n","protected":false},"excerpt":{"rendered":"<p>CLASES TE\u00d3RICAS Mi\u00e9rcoles 10 a 12 Hs en Aula DEEC2. Jueves 8 a 10 Hs en Aula DEEC2. CLASE PR\u00c1CTICA Lunes 8 a 10 Hs en AULA DEEC3. CONSULTA Lunes de 12 a 14 hs. Ing. Cristian A. Figueroa Mi\u00e9rcoles de 14 a 16 hs. Srta. Zaida Caiguara Viernes de 16 a 18 hs. Sr. [&hellip;]<\/p>\n","protected":false},"author":163,"featured_media":0,"parent":0,"menu_order":4,"comment_status":"closed","ping_status":"closed","template":"","meta":[],"_links":{"self":[{"href":"https:\/\/catedras.facet.unt.edu.ar\/de\/wp-json\/wp\/v2\/pages\/52"}],"collection":[{"href":"https:\/\/catedras.facet.unt.edu.ar\/de\/wp-json\/wp\/v2\/pages"}],"about":[{"href":"https:\/\/catedras.facet.unt.edu.ar\/de\/wp-json\/wp\/v2\/types\/page"}],"author":[{"embeddable":true,"href":"https:\/\/catedras.facet.unt.edu.ar\/de\/wp-json\/wp\/v2\/users\/163"}],"replies":[{"embeddable":true,"href":"https:\/\/catedras.facet.unt.edu.ar\/de\/wp-json\/wp\/v2\/comments?post=52"}],"version-history":[{"count":12,"href":"https:\/\/catedras.facet.unt.edu.ar\/de\/wp-json\/wp\/v2\/pages\/52\/revisions"}],"predecessor-version":[{"id":745,"href":"https:\/\/catedras.facet.unt.edu.ar\/de\/wp-json\/wp\/v2\/pages\/52\/revisions\/745"}],"wp:attachment":[{"href":"https:\/\/catedras.facet.unt.edu.ar\/de\/wp-json\/wp\/v2\/media?parent=52"}],"curies":[{"name":"wp","href":"https:\/\/api.w.org\/{rel}","templated":true}]}}