{"id":50,"date":"2015-01-04T00:31:02","date_gmt":"2015-01-04T03:31:02","guid":{"rendered":"https:\/\/catedras.facet.unt.edu.ar\/de\/?page_id=50"},"modified":"2018-08-16T11:11:45","modified_gmt":"2018-08-16T14:11:45","slug":"docentes","status":"publish","type":"page","link":"https:\/\/catedras.facet.unt.edu.ar\/de\/docentes\/","title":{"rendered":"Docentes"},"content":{"rendered":"<p><strong>Ing. Ricardo Emilio Gonzalez<\/strong><\/p>\n<p><a title=\"rgonzalez@herrera.unt.edu.ar\" href=\"mailto:rgonzalez@herrera.unt.edu.ar\">rgonzalez@herrera.unt.edu.ar<\/a><\/p>\n<p><strong>Profesor Asociado<\/strong><\/p>\n<p>&nbsp;<\/p>\n<p><strong>Ing. Cristian Ariel Figueroa<\/strong><\/p>\n<p><a title=\"cafigueroa@herrera.unt.edu.ar\" href=\"mailto:cafigueroa@herrera.unt.edu.ar\">cafigueroa@herrera.unt.edu.ar<\/a><\/p>\n<p><strong>Jefe de Trabajos Pr\u00e1cticos<\/strong><\/p>\n<p>&nbsp;<\/p>\n<p><strong>Ayudantes Estudiantiles<\/strong><\/p>\n<p><strong>Nicol\u00e1s Salom\u00f3n<\/strong> (Estudiante de Ing. Electr\u00f3nica)<\/p>\n<p><a title=\"taljuk01@gmail.com\" href=\"mailto:taljuk01@gmail.com\">nicolassalomon96@gmail.com<\/a><\/p>\n<p><strong>Zaida Ruth Caiguara<\/strong>\u00a0(Estudiante de Ing. Electr\u00f3nica)<\/p>\n<p><a title=\"interlandizoireff@gmail.com\" href=\"mailto:interlandizoireff@gmail.com\">zaidaruthcr@gmail.com<\/a><\/p>\n","protected":false},"excerpt":{"rendered":"<p>Ing. Ricardo Emilio Gonzalez rgonzalez@herrera.unt.edu.ar Profesor Asociado &nbsp; Ing. Cristian Ariel Figueroa cafigueroa@herrera.unt.edu.ar Jefe de Trabajos Pr\u00e1cticos &nbsp; Ayudantes Estudiantiles Nicol\u00e1s Salom\u00f3n (Estudiante de Ing. Electr\u00f3nica) nicolassalomon96@gmail.com Zaida Ruth Caiguara\u00a0(Estudiante de Ing. Electr\u00f3nica) zaidaruthcr@gmail.com<\/p>\n","protected":false},"author":163,"featured_media":0,"parent":0,"menu_order":3,"comment_status":"closed","ping_status":"closed","template":"","meta":[],"_links":{"self":[{"href":"https:\/\/catedras.facet.unt.edu.ar\/de\/wp-json\/wp\/v2\/pages\/50"}],"collection":[{"href":"https:\/\/catedras.facet.unt.edu.ar\/de\/wp-json\/wp\/v2\/pages"}],"about":[{"href":"https:\/\/catedras.facet.unt.edu.ar\/de\/wp-json\/wp\/v2\/types\/page"}],"author":[{"embeddable":true,"href":"https:\/\/catedras.facet.unt.edu.ar\/de\/wp-json\/wp\/v2\/users\/163"}],"replies":[{"embeddable":true,"href":"https:\/\/catedras.facet.unt.edu.ar\/de\/wp-json\/wp\/v2\/comments?post=50"}],"version-history":[{"count":19,"href":"https:\/\/catedras.facet.unt.edu.ar\/de\/wp-json\/wp\/v2\/pages\/50\/revisions"}],"predecessor-version":[{"id":717,"href":"https:\/\/catedras.facet.unt.edu.ar\/de\/wp-json\/wp\/v2\/pages\/50\/revisions\/717"}],"wp:attachment":[{"href":"https:\/\/catedras.facet.unt.edu.ar\/de\/wp-json\/wp\/v2\/media?parent=50"}],"curies":[{"name":"wp","href":"https:\/\/api.w.org\/{rel}","templated":true}]}}