{"id":48,"date":"2015-01-04T00:28:53","date_gmt":"2015-01-04T03:28:53","guid":{"rendered":"https:\/\/catedras.facet.unt.edu.ar\/de\/?page_id=48"},"modified":"2018-11-14T14:36:22","modified_gmt":"2018-11-14T17:36:22","slug":"cronograma","status":"publish","type":"page","link":"https:\/\/catedras.facet.unt.edu.ar\/de\/cronograma\/","title":{"rendered":"Cronograma"},"content":{"rendered":"<p><b>PR\u00c1CTICOS<\/b><strong>:<\/strong> 3\/9, 10\/9, 26\/9, 1\/10, 8\/10, 29\/10, 5\/11, 12\/11, 21\/11, y 26\/11 &#8211; TOTAL 10<\/p>\n<p><strong>QUICES:<\/strong> 10\/9, 26\/9, 1\/10, 8\/10, 5\/11, 12\/11, 21\/11, y 26\/11 &#8211; TOTAL 8<\/p>\n<p><strong>TRABAJO DE LABORATORIO:<\/strong><\/p>\n<ul>\n<li>Elecci\u00f3n del tema LABORATORIO I semana del 24\/Set<\/li>\n<li>Elecci\u00f3n del tema LABORATORIO II semana del 29\/Oct<\/li>\n<li>Presentaci\u00f3n LABORATORIOS hasta 6\/12<\/li>\n<\/ul>\n<p><strong>PRESENTACI\u00d3N DE DISE\u00d1O DE LAS FUENTES DE TENSI\u00d3N:\u00a0<\/strong>28\/12 Y 29\/12<\/p>\n<p><strong>EVALUACI\u00d3N N\u00b01<\/strong> Lunes 22 de Octubre<\/p>\n<p><strong>EVALUACI\u00d3N N\u00b02<\/strong> Lunes 3 de Diciembre<\/p>\n<p><strong>RECUPERACION<\/strong> Semana del 10 de Diciembre<\/p>\n","protected":false},"excerpt":{"rendered":"<p>PR\u00c1CTICOS: 3\/9, 10\/9, 26\/9, 1\/10, 8\/10, 29\/10, 5\/11, 12\/11, 21\/11, y 26\/11 &#8211; TOTAL 10 QUICES: 10\/9, 26\/9, 1\/10, 8\/10, 5\/11, 12\/11, 21\/11, y 26\/11 &#8211; TOTAL 8 TRABAJO DE LABORATORIO: Elecci\u00f3n del tema LABORATORIO I semana del 24\/Set Elecci\u00f3n del tema LABORATORIO II semana del 29\/Oct Presentaci\u00f3n LABORATORIOS hasta 6\/12 PRESENTACI\u00d3N DE DISE\u00d1O DE [&hellip;]<\/p>\n","protected":false},"author":163,"featured_media":0,"parent":0,"menu_order":2,"comment_status":"closed","ping_status":"closed","template":"","meta":[],"_links":{"self":[{"href":"https:\/\/catedras.facet.unt.edu.ar\/de\/wp-json\/wp\/v2\/pages\/48"}],"collection":[{"href":"https:\/\/catedras.facet.unt.edu.ar\/de\/wp-json\/wp\/v2\/pages"}],"about":[{"href":"https:\/\/catedras.facet.unt.edu.ar\/de\/wp-json\/wp\/v2\/types\/page"}],"author":[{"embeddable":true,"href":"https:\/\/catedras.facet.unt.edu.ar\/de\/wp-json\/wp\/v2\/users\/163"}],"replies":[{"embeddable":true,"href":"https:\/\/catedras.facet.unt.edu.ar\/de\/wp-json\/wp\/v2\/comments?post=48"}],"version-history":[{"count":16,"href":"https:\/\/catedras.facet.unt.edu.ar\/de\/wp-json\/wp\/v2\/pages\/48\/revisions"}],"predecessor-version":[{"id":839,"href":"https:\/\/catedras.facet.unt.edu.ar\/de\/wp-json\/wp\/v2\/pages\/48\/revisions\/839"}],"wp:attachment":[{"href":"https:\/\/catedras.facet.unt.edu.ar\/de\/wp-json\/wp\/v2\/media?parent=48"}],"curies":[{"name":"wp","href":"https:\/\/api.w.org\/{rel}","templated":true}]}}