{"id":2,"date":"2013-11-22T14:58:07","date_gmt":"2013-11-22T14:58:07","guid":{"rendered":"https:\/\/catedras.facet.unt.edu.ar\/sitio1\/?page_id=2"},"modified":"2017-08-14T16:49:24","modified_gmt":"2017-08-14T19:49:24","slug":"reglamento","status":"publish","type":"page","link":"https:\/\/catedras.facet.unt.edu.ar\/de\/reglamento\/","title":{"rendered":"Reglamento"},"content":{"rendered":"<p><strong>ACTIVIDADES<\/strong><\/p>\n<ul>\n<li>Asistir a clases de teor\u00eda: 2 clases semanales de 2 horas c\/u (mi\u00e9rcoles y jueves) en las que se exponen los fundamentos te\u00f3ricos y se recomienda bibliograf\u00eda para el estudio de los temas.<\/li>\n<li>Asistir a clases pr\u00e1cticas: 1 clase semanal de 2 horas los d\u00edas lunes, donde el personal de la c\u00e1tedra resuelve problemas de una gu\u00eda de estudio.<\/li>\n<li>Rendir 8 pruebas de trabajos pr\u00e1cticos (QUIZES): Los d\u00edas lunes durante el horario de los pr\u00e1cticos.<\/li>\n<li>Rendir 2 evaluaciones<\/li>\n<li>Realizar y presentar dos trabajos de Laboratorio : esta actividad se realizar\u00e1 en grupo de no m\u00e1s de 3 personas. El tema de cada trabajo ser\u00e1 a elecci\u00f3n del grupo.<\/li>\n<\/ul>\n<p>&nbsp;<\/p>\n<p><strong>EVALUACION<\/strong><\/p>\n<ul>\n<li>Al final del curso a cada estudiante se le asignara una nota de evaluaci\u00f3n de desempe\u00f1o.<\/li>\n<li>La nota reflejar\u00e1 el trabajo del estudiante durante todo el curso.<\/li>\n<li>Aportaran a esta nota c\/u de las actividades que se realizaran durante el curso<\/li>\n<li>El peso relativo de c\/u de las actividades en la nota final ser\u00e1:<\/li>\n<\/ul>\n<p>\t\u2022\u2022\u2022ASISTENCIA&#8212;&#8212;&#8212;-10%<br \/>\n       \t\u2022\u2022\u2022LABORATORIO&#8212;&#8212;&#8212;15%<br \/>\n        \u2022\u2022\u2022QUICES&#8212;&#8212;&#8212;&#8212;&#8211;25%<br \/>\n\t\u2022\u2022\u2022EVALUACIONES&#8212;&#8212;&#8211;50%<\/p>\n<ul>\n<li>De acuerdo a la nota de evaluaci\u00f3n de desempe\u00f1o, los estudiantes se ubicar\u00e1n de las siguientes condiciones:<\/li>\n<\/ul>\n<p>\u2022\u2022\u2022100% A 80%&#8212;&#8212;&#8212;-PROMOCION<\/p>\n<p>\u2022\u2022\u202279% A 55%&#8212;&#8212;&#8212;&#8211;REGULAR<\/p>\n<p>\u2022\u2022\u202254% A 40%&#8212;&#8212;&#8212;&#8211;RECUPERACION<\/p>\n<p>\u2022\u2022\u202239% A 0%&#8212;&#8212;&#8212;&#8212;LIBRE<\/p>\n<p><strong>PARA REGULARIZAR<\/strong><\/p>\n<ul>\n<li>Nota de Evaluaci\u00f3n mayor o igual a 55%<\/li>\n<li>Figurar en la lista que eleva el Dpto. Alumnos.<\/li>\n<li><strong>PREMIO<\/strong>: Para los que regularicen y rindan en las mesas de examen de los turnos Diciembre 2016, Febrero-Marzo 2017, se les permitir\u00e1 recuperar un tema en el examen.<\/li>\n<\/ul>\n<p><strong>PARA PROMOCIONAR<\/strong><\/p>\n<ul>\n<li>Nota de Evaluaci\u00f3n mayor o igual a 80%<\/li>\n<li>Se inscriba para rendir Examen Final hasta la \u00faltima mesa del turno de Marzo 2017<\/li>\n<li>El d\u00eda del examen se realizar\u00e1 una entrevista para definir la nota de aprobaci\u00f3n.<\/li>\n<\/ul>\n<p><strong>PARA RECUPERAR<\/strong><\/p>\n<ul>\n<li>Nota de Evaluaci\u00f3n mayor o igual a 40%<\/li>\n<li>Figurar en la lista que eleva el Dpto. Alumnos.<\/li>\n<li>Podr\u00e1 elegir recuperar entre las Evaluaciones o los Quices, a fin de completar con el puntaje faltante para REGULARIZAR.<\/li>\n<li>La recuperaci\u00f3n se tomar\u00e1 inmediatamente finalizado el dictado del curso en la semana del 11 de diciembre<\/li>\n<\/ul>\n","protected":false},"excerpt":{"rendered":"<p>ACTIVIDADES Asistir a clases de teor\u00eda: 2 clases semanales de 2 horas c\/u (mi\u00e9rcoles y jueves) en las que se exponen los fundamentos te\u00f3ricos y se recomienda bibliograf\u00eda para el estudio de los temas. Asistir a clases pr\u00e1cticas: 1 clase semanal de 2 horas los d\u00edas lunes, donde el personal de la c\u00e1tedra resuelve problemas [&hellip;]<\/p>\n","protected":false},"author":1,"featured_media":0,"parent":0,"menu_order":1,"comment_status":"closed","ping_status":"closed","template":"","meta":[],"_links":{"self":[{"href":"https:\/\/catedras.facet.unt.edu.ar\/de\/wp-json\/wp\/v2\/pages\/2"}],"collection":[{"href":"https:\/\/catedras.facet.unt.edu.ar\/de\/wp-json\/wp\/v2\/pages"}],"about":[{"href":"https:\/\/catedras.facet.unt.edu.ar\/de\/wp-json\/wp\/v2\/types\/page"}],"author":[{"embeddable":true,"href":"https:\/\/catedras.facet.unt.edu.ar\/de\/wp-json\/wp\/v2\/users\/1"}],"replies":[{"embeddable":true,"href":"https:\/\/catedras.facet.unt.edu.ar\/de\/wp-json\/wp\/v2\/comments?post=2"}],"version-history":[{"count":12,"href":"https:\/\/catedras.facet.unt.edu.ar\/de\/wp-json\/wp\/v2\/pages\/2\/revisions"}],"predecessor-version":[{"id":486,"href":"https:\/\/catedras.facet.unt.edu.ar\/de\/wp-json\/wp\/v2\/pages\/2\/revisions\/486"}],"wp:attachment":[{"href":"https:\/\/catedras.facet.unt.edu.ar\/de\/wp-json\/wp\/v2\/media?parent=2"}],"curies":[{"name":"wp","href":"https:\/\/api.w.org\/{rel}","templated":true}]}}