{"id":37,"date":"2014-08-12T11:49:09","date_gmt":"2014-08-12T14:49:09","guid":{"rendered":"https:\/\/catedras.facet.unt.edu.ar\/controldeprocesos\/home\/"},"modified":"2026-01-27T17:49:25","modified_gmt":"2026-01-27T20:49:25","slug":"incio","status":"publish","type":"page","link":"https:\/\/catedras.facet.unt.edu.ar\/controldeprocesos\/","title":{"rendered":"INICIO"},"content":{"rendered":"<p>&nbsp;<\/p>\n<h1 style=\"text-align: center\"><span style=\"color: #000000\"><strong>IMPORTANTE. Pre-inscripci\u00f3n para el cursado 2026<\/strong><\/span>\u00a0<span style=\"color: #3459c7\"><a style=\"color: #3459c7\" href=\"https:\/\/catedras.facet.unt.edu.ar\/controldeprocesos\/novedades\/\"><strong>AQU\u00cd<\/strong><\/a><\/span><\/h1>\n<h1 style=\"text-align: center\"><span style=\"color: #000000\"><strong>Informaci\u00f3n sobre ex\u00e1menes febrero-marzo<\/strong><\/span>\u00a0<span style=\"color: #3459c7\"><a style=\"color: #3459c7\" href=\"https:\/\/catedras.facet.unt.edu.ar\/controldeprocesos\/novedades\/\"><strong>AQ<span style=\"color: #3459c7\">U<\/span>\u00cd<\/strong><\/a><\/span><\/h1>\n<p>&nbsp;<\/p>\n<h1><strong><span style=\"color: #3459c7\">SOBRE EL CURSO\u00a0<\/span><\/strong><\/h1>\n<p style=\"text-align: justify\">El Curso <strong>Control de Procesos<\/strong> corresponde a una asignatura del \u00faltimo a\u00f1o, m\u00f3dulo IX, de la carrera de <strong>Ingenier\u00eda Qu\u00edmica<\/strong> que se dicta\u00a0 en la Facultad de Ciencias Exactas y Tecnolog\u00eda con modalidad cuatrimestral.<\/p>\n<p>En este sitio encontrar\u00e1 el material de estudio propuesto para los <span style=\"color: #000000\"><strong>alumnos que deben rendir la materia<\/strong><\/span>\u00a0y<span style=\"text-align: justify\">\u00a0que puede ser empleado con provecho por aquellos que quieran profundizar sobre el Control Autom\u00e1tico de los Procesos Industriales.<\/span><span style=\"color: #345900\"><strong><span style=\"color: #3459c7\">\u00a0<\/span><\/strong><\/span><\/p>\n<p style=\"text-align: justify\">Las pr\u00e1cticas experimentales con instrumentaci\u00f3n industrial de campo se lleva a cabo en la asignatura\u00a0<strong><em>Tecnolog\u00eda de los procesos industriales en escala piloto<\/em><\/strong>, en el m\u00f3dulo X.<\/p>\n<p>&nbsp;<\/p>\n<h3><strong><span style=\"color: #3459c7\">DOCENTES<\/span><\/strong><\/h3>\n<p>Dr. \u00a0Mario Rodolfo Cesca (<a href=\"mailto:mcesca@herrera.unt.edu.ar\" target=\"_blank\" rel=\"noopener noreferrer\">mcesca@herrera.unt.edu.ar<\/a>)<br \/>\nIng. Alejandra Patricia Ingaramo (<a href=\"mailto:aingaramo@herrera.unt.edu.ar\" target=\"_blank\" rel=\"noopener noreferrer\">aingaramo@herrera.unt.edu.ar<\/a>)<br \/>\nIng. Eduardo Melqu\u00edades Vera van Gelderen (<a href=\"mailto:everavangelderen@herrera.unt.edu.ar\" target=\"_blank\" rel=\"noopener noreferrer\">everavangelderen@herrera.unt.edu.ar<\/a>)<br \/>\nDr. Pablo Mauricio Jeger (<a href=\"mailto:pjeger@herrera.unt.edu.ar\">pjeger@herrera.unt.edu.ar)<\/a><\/p>\n<p>&nbsp;<\/p>\n<h3><strong><span style=\"color: #3459c7\">WEBMASTER<\/span><\/strong><\/h3>\n<p>Correo electr\u00f3nico:\u00a0 <a href=\"mailto:mcesca@herrera.unt.edu.ar\" target=\"_blank\" rel=\"noopener noreferrer\">mcesca@herrera.unt.edu.ar<\/a><br \/>\nBlock 4 &#8211; 4to Piso &#8211; Box 4-4-21<br \/>\nDepartamento de Ingenier\u00eda de Procesos\u00a0 y Gesti\u00f3n Industrial<br \/>\nFacultad de Ciencias Exactas y Tecnolog\u00eda<br \/>\nAv. Independencia 1800<br \/>\nSan Miguel de Tucum\u00e1n<br \/>\nTE +54-381+4364093 Interno 7702<\/p>\n<p>&nbsp;<\/p>\n<p>&nbsp;<\/p>\n","protected":false},"excerpt":{"rendered":"<p>&nbsp; IMPORTANTE. Pre-inscripci\u00f3n para el cursado 2026\u00a0AQU\u00cd Informaci\u00f3n sobre ex\u00e1menes febrero-marzo\u00a0AQU\u00cd &nbsp; SOBRE EL CURSO\u00a0 El Curso Control de Procesos corresponde a una asignatura del \u00faltimo a\u00f1o, m\u00f3dulo IX, de la carrera de Ingenier\u00eda Qu\u00edmica que se dicta\u00a0 en la Facultad de Ciencias Exactas y Tecnolog\u00eda con modalidad cuatrimestral. En este sitio encontrar\u00e1 el material [&hellip;]<\/p>\n","protected":false},"author":184,"featured_media":0,"parent":0,"menu_order":0,"comment_status":"closed","ping_status":"closed","template":"templates\/template-full.php","meta":[],"_links":{"self":[{"href":"https:\/\/catedras.facet.unt.edu.ar\/controldeprocesos\/wp-json\/wp\/v2\/pages\/37"}],"collection":[{"href":"https:\/\/catedras.facet.unt.edu.ar\/controldeprocesos\/wp-json\/wp\/v2\/pages"}],"about":[{"href":"https:\/\/catedras.facet.unt.edu.ar\/controldeprocesos\/wp-json\/wp\/v2\/types\/page"}],"author":[{"embeddable":true,"href":"https:\/\/catedras.facet.unt.edu.ar\/controldeprocesos\/wp-json\/wp\/v2\/users\/184"}],"replies":[{"embeddable":true,"href":"https:\/\/catedras.facet.unt.edu.ar\/controldeprocesos\/wp-json\/wp\/v2\/comments?post=37"}],"version-history":[{"count":71,"href":"https:\/\/catedras.facet.unt.edu.ar\/controldeprocesos\/wp-json\/wp\/v2\/pages\/37\/revisions"}],"predecessor-version":[{"id":1206,"href":"https:\/\/catedras.facet.unt.edu.ar\/controldeprocesos\/wp-json\/wp\/v2\/pages\/37\/revisions\/1206"}],"wp:attachment":[{"href":"https:\/\/catedras.facet.unt.edu.ar\/controldeprocesos\/wp-json\/wp\/v2\/media?parent=37"}],"curies":[{"name":"wp","href":"https:\/\/api.w.org\/{rel}","templated":true}]}}