{"id":184,"date":"2016-02-22T12:06:33","date_gmt":"2016-02-22T15:06:33","guid":{"rendered":"https:\/\/catedras.facet.unt.edu.ar\/controldeprocesos\/?page_id=184"},"modified":"2021-02-27T14:59:43","modified_gmt":"2021-02-27T17:59:43","slug":"bibliografia-basica","status":"publish","type":"page","link":"https:\/\/catedras.facet.unt.edu.ar\/controldeprocesos\/bibliografia-basica\/","title":{"rendered":"Gu\u00eda Bibliogr\u00e1fica"},"content":{"rendered":"<h1 class=\"entry-title\" style=\"text-align: center;\"><strong><span style=\"color: #3459c7;\">GU\u00cdA BIBLIOGR\u00c1FICA<\/span><\/strong><\/h1>\n<p style=\"text-align: left;\">Esta es una gu\u00eda para que los alumnos aprendan los distintos temas usando la bibliograf\u00eda propuesta para el curso. <strong>Especialmente recomendada para alumnos que preparan su examen final<\/strong>.<\/p>\n<p>&nbsp;<\/p>\n<h3><span style=\"color: #3459c7;\"><strong>T.1: INTRODUCCI\u00d3N AL CONTROL AUTOM\u00c1TICO<\/strong><\/span><\/h3>\n<ul>\n<li>Ollero de Castro, P. y Fern\u00e1ndez Camacho, E., (1997). CONTROL E INSTRUMENTACI\u00d3N DE PROCESOS QU\u00cdMICOS, S\u00edntesis, Madrid, Espa\u00f1a.\u00a0<strong>Cap\u00edtulo 1 (Sec. 1.1 a 1.4); Cap\u00edtulo 2,\u00a0 Cap\u00edtulo 4 (Sec. 4.1 a 4.3 y 4.6); Cap\u00edtulo 15 (Sec. 15.8).<\/strong><\/li>\n<li>Smith, C. A. y Corripio, A. B., (1991). CONTROL AUTOM\u00c1TICO DE PROCESOS, Limusa, M\u00e9jico. <strong>Cap\u00edtulo 1, Cap\u00edtulo 2, Ap\u00e9ndice A.<\/strong><\/li>\n<li>Adam, Eduardo J., (2018). INSTRUMENTACI\u00d3N Y CONTROL DE PROCESOS, Ediciones UNL, Santa Fe, Argentina. <strong>Cap\u00edtulo 1 (Sec. 1.1 a 1.4); Cap\u00edtulo 2; Ap\u00e9ndices A a D.<\/strong><\/li>\n<li>Seborg, D., Mellichamp, D., Edgar, T. y Doyle, F, (2010). PROCESS DYNAMICS AND CONTROL, 3ra.\u00a0Edici\u00f3n, John Wiley &amp; Sons, New York, USA. <strong>Cap\u00edtulo 1, Cap\u00edtulo 2, Cap\u00edtulo 3, Ap\u00e9ndice B<\/strong>.<\/li>\n<li>Bequette, B. Wayne (2003). PROCESS CONTROL: Modeling, Design and Simulation, Prentice Hall, New Jersey, USA. <strong>Cap\u00edtulo 1, Cap\u00edtulo 2, Cap\u00edtulo 3 (Sec. 3.3).<\/strong><\/li>\n<\/ul>\n<p>&nbsp;<\/p>\n<h3><span style=\"color: #3459c7;\"><strong>T.2: DIN\u00c1MICA DE PROCESOS<\/strong><\/span><\/h3>\n<ul>\n<li>Ollero de Castro, P. y Fern\u00e1ndez Camacho, E., (1997). CONTROL E INSTRUMENTACI\u00d3N DE PROCESOS QU\u00cdMICOS, S\u00edntesis, Madrid, Espa\u00f1a.\u00a0<strong>Cap\u00edtulo3; Cap\u00edtulo 4, (Sec. 4.4); Cap\u00edtulo 6 (Sec. 6.1 a 6.3).<\/strong><\/li>\n<li>Smith, C. A. y Corripio, A. B., (1991). CONTROL AUTOM\u00c1TICO DE PROCESOS, Limusa, M\u00e9jico. <strong>Cap\u00edtulo 3, Cap\u00edtulo 4.<\/strong><\/li>\n<li>Adam, Eduardo J., (2018). INSTRUMENTACI\u00d3N Y CONTROL DE PROCESOS, Ediciones UNL, Santa Fe, Argentina. <strong>Cap\u00edtulo 3 y Cap\u00edtulo 5.<\/strong><\/li>\n<li>Seborg, D., Mellichamp, D., Edgar, T. y Doyle, F, (2010). PROCESS DYNAMICS AND CONTROL, 3ra. Edici\u00f3n, John Wiley &amp; Sons, New York, USA. <strong>Cap\u00edtulo 4, Cap\u00edtulo 5, Cap\u00edtulo 6 (Sec. 6.1 a 6.4), Cap\u00edtulo 7 (Sec. 7.2)<\/strong>.<\/li>\n<li>Bequette, B. Wayne (2003). PROCESS CONTROL: Modeling, Design and Simulation, Prentice Hall, New Jersey, USA. <strong>Cap\u00edtulo 3, Sec. 3.3 a 3.10, Cap\u00edtulo 4, Sec. 4.1 a 4.3.<\/strong><\/li>\n<\/ul>\n<p>&nbsp;<\/p>\n<h3><span style=\"color: #3459c7;\"><strong>T.3: INSTRUMENTACI\u00d3N DE LOS SISTEMAS DE CONTROL<\/strong><\/span><\/h3>\n<ul>\n<li>Ollero de Castro, P. y Fern\u00e1ndez Camacho, E., (1997). CONTROL E INSTRUMENTACI\u00d3N DE PROCESOS QU\u00cdMICOS, S\u00edntesis, Madrid, Espa\u00f1a. <strong>Cap\u00edtulo7 (generalidades sobre controladores), Cap\u00edtulo 15 (caracter\u00edsticas de los instrumentos), Cap\u00edtulos 16, 17, 18 y 20<\/strong>.<\/li>\n<li>Smith, C. A. y Corripio, A. B., (1991). CONTROL AUTOM\u00c1TICO DE PROCESOS, Limusa, M\u00e9jico. <strong>Cap\u00edtulo 5, Ap\u00e9ndice C<\/strong>.<\/li>\n<li>Adam, Eduardo J., (2018). INSTRUMENTACI\u00d3N Y CONTROL DE PROCESOS, Ediciones UNL, Santa Fe, Argentina. <strong>Cap\u00edtulo 6; Cap\u00edtulo 7.<\/strong> <strong>y Cap\u00edtulo 8.<\/strong><\/li>\n<li>Seborg, D., Mellichamp, D., Edgar, T. y Doyle, F, (2010). PROCESS DYNAMICS AND CONTROL, 3ra. Edici\u00f3n, John Wiley &amp; Sons, New York, USA. <strong>Cap\u00edtulo 8 (Sec. 8.2 a 8.4), Cap\u00edtulo 9.<\/strong><\/li>\n<\/ul>\n<p>&nbsp;<\/p>\n<h3><span style=\"color: #3459c7;\"><strong>T.4: SISTEMAS EN LAZO CERRADO, COMPORTAMIENTO TEMPORAL<\/strong><\/span><\/h3>\n<ul>\n<li>Ollero de Castro, P. y Fern\u00e1ndez Camacho, E., (1997). CONTROL E INSTRUMENTACI\u00d3N DE PROCESOS QU\u00cdMICOS, S\u00edntesis, Madrid, Espa\u00f1a. <strong>Cap\u00edtulo 8 (Sec. 8.1 a 8.3), Cap\u00edtulo 9<\/strong>.<\/li>\n<li>Smith, C. A. y Corripio, A. B., (1991). CONTROL AUTOM\u00c1TICO DE PROCESOS, Limusa, M\u00e9jico. <strong>Cap\u00edtulo 6 (Sec. 6.1 a 6.3)<\/strong><\/li>\n<li>Adam, Eduardo J., (2018). INSTRUMENTACI\u00d3N Y CONTROL DE PROCESOS, Ediciones UNL, Santa Fe, Argentina. <strong>Cap\u00edtulo 9; Cap\u00edtulo 11 (Sec. 11.1 a 11.3); Cap\u00edtulo 13 y Cap\u00edtulo 14 (Sec. 11.4).<\/strong><\/li>\n<li>Seborg, D., Mellichamp, D., Edgar, T. y Doyle, F, (2010). PROCESS DYNAMICS AND CONTROL, 3ra. Edici\u00f3n, John Wiley &amp; Sons, New York, USA. <strong>Cap\u00edtulo 11 (Sec. 11.1 a 11.4), Cap\u00edtulo 12 (Sec. 12.1, 12.5 y 12.7)<\/strong>.<\/li>\n<li>Bequette, B. Wayne (2003). PROCESS CONTROL: Modeling, Design and Simulation, Prentice Hall, New Jersey, USA. <strong>Cap\u00edtulo 3, Sec. 3.2 y 3.12, Cap\u00edtulo 6, Sec. 6.1 a 6.3.<\/strong><\/li>\n<\/ul>\n<p>&nbsp;<\/p>\n<h3><span style=\"color: #3459c7;\"><strong>T.5: RESPUESTA EN FRECUENCIA<\/strong><\/span><\/h3>\n<ul>\n<li>Ollero de Castro, P. y Fern\u00e1ndez Camacho, E., (1997). CONTROL E INSTRUMENTACI\u00d3N DE PROCESOS QU\u00cdMICOS, S\u00edntesis, Madrid, Espa\u00f1a. <strong>Cap\u00edtulo 5, Cap\u00edtulo 8, Sec. 8.3 a 8.4.<\/strong><\/li>\n<li>Smith, C. A. y Corripio, A. B., (1991). CONTROL AUTOM\u00c1TICO DE PROCESOS, Limusa, M\u00e9jico. <strong>Cap\u00edtulo 7, Secci\u00f3n 7-2.<\/strong><\/li>\n<li>Adam, Eduardo J., (2018). INSTRUMENTACI\u00d3N Y CONTROL DE PROCESOS, Ediciones UNL, Santa Fe, Argentina. <strong>Cap\u00edtulo 10; Cap\u00edtulo 11 (Sec. 11.4).<\/strong><\/li>\n<li>Seborg, D., Mellichamp, D., Edgar, T. y Doyle, F, (2010). PROCESS DYNAMICS AND CONTROL, 3ra. Edici\u00f3n, John Wiley &amp; Sons, New York, USA. <strong>Cap\u00edtulo 5 (Sec. 5.2.3 y 5.4.2), Cap\u00edtulo 14<\/strong>.<\/li>\n<li>Bequette, B. Wayne (2003). PROCESS CONTROL: Modeling, Design and Simulation, Prentice Hall, New Jersey, USA. <strong>Cap\u00edtulo 7.<\/strong><\/li>\n<\/ul>\n<p>&nbsp;<\/p>\n<h3><span style=\"color: #3459c7;\"><strong>T.6: T\u00c9CNICAS AVANZADAS DE CONTROL <\/strong><\/span><\/h3>\n<ul>\n<li>Ollero de Castro, P. y Fern\u00e1ndez Camacho, E., (1997). CONTROL E INSTRUMENTACI\u00d3N DE PROCESOS QU\u00cdMICOS, S\u00edntesis, Madrid, Espa\u00f1a. <strong>Cap\u00edtulo 11.<\/strong><\/li>\n<li>Smith, C. A. y Corripio, A. B., (1991). CONTROL AUTOM\u00c1TICO DE PROCESOS, Limusa, M\u00e9jico. <strong>Cap\u00edtulo 8 y Ap\u00e9ndice B<\/strong>.<\/li>\n<li><strong>S<\/strong>eborg, D., Mellichamp, D., Edgar, T. y Doyle, F, (2010). PROCESS DYNAMICS AND CONTROL, 3ra. Edici\u00f3n, John Wiley &amp; Sons, New York, USA. <strong>Cap\u00edtulo 12 (Sec. 12.6), Cap\u00edtulo 15, Cap\u00edtulo 16 (Sec. 16.1 y 16.4)<\/strong>.<\/li>\n<li>Adam, Eduardo J., (2018). INSTRUMENTACI\u00d3N Y CONTROL DE PROCESOS, Ediciones UNL, Santa Fe, Argentina. <strong>Cap\u00edtulo 15 (Sec. 15.1, 15.2 y 15.4).<\/strong><\/li>\n<li>Bequette, B. Wayne (2003). PROCESS CONTROL: Modeling, Design and Simulation, Prentice Hall, New Jersey, USA. <strong>Cap\u00edtulo 10, Cap\u00edtulo 12.<\/strong><\/li>\n<li>Shinskey, F. G., (1996). PROCESS CONTROL SYSTEMS, 4ta. Edici\u00f3n, McGraw-Hill, USA, el <strong>Cap\u00edtulo 3 <\/strong>contiene un an\u00e1lisis de los lazos simples t\u00edpicos en procesos y en los <strong>Cap\u00edtulos 6 y 7 <\/strong>se desarrollan los sistemas m\u00e1s elaborados de control, con m\u00faltiples ejemplos.<\/li>\n<\/ul>\n<p>&nbsp;<\/p>\n<p>Versi\u00f3n en completa en pdf: <strong><a href=\"https:\/\/catedras.facet.unt.edu.ar\/controldeprocesos\/wp-content\/uploads\/sites\/85\/2020\/02\/Guia_Bibliografica.pdf\" target=\"_blank\" rel=\"noopener noreferrer\">Guia_Bibliografica.pdf<\/a><\/strong><\/p>\n","protected":false},"excerpt":{"rendered":"<p>GU\u00cdA BIBLIOGR\u00c1FICA Esta es una gu\u00eda para que los alumnos aprendan los distintos temas usando la bibliograf\u00eda propuesta para el curso. Especialmente recomendada para alumnos que preparan su examen final. &nbsp; T.1: INTRODUCCI\u00d3N AL CONTROL AUTOM\u00c1TICO Ollero de Castro, P. y Fern\u00e1ndez Camacho, E., (1997). CONTROL E INSTRUMENTACI\u00d3N DE PROCESOS QU\u00cdMICOS, S\u00edntesis, Madrid, Espa\u00f1a.\u00a0Cap\u00edtulo 1 [&hellip;]<\/p>\n","protected":false},"author":184,"featured_media":0,"parent":0,"menu_order":2,"comment_status":"closed","ping_status":"closed","template":"","meta":[],"_links":{"self":[{"href":"https:\/\/catedras.facet.unt.edu.ar\/controldeprocesos\/wp-json\/wp\/v2\/pages\/184"}],"collection":[{"href":"https:\/\/catedras.facet.unt.edu.ar\/controldeprocesos\/wp-json\/wp\/v2\/pages"}],"about":[{"href":"https:\/\/catedras.facet.unt.edu.ar\/controldeprocesos\/wp-json\/wp\/v2\/types\/page"}],"author":[{"embeddable":true,"href":"https:\/\/catedras.facet.unt.edu.ar\/controldeprocesos\/wp-json\/wp\/v2\/users\/184"}],"replies":[{"embeddable":true,"href":"https:\/\/catedras.facet.unt.edu.ar\/controldeprocesos\/wp-json\/wp\/v2\/comments?post=184"}],"version-history":[{"count":29,"href":"https:\/\/catedras.facet.unt.edu.ar\/controldeprocesos\/wp-json\/wp\/v2\/pages\/184\/revisions"}],"predecessor-version":[{"id":1019,"href":"https:\/\/catedras.facet.unt.edu.ar\/controldeprocesos\/wp-json\/wp\/v2\/pages\/184\/revisions\/1019"}],"wp:attachment":[{"href":"https:\/\/catedras.facet.unt.edu.ar\/controldeprocesos\/wp-json\/wp\/v2\/media?parent=184"}],"curies":[{"name":"wp","href":"https:\/\/api.w.org\/{rel}","templated":true}]}}