{"id":122,"date":"2016-02-18T15:29:58","date_gmt":"2016-02-18T18:29:58","guid":{"rendered":"https:\/\/catedras.facet.unt.edu.ar\/controldeprocesos\/?page_id=122"},"modified":"2026-02-28T19:39:53","modified_gmt":"2026-02-28T22:39:53","slug":"programa","status":"publish","type":"page","link":"https:\/\/catedras.facet.unt.edu.ar\/controldeprocesos\/programa\/","title":{"rendered":"Programaci\u00f3n"},"content":{"rendered":"<h1 style=\"text-align: center\"><strong><span style=\"color: #3459c7\">PROGRAMACI\u00d3N &#8211; 2026<\/span><\/strong><\/h1>\n<p>&nbsp;<\/p>\n<h3><span style=\"color: #3459c7\"><strong>OBJETIVOS<\/strong><\/span><\/h3>\n<p>Formar al estudiante en la s\u00edntesis y\/o an\u00e1lisis de sistemas de control de la Ingenier\u00eda Qu\u00edmica, as\u00ed como en los componentes del hardware disponible para implementar estrategias de control.<\/p>\n<p>&nbsp;<\/p>\n<h3><span style=\"color: #3459c7\"><strong>CARGA HORARIA<\/strong><\/span><\/h3>\n<ul>\n<li>96 horas Totales<\/li>\n<li>6 horas semanales<\/li>\n<\/ul>\n<p>&nbsp;<\/p>\n<h3><span style=\"color: #3459c7\"><strong>CONTENIDOS<\/strong><\/span><\/h3>\n<p><strong>T.1: INTRODUCCI\u00d3N AL CONTROL AUTOM\u00c1TICO. <\/strong><\/p>\n<p>Introducci\u00f3n al control. Variables de entrada y salida. Control manual y control autom\u00e1tico. El mecanismo de realimentaci\u00f3n. Modelos E\/S. \u00c1lgebra de bloques. Diagramas P&amp;I. Norma ISA 5.1. Comportamiento transitorio de los procesos, modelos din\u00e1micos, hip\u00f3tesis de modelado. Ecuaciones diferenciales ordinarias (EDOs). Definici\u00f3n de Transformaci\u00f3n de Laplace. Tablas y propiedades. Mecanismo para resolver EDOs. Aplicaci\u00f3n de las propiedades. Polos y ceros. Expansi\u00f3n de Heaviside. Relaci\u00f3n de transitorios con polos. EDOs no lineales, linealizaci\u00f3n. Sistemas de EDOs.<\/p>\n<p><strong>T.2: DIN\u00c1MICA DE PROCESOS. <\/strong><\/p>\n<p>Variable de desviaci\u00f3n. Funci\u00f3n de transferencia (FT). Pasos para la deducci\u00f3n de FT. Formas can\u00f3nicas, polos y ceros. C\u00f3mo se usa la FT. Cambios t\u00edpicos en las entradas. Respuestas al escal\u00f3n, rampa, pulso, e impulso. Sistemas lineales de 1\u00b0 Orden. Sistemas no lineales de 1\u00b0 Orden. Ejemplos de linealizaci\u00f3n. Integrador. Tiempo muerto. Sistemas de dos elementos de primer orden en serie. Sistemas inherentes de 2\u00b0 orden, respuestas oscilatorias, an\u00e1lisis de los polos complejos. Identificaci\u00f3n de sistemas. Sistemas din\u00e1micos m\u00e1s complejos. Sistemas de alto orden en serie. Caracterizaci\u00f3n simplificada de sistemas de alto orden.<\/p>\n<p><strong>T.3: INSTRUMENTACI\u00d3N DE LOS SISTEMAS DE CONTROL. <\/strong><\/p>\n<p>Instrumentaci\u00f3n industrial. Elementos de medici\u00f3n-transmisi\u00f3n. Elementos primarios y secundarios. Caracter\u00edsticas est\u00e1ticas y din\u00e1micas. Terminolog\u00eda, Norma ISA S51.1. Se\u00f1ales. Fuentes de informaci\u00f3n. Elementos primarios de presi\u00f3n, temperatura, nivel y caudal. Elementos finales de control. La v\u00e1lvula de control, partes. FT de v\u00e1lvulas de control. Especificaci\u00f3n t\u00e9cnica. Tipos m\u00e1s usados. Dimensionamiento. Caracter\u00edstica de flujo inherente e instalada. Acci\u00f3n de las v\u00e1lvulas. Controlador ON OFF. Controlador PID. Acci\u00f3n de los controladores.<\/p>\n<p><strong>T.4: SISTEMAS EN LAZO CERRADO, COMPORTAMIENTO TEMPORAL. <\/strong><\/p>\n<p>Modelado de lazos de control. Sistema de 1\u00b0 orden con control P. Respuesta temporal regulatoria y\u00a0 como servomecanismo. Error de estado estacionario. Sistema de 2\u00b0 orden con control P. Respuesta temporal regulatoria. Respuesta oscilatoria (frecuencia y atenuaci\u00f3n). Influencia de la acci\u00f3n P. Respuesta de la se\u00f1al de control. Concepto de estabilidad. Polos de la Ecuaci\u00f3n caracter\u00edstica y estabilidad. Criterio de Routh. Acci\u00f3n integral. Sistema de 1\u00b0 orden con control PI. Intensidad de acci\u00f3n integral. Acci\u00f3n derivativa. Sistema de 2\u00b0 orden con control PD. Intensidad de acci\u00f3n derivativa. Limitaciones de la acci\u00f3n derivativa. Criterios de conducta de sistemas de control. Sintonizaci\u00f3n, m\u00e9todos en lazo cerrado y en lazo abierto. Control de procesos no lineales con acci\u00f3n proporcional.<\/p>\n<p><strong>T.5: RESPUESTA EN FRECUENCIA. <\/strong><\/p>\n<p>Respuesta estacionaria a la sinusoide. Respuesta en Frecuencia (RF). Diagrama de Bode. RF de sistemas simples, representaci\u00f3n en diagramas de Bode. RF de sistemas complejos. Bosquejo del diagrama de Bode, condiciones asint\u00f3ticas de Bode. Par\u00e1metros cr\u00edticos. Criterio de estabilidad de Bode. M\u00e1rgenes de estabilidad. Frecuencia y ganancia \u00faltimas. Simplificaci\u00f3n de Shinskey. RF y comportamiento temporal. Influencia de las acciones proporcional, integral y derivativa. Efectos del ruido de medici\u00f3n. Influencia de cambios en la planta. No linealidades e incertidumbre. Influencia sobre frecuencia y atenuaci\u00f3n. Robustez. Sintonizaci\u00f3n robusta. Selecci\u00f3n de la caracter\u00edstica de flujo de v\u00e1lvulas.<\/p>\n<p><strong>T.6: T\u00c9CNICAS AVANZADAS DE CONTROL. <\/strong><\/p>\n<p>Caracter\u00edsticas b\u00e1sicas de los lazos simples m\u00e1s comunes de la industria de procesos. Control en cascada. Control selectivo. Control en rangos compartidos y divididos. Avanacci\u00f3n, m\u00e9todos con funciones de transferencia y con modelos est\u00e1ticos. Control de relaci\u00f3n.<\/p>\n<p>&nbsp;<\/p>\n<h3><span style=\"color: #3459c7\"><strong>ACTIVIDADES <span style=\"color: #3459c7\">TE\u00d3RICA<\/span>S Y PR\u00c1C<\/strong><strong>TICAS<\/strong><\/span><\/h3>\n<ul>\n<li><strong>Clases te\u00f3rico-pr\u00e1cticas.<\/strong> Desarrollo de los aspectos de la teor\u00eda aplicados a problemas. Se resuelven y discuten aplicaciones. La metodolog\u00eda es ense\u00f1anza basada en problemas.<\/li>\n<li><strong>Clases de problemas.<\/strong> Resoluci\u00f3n de problemas de an\u00e1lisis y dise\u00f1o de sistemas de control. Las clases de problemas corresponden a los temas desarrollados en las clases te\u00f3rico-pr\u00e1cticas inmediatamente anteriores.<\/li>\n<li><strong>Clases experimentales.<\/strong> Para conocimiento e identificaci\u00f3n de los elementos de un sistema en lazo cerrado de un proceso en escala banco con instrumentaci\u00f3n industrial.<\/li>\n<li><strong>Estudio de casos.<\/strong> Para an\u00e1lisis de sistemas elaborados de control.<\/li>\n<\/ul>\n<p>Todas son actividades presenciales . En el caso en el que, por alguna circunstancia como paro de \u00f3mnibus, desinfecci\u00f3n de las instalaciones, etc., no fuera posible usar las instalaciones del Block 3 de la FACET, entonces las actividades se desarrollar\u00e1n por videoconferencia (excepto la experimental), en los horarios pre-establecidos. El enlace se informar\u00e1 por la plataforma virtual de la materia.<\/p>\n<p>&nbsp;<\/p>\n<h3><span style=\"color: #3459c7\"><strong>HORARIOS<\/strong><\/span><\/h3>\n<ul>\n<li><strong>Lunes &#8211; 10:00 a 12:00<\/strong> &#8211; Aula 4-4-20<\/li>\n<li><strong>Martes &#8211; 10:00 12:00<\/strong> &#8211; Aula 4-4-20<\/li>\n<li><strong>Mi\u00e9rcoles \u2013 10:00 a 12:00<\/strong> \u2013 Aula 4-1-32<\/li>\n<\/ul>\n<p>&nbsp;<\/p>\n<h3><span style=\"color: #3459c7\"><strong>RECURSOS<\/strong><\/span><\/h3>\n<p><strong><em>Libros (en biblioteca de la FACET)<\/em><\/strong><\/p>\n<ul>\n<li>Ollero de Castro, P. y Fern\u00e1ndez Camacho, E., (1997). CONTROL E INSTRUMENTACI\u00d3N DE PROCESOS QU\u00cdMICOS, S\u00edntesis, Madrid, Espa\u00f1a. (1 ejemplar en biblioteca)<\/li>\n<li>Smith, C. A. y Corripio, A. B., (1991). CONTROL AUTOM\u00c1TICO DE PROCESOS, Limusa, M\u00e9jico (traducci\u00f3n de la primera edici\u00f3n en ingl\u00e9s de 1985). (1 ejemplar en biblioteca)<\/li>\n<li>Adam, Eduardo J., (2018). INSTRUMENTACI\u00d3N Y CONTROL DE PROCESOS, Ediciones UNL, Santa Fe, Argentina. (<a href=\"https:\/\/bibliotecavirtual.unl.edu.ar:8443\/handle\/11185\/5542\">https:\/\/bibliotecavirtual.unl.edu.ar:8443\/handle\/11185\/5542<\/a>)<\/li>\n<li>Seborg, D., Mellichamp, D., Edgar, T. y Doyle, F. (2010). PROCESS DYNAMICS AND CONTROL, John Wiley &amp; Sons, New York, USA, 3\u00ba Ed. (1 ejemplar en biblioteca)<\/li>\n<li>Acedo S\u00e1nchez, Jos\u00e9, (2006). CONTROL AVANZADO DE PROCESOS, Ediciones D\u00edaz de Santos, Madrid, Espa\u00f1a (disponible como e-book en biblioteca).<\/li>\n<\/ul>\n<p><strong><em>Videos<\/em><\/strong><br \/>\nDe instrumentaci\u00f3n industrial disponibles en Internet<\/p>\n<p><strong><em>P\u00e1gina Web<\/em><\/strong><br \/>\nPara informaci\u00f3n general y material de estudio de los alumnos\u00a0<strong><a href=\"https:\/\/catedras.facet.unt.edu.ar\/controldeprocesos\/\">https:\/\/catedras.facet.unt.edu.ar\/controldeprocesos\/<\/a><\/strong><\/p>\n<p><strong><em>Plataforma virtual<\/em><\/strong><br \/>\n<em>Google.Classroom institucional<\/em> para desarrollo de actividades te\u00f3rico-pr\u00e1cticas y evaluaciones <a href=\"https:\/\/classroom.google.com\/u\/0\/c\/NzkzNDM5MTUzOTM5\"><strong>https:\/\/classroom.google.com\/u\/0\/c\/NzkzNDM5MTUzOTM5<\/strong><\/a><\/p>\n<p><strong><em>Equipamiento<\/em><\/strong><br \/>\n<em>E<\/em>lementos de medici\u00f3n, actuaci\u00f3n y control industriales de Laboratorio de Control de Procesos\u00a0 4-4-25<\/p>\n<p><strong><em>Aulas<\/em><\/strong><br \/>\nDisponible con proyector multimedia y acceso a red inform\u00e1tica <strong>4-4-20<\/strong> y <strong>4-1-32<\/strong><\/p>\n<p>&nbsp;<\/p>\n<h3><span style=\"color: #3459c7\"><strong>SISTEMA DE EVALUACI\u00d3N<\/strong><\/span><\/h3>\n<p>Para <strong>aprobar<\/strong> la materia <strong>en forma directa<\/strong>, los alumnos deben:<\/p>\n<ol>\n<li style=\"list-style-type: none\">\n<ol>\n<li style=\"list-style-type: none\">\n<ol>\n<li><strong>Asistir<\/strong> al menos al <strong>80 %<\/strong> de todas las clases te\u00f3rico-pr\u00e1cticas, pr\u00e1cticas de problemas.<\/li>\n<li><strong>Presentar informes<\/strong> sobre la clase experimental.<\/li>\n<li><strong>Aprobar <\/strong><strong>dos<\/strong> Evaluaciones parciales sobre problemas aplicados y estudio de casos.<\/li>\n<\/ol>\n<\/li>\n<\/ol>\n<p>Evaluaci\u00f3n 1 comprende Temas 1 al 4<br \/>\nEvaluaci\u00f3n 2 abarca: Temas 5 y 6<\/p>\n<p>En el <strong>per\u00edodo de recuperaci\u00f3n<\/strong>, para <strong>aprobar<\/strong> la materia los alumnos deben:<\/p>\n<ol>\n<li style=\"list-style-type: none\">\n<ol>\n<li style=\"list-style-type: none\">\n<ol>\n<li style=\"list-style-type: none\">\n<ol>\n<li><strong>Asistir<\/strong> al menos al <strong>80 %<\/strong> de todas las clases te\u00f3rico-pr\u00e1cticas de repaso<\/li>\n<li><strong>Aprobaci\u00f3n<\/strong> de pruebas recuperatorias de las evaluaciones desaprobadas en el per\u00edodo regular<\/li>\n<\/ol>\n<\/li>\n<\/ol>\n<\/li>\n<\/ol>\n<\/li>\n<\/ol>\n<p>Los ex\u00e1menes libres se rigen por la reglamentaci\u00f3n de la Facultad. Para rendir libre la materia, debe haberla cursado en forma completa al menos en una oportunidad.<\/p>\n<p><strong>\u00a0<\/strong><\/p>\n<h3><span style=\"color: #3459c7\"><strong>CORRELATIVAS<\/strong><\/span><\/h3>\n<ol>\n<li style=\"list-style-type: none\">\n<ol>\n<li style=\"list-style-type: none\">\n<ul>\n<li>Operaciones Unitarias I<\/li>\n<li>An\u00e1lisis y Dise\u00f1o de Reactores I<\/li>\n<\/ul>\n<\/li>\n<\/ol>\n<\/li>\n<\/ol>\n<p>&nbsp;<\/p>\n<p><strong><a href=\"https:\/\/catedras.facet.unt.edu.ar\/controldeprocesos\/wp-content\/uploads\/sites\/85\/2026\/02\/Programa-2026_CONTROL-DE-PROCESOS-1.pdf\" target=\"_blank\" rel=\"noopener noreferrer\">Programa Anal\u00edtico &#8211; CONTROL DE PROCESOS &#8211; 2026<\/a> <\/strong>(en formato pdf)<\/p>\n<p>&nbsp;<\/li>\n<\/ol>\n","protected":false},"excerpt":{"rendered":"<p>PROGRAMACI\u00d3N &#8211; 2026 &nbsp; OBJETIVOS Formar al estudiante en la s\u00edntesis y\/o an\u00e1lisis de sistemas de control de la Ingenier\u00eda Qu\u00edmica, as\u00ed como en los componentes del hardware disponible para implementar estrategias de control. &nbsp; CARGA HORARIA 96 horas Totales 6 horas semanales &nbsp; CONTENIDOS T.1: INTRODUCCI\u00d3N AL CONTROL AUTOM\u00c1TICO. Introducci\u00f3n al control. Variables de [&hellip;]<\/p>\n","protected":false},"author":184,"featured_media":0,"parent":0,"menu_order":1,"comment_status":"closed","ping_status":"closed","template":"","meta":[],"_links":{"self":[{"href":"https:\/\/catedras.facet.unt.edu.ar\/controldeprocesos\/wp-json\/wp\/v2\/pages\/122"}],"collection":[{"href":"https:\/\/catedras.facet.unt.edu.ar\/controldeprocesos\/wp-json\/wp\/v2\/pages"}],"about":[{"href":"https:\/\/catedras.facet.unt.edu.ar\/controldeprocesos\/wp-json\/wp\/v2\/types\/page"}],"author":[{"embeddable":true,"href":"https:\/\/catedras.facet.unt.edu.ar\/controldeprocesos\/wp-json\/wp\/v2\/users\/184"}],"replies":[{"embeddable":true,"href":"https:\/\/catedras.facet.unt.edu.ar\/controldeprocesos\/wp-json\/wp\/v2\/comments?post=122"}],"version-history":[{"count":77,"href":"https:\/\/catedras.facet.unt.edu.ar\/controldeprocesos\/wp-json\/wp\/v2\/pages\/122\/revisions"}],"predecessor-version":[{"id":1221,"href":"https:\/\/catedras.facet.unt.edu.ar\/controldeprocesos\/wp-json\/wp\/v2\/pages\/122\/revisions\/1221"}],"wp:attachment":[{"href":"https:\/\/catedras.facet.unt.edu.ar\/controldeprocesos\/wp-json\/wp\/v2\/media?parent=122"}],"curies":[{"name":"wp","href":"https:\/\/api.w.org\/{rel}","templated":true}]}}