{"id":109,"date":"2016-02-18T15:51:32","date_gmt":"2016-02-18T18:51:32","guid":{"rendered":"https:\/\/catedras.facet.unt.edu.ar\/controldeprocesos\/?page_id=109"},"modified":"2026-03-16T18:40:06","modified_gmt":"2026-03-16T21:40:06","slug":"novedades","status":"publish","type":"page","link":"https:\/\/catedras.facet.unt.edu.ar\/controldeprocesos\/novedades\/","title":{"rendered":"Novedades"},"content":{"rendered":"<h1 class=\"entry-title\" style=\"text-align: center\"><span style=\"color: #3459c7\"><strong>N<span style=\"color: #3459c7\">OVEDAD<\/span>ES<\/strong><\/span><\/h1>\n<hr \/>\n<h2 style=\"text-align: center\"><span style=\"color: #3459c7\"><strong>EX\u00c1MENES DE MESAS\u00a0 DE ABRIL-JUNIO<\/strong><\/span><\/h2>\n<p style=\"text-align: center\"><strong>Mi\u00e9rcoles 01-04-2026<\/strong> &#8211; Mesa regular y libre<\/p>\n<p style=\"text-align: center\"><strong>Martes 05-05-2026<\/strong> &#8211; Mesa regular<\/p>\n<p style=\"text-align: center\"><strong>Martes 02-06-2026<\/strong> &#8211; Mesa regular<\/p>\n<hr \/>\n<h2 style=\"text-align: center\"><span style=\"color: #3459c7\"><strong>CONSULTAS PARA EX\u00c1MENES\u00a0<\/strong><\/span><\/h2>\n<p>Las\u00a0<strong>CONSULTAS\u00a0<\/strong>para los alumnos que preparan su examen final (Regular o libre) se solicitan por correo electr\u00f3nico a <a href=\"mailto:controldeprocesos@herrera.unt.edu.ar\"><strong>controldeprocesos@herrera.unt.edu.ar<\/strong><\/a> , a los fines de coordinar d\u00eda y hora<strong>.<\/strong><\/p>\n<hr \/>\n<h2 style=\"text-align: center\"><span style=\"color: #3459c7\"><strong>PRE-INSCRIPCI\u00d3N PARA EL CURSADO 2026<\/strong><\/span><\/h2>\n<p>Todos los alumnos que re\u00fanan los requisitos para el cursado de la materia deber\u00e1n pre-inscribirse para tener acceso a las plataforma virtual de la materia. Los invitamos a que <strong>previamente <\/strong>se informen \u00a0sobre el r\u00e9gimen de cursado y aprobaci\u00f3n que encontrar\u00e1n en <strong><a href=\"https:\/\/catedras.facet.unt.edu.ar\/controldeprocesos\/programa\">https:\/\/catedras.facet.unt.edu.ar\/controldeprocesos\/programa<\/a><\/strong><\/p>\n<p>Deber\u00e1n completar partir del\u00a0<strong>01-03-2026 <\/strong>un formulario con sus datos personales haciendo clic <a href=\"https:\/\/docs.google.com\/forms\/d\/e\/1FAIpQLSdPVvRtkfcigc3_PbBjBBit05qOW6YeF-zkgbpKtgzTbLobzA\/viewform?usp=header\"><strong>AQU\u00cd<\/strong><\/a><strong>.<\/strong> Con la pre-inscripci\u00f3n usted recibir\u00e1 la invitaci\u00f3n para acceder a la plataforma Classroom.<\/p>\n<hr \/>\n<p>&nbsp;<\/p>\n<p>&nbsp;<\/p>\n","protected":false},"excerpt":{"rendered":"<p>NOVEDADES EX\u00c1MENES DE MESAS\u00a0 DE ABRIL-JUNIO Mi\u00e9rcoles 01-04-2026 &#8211; Mesa regular y libre Martes 05-05-2026 &#8211; Mesa regular Martes 02-06-2026 &#8211; Mesa regular CONSULTAS PARA EX\u00c1MENES\u00a0 Las\u00a0CONSULTAS\u00a0para los alumnos que preparan su examen final (Regular o libre) se solicitan por correo electr\u00f3nico a controldeprocesos@herrera.unt.edu.ar , a los fines de coordinar d\u00eda y hora. PRE-INSCRIPCI\u00d3N PARA [&hellip;]<\/p>\n","protected":false},"author":184,"featured_media":0,"parent":0,"menu_order":5,"comment_status":"closed","ping_status":"closed","template":"","meta":[],"_links":{"self":[{"href":"https:\/\/catedras.facet.unt.edu.ar\/controldeprocesos\/wp-json\/wp\/v2\/pages\/109"}],"collection":[{"href":"https:\/\/catedras.facet.unt.edu.ar\/controldeprocesos\/wp-json\/wp\/v2\/pages"}],"about":[{"href":"https:\/\/catedras.facet.unt.edu.ar\/controldeprocesos\/wp-json\/wp\/v2\/types\/page"}],"author":[{"embeddable":true,"href":"https:\/\/catedras.facet.unt.edu.ar\/controldeprocesos\/wp-json\/wp\/v2\/users\/184"}],"replies":[{"embeddable":true,"href":"https:\/\/catedras.facet.unt.edu.ar\/controldeprocesos\/wp-json\/wp\/v2\/comments?post=109"}],"version-history":[{"count":282,"href":"https:\/\/catedras.facet.unt.edu.ar\/controldeprocesos\/wp-json\/wp\/v2\/pages\/109\/revisions"}],"predecessor-version":[{"id":1225,"href":"https:\/\/catedras.facet.unt.edu.ar\/controldeprocesos\/wp-json\/wp\/v2\/pages\/109\/revisions\/1225"}],"wp:attachment":[{"href":"https:\/\/catedras.facet.unt.edu.ar\/controldeprocesos\/wp-json\/wp\/v2\/media?parent=109"}],"curies":[{"name":"wp","href":"https:\/\/api.w.org\/{rel}","templated":true}]}}