{"id":107,"date":"2016-02-18T14:57:32","date_gmt":"2016-02-18T17:57:32","guid":{"rendered":"https:\/\/catedras.facet.unt.edu.ar\/controldeprocesos\/?page_id=107"},"modified":"2024-02-22T21:31:50","modified_gmt":"2024-02-23T00:31:50","slug":"material-de-estudio-3","status":"publish","type":"page","link":"https:\/\/catedras.facet.unt.edu.ar\/controldeprocesos\/material-de-estudio-3\/","title":{"rendered":"Material de Estudio"},"content":{"rendered":"<h1 class=\"entry-title\" style=\"text-align: center\"><strong><span style=\"color: #3459c7\">MATERIAL DE ESTUDIO<\/span><\/strong><\/h1>\n<p>Aqu\u00ed encontrar\u00e1 material complementario de la bibliograf\u00eda b\u00e1sica elaborado por la c\u00e1tedra para el cursado regular y para la preparaci\u00f3n del examen final.<\/p>\n<p><span style=\"color: #000000\"><strong>T.1: INTRODUCCI\u00d3N AL CONTROL AUTOM\u00c1TICO<\/strong><\/span><br \/>\n<strong><a href=\"https:\/\/catedras.facet.unt.edu.ar\/controldeprocesos\/wp-content\/uploads\/sites\/85\/2016\/02\/Tp1a.pdf\" target=\"_blank\" rel=\"noopener noreferrer\">Transformaci\u00f3n de Laplace<\/a><\/strong><br \/>\n<strong> <a href=\"https:\/\/catedras.facet.unt.edu.ar\/controldeprocesos\/wp-content\/uploads\/sites\/85\/2016\/02\/Tp1b.pdf\" target=\"_blank\" rel=\"noopener noreferrer\">\u00c1lgebra de bloques<\/a><\/strong><br \/>\n<strong> <a href=\"https:\/\/catedras.facet.unt.edu.ar\/controldeprocesos\/wp-content\/uploads\/sites\/85\/2016\/02\/Tp1c.pdf\" target=\"_blank\" rel=\"noopener noreferrer\">Diagramas P&amp;I. Normas de representaci\u00f3n<\/a><\/strong><br \/>\n<a href=\"https:\/\/catedras.facet.unt.edu.ar\/controldeprocesos\/wp-content\/uploads\/sites\/85\/2018\/07\/T1.4-Introducci\u00f3n-a-Matlab.pdf\" target=\"_blank\" rel=\"noopener noreferrer\"><strong>Introducci\u00f3n a Matlab<\/strong><\/a><br \/>\n<strong><a href=\"https:\/\/catedras.facet.unt.edu.ar\/controldeprocesos\/wp-content\/uploads\/sites\/85\/2016\/02\/Autoevaluacion-Tema-1-1.pdf\" target=\"_blank\" rel=\"noopener noreferrer\">Autoevaluaci\u00f3n del tema<\/a><\/strong><\/p>\n<p><span style=\"color: #000000\"><strong>T.2: DIN\u00c1MICA DE PROCESOS<\/strong><\/span><br \/>\n<strong><a href=\"https:\/\/catedras.facet.unt.edu.ar\/controldeprocesos\/wp-content\/uploads\/sites\/85\/2022\/02\/T2.1-Identificacion-1.pdf\" target=\"_blank\" rel=\"noopener noreferrer\">Determinaci\u00f3n de par\u00e1metros est\u00e1ticos y din\u00e1micos de funciones de transferencia<\/a><\/strong><br \/>\n<strong><a href=\"https:\/\/catedras.facet.unt.edu.ar\/controldeprocesos\/wp-content\/uploads\/sites\/85\/2016\/02\/Tp2-Respuesta-primer-orden-a-pulsos-e-impulso.pdf\" target=\"_blank\" rel=\"noopener noreferrer\">Respuesta de un elemento de primer orden a pulsos e impulso<\/a><\/strong><br \/>\n<strong><a href=\"https:\/\/catedras.facet.unt.edu.ar\/controldeprocesos\/wp-content\/uploads\/sites\/85\/2018\/07\/T2.3-Guia-para-usar-Control-System-Toolbox.pdf\" target=\"_blank\" rel=\"noopener noreferrer\">Guia para usar Control System Toolbox<\/a><\/strong><br \/>\n<strong><a href=\"https:\/\/catedras.facet.unt.edu.ar\/controldeprocesos\/wp-content\/uploads\/sites\/85\/2016\/02\/Guia-para-crear-un-modelo-en-Simulink.pdf\" target=\"_blank\" rel=\"noopener noreferrer\">Gu\u00eda para crear un modelo en Simulink<\/a><\/strong><br \/>\n<strong><a href=\"https:\/\/catedras.facet.unt.edu.ar\/controldeprocesos\/wp-content\/uploads\/sites\/85\/2016\/02\/Autoevaluacion-Tema-2-1.pdf\" target=\"_blank\" rel=\"noopener noreferrer\">Autoevaluaci\u00f3n del tema<\/a><\/strong><\/p>\n<p><span style=\"color: #000000\"><strong>T.3: INSTRUMENTACI\u00d3N DE LOS SISTEMAS DE CONTROL<\/strong><\/span><br \/>\n<strong><a href=\"https:\/\/catedras.facet.unt.edu.ar\/controldeprocesos\/wp-content\/uploads\/sites\/85\/2016\/02\/T3.1-Transmisores.pdf\" target=\"_blank\" rel=\"noopener noreferrer\">Elementos de medici\u00f3n y transmisi\u00f3n<\/a><\/strong><br \/>\n<strong><a href=\"https:\/\/catedras.facet.unt.edu.ar\/controldeprocesos\/wp-content\/uploads\/sites\/85\/2016\/02\/T3.2-Terminologia-de-instrumentacion.pdf\" target=\"_blank\" rel=\"noopener noreferrer\">T\u00e9rminos caracter\u00edsticos de los instrumentos industriales<\/a><\/strong><br \/>\n<strong> <a href=\"https:\/\/catedras.facet.unt.edu.ar\/controldeprocesos\/wp-content\/uploads\/sites\/85\/2016\/02\/Tp3b.pdf\" target=\"_blank\" rel=\"noopener noreferrer\">Criterio de selecci\u00f3n de caudal\u00edmetros<\/a><\/strong><br \/>\n<strong><a href=\"https:\/\/catedras.facet.unt.edu.ar\/controldeprocesos\/wp-content\/uploads\/sites\/85\/2016\/02\/T3.4-Valvulas-1.pdf\" target=\"_blank\" rel=\"noopener noreferrer\">V\u00e1lvulas de control<\/a><\/strong><br \/>\n<strong> <a href=\"https:\/\/catedras.facet.unt.edu.ar\/controldeprocesos\/wp-content\/uploads\/sites\/85\/2016\/02\/Tp3d.pdf\" target=\"_blank\" rel=\"noopener noreferrer\">Bibliograf\u00eda sobre instrumentaci\u00f3n de procesos<\/a><\/strong><br \/>\n<strong><a href=\"https:\/\/catedras.facet.unt.edu.ar\/controldeprocesos\/wp-content\/uploads\/sites\/85\/2016\/02\/T3.6-Dimensionamiento-de-una-valvula-de-control.pdf\" target=\"_blank\" rel=\"noopener noreferrer\">Dimensionamiento de una v\u00e1lvula de control<\/a><\/strong><br \/>\n<strong><a href=\"https:\/\/catedras.facet.unt.edu.ar\/controldeprocesos\/wp-content\/uploads\/sites\/85\/2016\/02\/Autoevaluacion-Tema-3-1.pdf\" target=\"_blank\" rel=\"noopener noreferrer\">Autoevaluaci\u00f3n del tema<\/a><\/strong><\/p>\n<p><span style=\"color: #000000\"><strong>T.4: SISTEMAS EN LAZO CERRADO, COMPORTAMIENTO TEMPORAL<\/strong><\/span><br \/>\n<strong><a href=\"https:\/\/catedras.facet.unt.edu.ar\/controldeprocesos\/wp-content\/uploads\/sites\/85\/2016\/02\/TP4A.pdf\">M\u00e9todos de sintonizaci\u00f3n de controladores PID<\/a><\/strong><br \/>\n<strong> <a href=\"https:\/\/catedras.facet.unt.edu.ar\/controldeprocesos\/wp-content\/uploads\/sites\/85\/2016\/02\/Tp4B.pdf\">Estabilidad de los sistemas en lazo cerrado<\/a><\/strong><br \/>\n<strong><a href=\"https:\/\/catedras.facet.unt.edu.ar\/controldeprocesos\/wp-content\/uploads\/sites\/85\/2016\/02\/Tp4_3-Control-proporcional-y-esfuerzo-de-control.pdf\" target=\"_blank\" rel=\"noopener noreferrer\">Control proporcional y esfuerzo de control<\/a><\/strong><br \/>\n<strong><a href=\"https:\/\/catedras.facet.unt.edu.ar\/controldeprocesos\/wp-content\/uploads\/sites\/85\/2016\/02\/Tp4_4-Efectos-de-la-Acci\u00f3n-Proporcional.pdf\" target=\"_blank\" rel=\"noopener noreferrer\">Efecto de la Acci\u00f3n Proporciona<\/a>l<\/strong><br \/>\n<strong><a href=\"https:\/\/catedras.facet.unt.edu.ar\/controldeprocesos\/wp-content\/uploads\/sites\/85\/2016\/02\/Tp4_5-Efecto-de-la-acci\u00f3n-integral.pdf\" target=\"_blank\" rel=\"noopener noreferrer\">Efecto de la acci\u00f3n integral<\/a><\/strong><br \/>\n<strong><a href=\"https:\/\/catedras.facet.unt.edu.ar\/controldeprocesos\/wp-content\/uploads\/sites\/85\/2016\/02\/Tp4_6-Comparaci\u00f3n-de-las-acciones-P-I-y-D.pdf\" target=\"_blank\" rel=\"noopener noreferrer\">Comparaci\u00f3n de las acciones P, I y D<\/a><\/strong><br \/>\n<strong><a href=\"https:\/\/catedras.facet.unt.edu.ar\/controldeprocesos\/wp-content\/uploads\/sites\/85\/2016\/02\/Tp4_7-Indices-de-calidad-de-respuesta.pdf\" target=\"_blank\" rel=\"noopener noreferrer\">\u00cdndices de calidad de respuesta<\/a><\/strong><br \/>\n<strong><a href=\"https:\/\/catedras.facet.unt.edu.ar\/controldeprocesos\/wp-content\/uploads\/sites\/85\/2016\/02\/Tp4_8-Efecto-de-no-linealidades-1.pdf\" target=\"_blank\" rel=\"noopener noreferrer\">Efecto de no-linealidades en el comportamiento en lazo cerrado<\/a><\/strong><br \/>\n<strong><a href=\"https:\/\/catedras.facet.unt.edu.ar\/controldeprocesos\/wp-content\/uploads\/sites\/85\/2016\/02\/Tp4_9-Comparacion-de-controladores-1.pdf\" target=\"_blank\" rel=\"noopener noreferrer\">Comparaci\u00f3n de controladores<\/a><\/strong><br \/>\n<strong><a href=\"https:\/\/catedras.facet.unt.edu.ar\/controldeprocesos\/wp-content\/uploads\/sites\/85\/2016\/02\/Autoevaluacion-Tema-4-1.pdf\" target=\"_blank\" rel=\"noopener noreferrer\">Autoevaluaci\u00f3n del tema<\/a><\/strong><\/p>\n<p><span style=\"color: #000000\"><strong>T.5: RESPUESTA EN FRECUENCIA<\/strong><\/span><br \/>\n<strong><a href=\"https:\/\/catedras.facet.unt.edu.ar\/controldeprocesos\/wp-content\/uploads\/sites\/85\/2016\/02\/TP5A.pdf\" target=\"_blank\" rel=\"noopener noreferrer\">Bosquejo de la Respuesta en Frecuencia en Diagramas Logar\u00edtmicos<\/a><\/strong><br \/>\n<a href=\"https:\/\/catedras.facet.unt.edu.ar\/controldeprocesos\/wp-content\/uploads\/sites\/85\/2022\/03\/T5.2-Respuesta-en-Frecuencia.pdf\" target=\"_blank\" rel=\"noopener noreferrer\"><strong>Relaci\u00f3n entre el comportamiento temporal y Respuesta en Frecuencia de sistemas en lazo cerrado<\/strong><\/a><br \/>\n<strong><a href=\"https:\/\/catedras.facet.unt.edu.ar\/controldeprocesos\/wp-content\/uploads\/sites\/85\/2016\/02\/Tp5_3-Relacion-entre-respuesta-temporal-y-Margen-de-ganancia.pdf\" target=\"_blank\" rel=\"noopener noreferrer\">Relaci\u00f3n entre respuesta temporal y Margen de ganancia<\/a><\/strong><br \/>\n<strong><a href=\"https:\/\/catedras.facet.unt.edu.ar\/controldeprocesos\/wp-content\/uploads\/sites\/85\/2016\/02\/Tp5_5-Ruido-de-Medicion-1.pdf\" target=\"_blank\" rel=\"noopener noreferrer\">Ruido de Medici\u00f3n<\/a><\/strong><br \/>\n<strong><a href=\"https:\/\/catedras.facet.unt.edu.ar\/controldeprocesos\/wp-content\/uploads\/sites\/85\/2016\/02\/Tp5_6-Sintonizacion-robusta-de-un-controlador-1.pdf\" target=\"_blank\" rel=\"noopener noreferrer\">Sintonizaci\u00f3n robusta de un controlador<\/a><\/strong><br \/>\n<strong><a href=\"https:\/\/catedras.facet.unt.edu.ar\/controldeprocesos\/wp-content\/uploads\/sites\/85\/2016\/02\/Tp5_7-Calculo-de-margenes-de-estabilidad-2.pdf\" target=\"_blank\" rel=\"noopener noreferrer\">C\u00e1lculo de m\u00e1rgenes de estabilidad<\/a><\/strong><br \/>\n<strong><a href=\"https:\/\/catedras.facet.unt.edu.ar\/controldeprocesos\/wp-content\/uploads\/sites\/85\/2016\/02\/Autoevaluacion-Tema-5-1.pdf\" target=\"_blank\" rel=\"noopener noreferrer\">Autoevaluaci\u00f3n del tema<\/a><\/strong><\/p>\n<p><strong><span style=\"color: #000000\">T.6: T\u00c9CNICAS AVANZADAS DE CONTROL <\/span><\/strong><br \/>\n<strong><a href=\"https:\/\/catedras.facet.unt.edu.ar\/controldeprocesos\/wp-content\/uploads\/sites\/85\/2016\/02\/T6-Lazos-Tipicos-de-Control-de-Proceso-1.pdf\" target=\"_blank\" rel=\"noopener noreferrer\">Caracter\u00edsticas de lazos t\u00edpicos en Control de Procesos<\/a><\/strong><br \/>\n<strong><a href=\"https:\/\/catedras.facet.unt.edu.ar\/controldeprocesos\/wp-content\/uploads\/sites\/85\/2016\/02\/T6-Control-en-Cascada-1.pdf\" target=\"_blank\" rel=\"noopener noreferrer\">Caso de Estudio: Control en Cascada<\/a><\/strong><br \/>\n<strong><a href=\"https:\/\/catedras.facet.unt.edu.ar\/controldeprocesos\/wp-content\/uploads\/sites\/85\/2016\/02\/T6-Feedforward-1.pdf\" target=\"_blank\" rel=\"noopener noreferrer\">Caso de Estudio: Control Feedforward (Avanacci\u00f3n)<\/a><\/strong><br \/>\n<strong><a href=\"https:\/\/catedras.facet.unt.edu.ar\/controldeprocesos\/wp-content\/uploads\/sites\/85\/2016\/02\/T6-Estrategias-en-un-equipo-Horno.pdf\" target=\"_blank\" rel=\"noopener noreferrer\">Caso de estudio: Control de depresi\u00f3n en el hogar y de temperatura en un horno<\/a><\/strong><br \/>\n<strong><a href=\"https:\/\/catedras.facet.unt.edu.ar\/controldeprocesos\/wp-content\/uploads\/sites\/85\/2016\/02\/T6-Caso-de-Estudio-Selectivo-1-1.pdf\" target=\"_blank\" rel=\"noopener noreferrer\">Caso de estudio: Control selectivo por relevo en un tanque pulm\u00f3n<\/a><\/strong><br \/>\n<strong><a href=\"https:\/\/catedras.facet.unt.edu.ar\/controldeprocesos\/wp-content\/uploads\/sites\/85\/2016\/02\/T6-Caso-de-Estudio-Selectivo-2-1.pdf\" target=\"_blank\" rel=\"noopener noreferrer\">Caso de estudio: Control selectivo por relevo en colectores de vapor<\/a><\/strong><br \/>\n<strong><a href=\"https:\/\/catedras.facet.unt.edu.ar\/controldeprocesos\/wp-content\/uploads\/sites\/85\/2016\/02\/T6-Control-por-rango-dividido-1.pdf\" target=\"_blank\" rel=\"noopener noreferrer\">Caso de Estudio: Control por rango dividido &#8211; 1<\/a><\/strong><br \/>\n<strong><a href=\"https:\/\/catedras.facet.unt.edu.ar\/controldeprocesos\/wp-content\/uploads\/sites\/85\/2016\/02\/T6-Control-por-rango-dividido-2.pdf\" target=\"_blank\" rel=\"noopener noreferrer\">Caso de Estudio: Control por rango dividido &#8211; 2<\/a><\/strong><br \/>\n<strong><a href=\"https:\/\/catedras.facet.unt.edu.ar\/controldeprocesos\/wp-content\/uploads\/sites\/85\/2016\/02\/T6-Control-por-rango-compartido.pdf\" target=\"_blank\" rel=\"noopener noreferrer\">Caso de Estudio: Control por rango compartido<\/a><\/strong><br \/>\n<strong><a href=\"https:\/\/catedras.facet.unt.edu.ar\/controldeprocesos\/wp-content\/uploads\/sites\/85\/2016\/02\/Tp6_4-Control-Automatico-y-Control-de-Procesos.pdf\" target=\"_blank\" rel=\"noopener noreferrer\">Control Autom\u00e1tico y Control de Procesos. Perspectiva hist\u00f3rica<\/a><\/strong><br \/>\n<strong> <a href=\"https:\/\/catedras.facet.unt.edu.ar\/controldeprocesos\/wp-content\/uploads\/sites\/85\/2016\/02\/Tp6_5-Leyes-lenguajes-y-niveles-del-control-de-procesos.pdf\" target=\"_blank\" rel=\"noopener noreferrer\">Leyes, Leguajes y Niveles del Control de Procesos<\/a><\/strong><\/p>\n<p>&nbsp;<\/p>\n","protected":false},"excerpt":{"rendered":"<p>MATERIAL DE ESTUDIO Aqu\u00ed encontrar\u00e1 material complementario de la bibliograf\u00eda b\u00e1sica elaborado por la c\u00e1tedra para el cursado regular y para la preparaci\u00f3n del examen final. T.1: INTRODUCCI\u00d3N AL CONTROL AUTOM\u00c1TICO Transformaci\u00f3n de Laplace \u00c1lgebra de bloques Diagramas P&amp;I. Normas de representaci\u00f3n Introducci\u00f3n a Matlab Autoevaluaci\u00f3n del tema T.2: DIN\u00c1MICA DE PROCESOS Determinaci\u00f3n de par\u00e1metros [&hellip;]<\/p>\n","protected":false},"author":184,"featured_media":0,"parent":0,"menu_order":4,"comment_status":"closed","ping_status":"closed","template":"","meta":[],"_links":{"self":[{"href":"https:\/\/catedras.facet.unt.edu.ar\/controldeprocesos\/wp-json\/wp\/v2\/pages\/107"}],"collection":[{"href":"https:\/\/catedras.facet.unt.edu.ar\/controldeprocesos\/wp-json\/wp\/v2\/pages"}],"about":[{"href":"https:\/\/catedras.facet.unt.edu.ar\/controldeprocesos\/wp-json\/wp\/v2\/types\/page"}],"author":[{"embeddable":true,"href":"https:\/\/catedras.facet.unt.edu.ar\/controldeprocesos\/wp-json\/wp\/v2\/users\/184"}],"replies":[{"embeddable":true,"href":"https:\/\/catedras.facet.unt.edu.ar\/controldeprocesos\/wp-json\/wp\/v2\/comments?post=107"}],"version-history":[{"count":99,"href":"https:\/\/catedras.facet.unt.edu.ar\/controldeprocesos\/wp-json\/wp\/v2\/pages\/107\/revisions"}],"predecessor-version":[{"id":1159,"href":"https:\/\/catedras.facet.unt.edu.ar\/controldeprocesos\/wp-json\/wp\/v2\/pages\/107\/revisions\/1159"}],"wp:attachment":[{"href":"https:\/\/catedras.facet.unt.edu.ar\/controldeprocesos\/wp-json\/wp\/v2\/media?parent=107"}],"curies":[{"name":"wp","href":"https:\/\/api.w.org\/{rel}","templated":true}]}}