{"id":95,"date":"2017-05-16T11:55:11","date_gmt":"2017-05-16T14:55:11","guid":{"rendered":"https:\/\/catedras.facet.unt.edu.ar\/compsci\/?page_id=95"},"modified":"2019-10-07T07:07:33","modified_gmt":"2019-10-07T10:07:33","slug":"mluege","status":"publish","type":"page","link":"https:\/\/catedras.facet.unt.edu.ar\/compsci\/mluege\/","title":{"rendered":"Mariela LUEGE"},"content":{"rendered":"<div>\n<h2>Mariela Luege, MSc, PhD<img loading=\"lazy\" class=\"alignright\" src=\"https:\/\/catedras.facet.unt.edu.ar\/compsci\/wp-content\/uploads\/sites\/126\/2017\/05\/ml.png\" alt=\"mariela luege\" width=\"336\" height=\"320\" border=\"0\" \/><\/h2>\n<h2 style=\"text-align: left;\">Contactos<\/h2>\n<p style=\"text-align: left;\"><a href=\"http:\/\/www.herrera.unt.edu.ar\/iest\/\" target=\"blank\" rel=\"noopener noreferrer\">Instituto de Estructuras &#8216;Ing. Arturo M. Guzm\u00e1n&#8217;<\/a><br \/>\nFacultad de Ciencias Exactas y Tecnolog\u00eda<br \/>\n<a href=\"http:\/\/www.unt.edu.ar\" target=\"blank\" rel=\"noopener noreferrer\">Universidad Nacional de Tucum\u00e1n<\/a><br \/>\nAv. Independencia 1800 &#8211; CP 4000<br \/>\nSan Miguel de Tucum\u00e1n,<br \/>\nTucum\u00e1n, Argentina<br \/>\nTel: +54 (0) 381 4364093<br \/>\nFax: +54 (0) 381 4364087 (cover sheet needed)<br \/>\ne-mail: mluege at herrera dot unt dot edu dot ar<\/p>\n<\/div>\n<div><\/div>\n<div>\n<h2>T\u00edtulos Acad\u00e9micos<\/h2>\n<p>06\/2006 Doctor en Ingenier\u00eda. Tesis sobresaliente. Universidad Nacional de Tucum\u00e1n, S.M. Tucum\u00e1n, Argentina UK<br \/>\n09\/1999 Maestr\u00eda en Ingenier\u00eda Estructural. Tesis sobresaliente. Universidad Nacional de Tucum\u00e1n, S.M. Tucum\u00e1n, Argentina<br \/>\n08\/1996 Diploma en Ingenier\u00eda Civil, Universidad Nacional de La Plata, Argentina<\/p>\n<h2>Posiciones y Actividades Profesionales<\/h2>\n<p>11\/2017-<br \/>\nInvestigador Adjunto <a href=\"http:\/\/www.conicet.gov.ar\" target=\"blank\" rel=\"noopener noreferrer\">CONICET<\/a>, Argentina<\/p>\n<p>10\/2010-10\/2017<br \/>\nInvestigador Asistente <a href=\"http:\/\/www.conicet.gov.ar\" target=\"blank\" rel=\"noopener noreferrer\">CONICET<\/a>, Argentina<\/p>\n<p>06\/2016-<br \/>\nProfesor Adjunto Regular, Facultad de Ciencias Exactas y Tecnolog\u00eda, Universidad Nacional de Tucum\u00e1n, Argentina<\/p>\n<p>09\/2010-05\/2016<br \/>\nProfesor Adjunto Interino, Facultad de Ciencias Exactas y Tecnolog\u00eda,Universidad Nacional de Tucum\u00e1n, Argentina<\/p>\n<p>08\/2007-08\/2010<br \/>\nInvestigador Posdoctoral, categor\u00eda Adjunto, School of Engineering, Swansea University, UK.<br \/>\nTema: Dise\u00f1o y optimizaci\u00f3n en compuestos<\/p>\n<p>03\/2007-07\/2007<br \/>\nInvestigador Posdoctoral, categor\u00eda Adjunto, Civil and Computational Engineering Centre,<br \/>\nSwansea University, UK. Tema: Interacci\u00f3n-fluido estructura en el sistema circulatorio humano.<\/p>\n<p>11\/2006-01\/2007<br \/>\nInvestigador Posdoctoral, categor\u00eda Adjunto, Civil and Computational Engineering Centre,<br \/>\nSwansea University, UK. Tema: An\u00e1lisis de tensiones de un ventilador industrial.<\/p>\n<p>09\/2004-03\/2005<br \/>\nAsistente de Investigaci\u00f3n, CIMNE, Centro Internacional de M\u00e9todos Num\u00e9ricos en Ingenier\u00eda,<br \/>\nUniversidad Polit\u00e9cnica de Catalu\u00f1a, Barcelona, Espa\u00f1a. Tema: Modelaci\u00f3n constitutiva de pol\u00edmeros utilizados como recubrimiento de nuevos tipos latas para la industria europea (CE)<\/p>\n<p>10\/2003-12\/2003<br \/>\nAsistente de Investigaci\u00f3n METALFORM, Centro Internacional de M\u00e9todos Num\u00e9ricos en<br \/>\nIngenier\u00eda, Universidad Polit\u00e9cnica de Catalu\u00f1a, Barcelona, Espa\u00f1a. Tema: Modelaci\u00f3n constitutiva de pol\u00edmeros en la simulaci\u00f3n de procesos de conformado de metales usando la t\u00e9cnica de hydroforming (PROFIT)<\/p>\n<p>06\/2003<br \/>\nITCP Abdus Salam International Center for Theoretical Physics, Trieste, Italia. Tema: Comportamiento<br \/>\nfriccional de una interfaz elast\u00f3mero\/metal.<\/p>\n<p>01\/2003-06\/2003<br \/>\nProfesor del Curso de postgrado PRO-VEL organizado por la Agencia de Investigaci\u00f3n y Producci\u00f3n Avanzada. Universidad de Napoles Federico II, Italia.<\/p>\n<p>09\/2001-06\/2002<br \/>\nInvestigador, Civil and Computational Engineering Centre, Swansea University, UK.<br \/>\nTema: Modelaci\u00f3n de problemas de contacto\/impacto sin fricci\u00f3n usando el c\u00f3digo de elementos finitos\/discretos ELFEN.<\/p>\n<p>01\/2001-07\/2001<br \/>\nInvestigador, QUANTECH Software, Universidad Polit\u00e9cnica de Catalu\u00f1a, Barcelona, Espa\u00f1a.<br \/>\nTema: Tratamiento de un modelo constitutivo para elast\u00f3meros y implementaci\u00f3n en el c\u00f3digo de elementos finitos STAMPACK.<\/p>\n<p>10\/1999-02\/2000<br \/>\nInvestigador, LEMIT Laboratorio de Entrenamiento Multidisciplinario para la Investigaci\u00f3n Tecnol\u00f3gica, La Plata Tema: Evaluaci\u00f3n num\u00e9rica y experimental del comportamiento de hormigones con fibras afectados por altas temperaturas.<\/p>\n<p>08\/1997-07\/1999<br \/>\nLaboratorio de Estructuras. Universidad Nacional de Tucum\u00e1n. Tema: Acci\u00f3n de cargas impulsivas sobre estructuras y suelos (CIUNT); Tema: Predicci\u00f3n de falla de metales y geomateriales (PEICONICET)<\/p>\n<p>06\/1995-08\/1995<br \/>\nLaboratorio de Pavimentos e Ingeniera Vial, Universidad Nacional de La Plata, Tema: Inspecci\u00f3n y evaluaci\u00f3n de pavimentos en ejecuci\u00f3n.<\/p>\n<p>04\/1993-02\/1995<br \/>\nAyudante Alumna Ad-Honorem de la C\u00e1tedra de Estructuras I y II (Est\u00e1tica y Resistencia de Materiales), Universidad Nacional de La Plata, Argentina<\/p>\n<h2>Becas &amp; Afiliaciones<\/h2>\n<p>08\/2007-08\/2010: Miembro del <a href=\"http:\/\/www.welshcomposites.co.uk\">Welsh Composite Center<\/a>.<\/p>\n<p>10\/2004: Beca CISM para participar en el curso &#8216;Nonsmooth Mechanics of Solids&#8217;.<\/p>\n<p>06\/2003: Beca ITCP para un trabajo de investigaci\u00f3n con Prof. Bo Persson.<\/p>\n<p>08\/1997-09\/1999: Beca FOMEC para el Magister en Ingenier\u00eda Structural<\/p>\n<p>04\/1993-02\/1995: Miembro del &#8216;Consejo Asesor Departamental&#8217;. Departamento de Construcciones. Universidad Nacional de La Plata, Argentina<\/p>\n<h2>Publicaciones<\/h2>\n<p><strong><em>Articulos con Referato<\/em><\/strong><\/p>\n<p>M. Luege, A. Orlando, M. E. Almenar, Elvio A. Pilotta, An energetic formulation of a gradient damage model for concrete and its numerical implementation. International Journal of Solids and Structures, 155 (2018) 160-184. DOI: <a href=\"https:\/\/doi.org\/10.1016\/j.ijsolstr.2018.07.017\">10.1016\/j.ijsolstr.2018.07.017<\/a><\/p>\n<p>M. Luege, J.B. Lucero, M.C. Torrijo, A. Orlando, <a href=\"https:\/\/catedras.facet.unt.edu.ar\/compsci\/wp-content\/uploads\/sites\/126\/2017\/05\/2016LLTO@AMM.pdf\">Coupled mechanical and fluid flow analysis in fractured saturated porous media using the XFEM<\/a>. Applied Mathematical Modelling 40 (2016) 4480\u20134504. DOI: 10.1016\/j.apm.2015.11.032<\/p>\n<p>M. Luege, A. Orlando, J. Sienz, <a href=\"https:\/\/catedras.facet.unt.edu.ar\/compsci\/wp-content\/uploads\/sites\/126\/2017\/05\/2013LOS@AMM.pdf\">A finite strain contact model for mixed lubricated surfaces in forming processes.<\/a>\u00a0Applied Mathematical Modelling 37 (2013) 9985-10006.\u00a0DOI: 10.1016\/j.apm.2013.06.003<\/p>\n<p>J. Sienz, A. Goublomme, M. Luege: <a href=\"https:\/\/catedras.facet.unt.edu.ar\/compsci\/wp-content\/uploads\/sites\/126\/2017\/05\/2010SienzGoubLuegeCS.pdf\">Sensitivity analysis for the design of profile extrusion dies<\/a>. Computers &amp; Structures, 80 (2010) 610-624.<\/p>\n<p>M. Luege, B.M. Luccioni: <a href=\"https:\/\/catedras.facet.unt.edu.ar\/compsci\/wp-content\/uploads\/sites\/126\/2017\/05\/2008LuegeLuccioniJMPT.pdf\">Numerical simulation of the lubricant performance in tube hydroforming<\/a>. J. Materials Processing Technology, 198 (2008) 372-380.<\/p>\n<p>M. Luege, B.M. Luccioni: Finite strain model for contact interface in forming processes. PAMM, 6 (2006) 241-242.<\/p>\n<p>B.M. Luccioni, M. Luege: <a href=\"https:\/\/catedras.facet.unt.edu.ar\/compsci\/wp-content\/uploads\/sites\/126\/2017\/05\/2006LuccioniLuegeIJIE.pdf\">Concrete pavement slab under blast loads. Int. J. of Impact Engrg<\/a>., 32 (2005) 1248-1266.<\/p>\n<p>M. Luege, B.M. Luccioni, R. Danesi: Rate-dependent scalar damage model. (In Spanish). Revista International de M\u00e9todos Num\u00e9ricos en Ingenier\u00eda, 18 (2002) 3-17.<\/p>\n<\/div>\n<div>\n<strong><em>Cap\u00edtulo de Libro<\/em><\/strong><\/p>\n<p>J.Sienz, M. Luege: <a href=\"https:\/\/catedras.facet.unt.edu.ar\/compsci\/wp-content\/uploads\/sites\/126\/2017\/05\/2010SLF.pdf\">Continuous Optimization. Encyclopedia of Aerospace Engineering<\/a>. Chapter 8.6.05. R. Haftka (Ed.) John Wiley &amp; Sons Ltd, 2010. DOI:\u00a010.1002\/9780470686652.eae498<\/p>\n<p><strong><em>Conferencias<\/em><\/strong><\/p>\n<p>J. Sienz, M. Luege, F. Fuerle: Computation design of a composite race car seat meeting international regulation<br \/>\nstandards. MECOM 2010, Buenos Aires, Argentina, 2010<\/p>\n<p>M. Luege, B. Luccioni, Finite strain model for contact interface in forming processes. GAMM Annual Meeting, Berlin, Germany, 2006<\/p>\n<p>M. Luege, B. Luccioni: Finite strain model for elastomer-aluminium contact interface in forming processes. COMPLAS 2005, Barcelona Espa\u00f1a, 2005.<\/p>\n<p>J. Rojek, M. Luege, E. O\u00f1ate: Numerical model of polymer coated steel sheet forming. COMPLAS 2005,<br \/>\nBarcelona, Espa\u00f1a, 2005.<\/p>\n<p>M. Luege, B.M. Luccioni: Numerical simulation of an elastomer in a metalforming process. In Proceedings of MECOM 2005, VIII Argentinian Congress of Computational Mechanics, Buenos Aires, Argentina, 2005.<\/p>\n<p>M. Luege, D.R.J. Owen, J. Yu, B.M. Luccioni: Modelling of frictionless contact\/impact problems in explicit dynamics. MECOM 2002 &amp; First Latinoamerican Congress. Santa F\u00e9, Argentina, 2002.<\/p>\n<p>M. Luege, B.M. Luccioni, G. Giaccio, R. Zerbino:. Numerical simulation of the behaviour of concrete previously exposed to high temperatures. ENIEF 2000 Congress, Bariloche, Argentina, 2000.<\/p>\n<p>M. Luege, B.M. Luccioni: A concrete plate simulation response under blast loads. (In Spanish). ENIEF 2000 Congress, Bariloche, Argentina, 2000.<\/p>\n<p>B.M. Luccioni, M. Luege, R. Danesi: Experimental analyses of a concrete plate under blast loads. JUBILEO 2000 Congress, Punta del Este, Uruguay, 2000.<\/p>\n<p>M. Luege, B.M. Luccioni, R. Danesi: Rate dependent scalar damage model. MECOM 1999 Congress, Mendoza, Argentina, 1999.<\/p>\n<p><strong><em>Tesis<\/em><\/strong><br \/>\nM. Luege<br \/>\n<a href=\"https:\/\/catedras.facet.unt.edu.ar\/compsci\/wp-content\/uploads\/sites\/126\/2017\/05\/MSc_ML.pdf\">Simulaci\u00f3n del comportamiento de materiales bajo cargas explosivas.<\/a><br \/>\nM.Sc. Tesis, Universidad Nacional de Tucum\u00e1n, Argentina, 1999<\/p>\n<p>M. Luege<br \/>\nResoluci\u00f3n num\u00e9rica del conformado de metales mediante \u2018hydroforming\u2019.<br \/>\nPh.D. Tesis, Universidad Nacional de Tucum\u00e1n, Argentina, 2005<\/p>\n<h2>Docencia<\/h2>\n<p><em><strong>Curso de grado:<\/strong><\/em><br \/>\nEstabilidad IV.<\/p>\n<p><em><strong>Cursos de posgrado:<\/strong><\/em><br \/>\nMec\u00e1nica de los S\u00f3lidos. Maestr\u00eda en Ingenier\u00eda Estructural.<br \/>\nOptimizaci\u00f3n de Estructuras y Materiales. Maestr\u00eda en Ingenier\u00eda Estructural.<br \/>\nModelaci\u00f3n Constitutiva II. Maestr\u00eda en Ingenier\u00eda Estructural.<\/p>\n<h2>Temas de Investigaci\u00f3n<\/h2>\n<p>Modelaci\u00f3n constitutiva de materiales<br \/>\nMec\u00e1nica computacional del contacto<br \/>\nMec\u00e1nica de la fractura<br \/>\nOptimizaci\u00f3n estructural y de materiales<\/p>\n<\/div>\n<p><!-- Start of StatCounter Code for Default Guide --><br \/>\n<script type=\"text\/javascript\">\nvar sc_project=11347385; \nvar sc_invisible=1; \nvar sc_security=\"c34cd76c\"; \nvar scJsHost = ((\"https:\" == document.location.protocol) ?\n\"https:\/\/secure.\" : \"http:\/\/www.\");\ndocument.write(\"<sc\"+\"ript type='text\/javascript' src='\" + scJsHost+ \"statcounter.com\/counter\/counter.js'><\/\"+\"script>\");\n<\/script><br \/>\n<noscript>&lt;\/p&gt;<br \/>\n&lt;div class=\u00bbstatcounter\u00bb&gt;&lt;a title=\u00bbweb analytics\u00bb href=\u00bbhttp:\/\/statcounter.com\/\u00bb target=\u00bb_blank\u00bb&gt;&lt;img class=\u00bbstatcounter\u00bb src=\u00bb\/\/c.statcounter.com\/11347385\/0\/c34cd76c\/1\/\u00bb alt=\u00bbweb analytics\u00bb&gt;&lt;\/a&gt;&lt;\/div&gt;<br \/>\n&lt;p&gt;<\/noscript><br \/>\n<!-- End of StatCounter Code for Default Guide --><\/p>\n","protected":false},"excerpt":{"rendered":"<p>Mariela Luege, MSc, PhD Contactos Instituto de Estructuras &#8216;Ing. Arturo M. Guzm\u00e1n&#8217; Facultad de Ciencias Exactas y Tecnolog\u00eda Universidad Nacional de Tucum\u00e1n Av. Independencia 1800 &#8211; CP 4000 San Miguel de Tucum\u00e1n, Tucum\u00e1n, Argentina Tel: +54 (0) 381 4364093 Fax: +54 (0) 381 4364087 (cover sheet needed) e-mail: mluege at herrera dot unt dot edu [&hellip;]<\/p>\n","protected":false},"author":101460,"featured_media":0,"parent":0,"menu_order":0,"comment_status":"closed","ping_status":"closed","template":"","meta":[],"_links":{"self":[{"href":"https:\/\/catedras.facet.unt.edu.ar\/compsci\/wp-json\/wp\/v2\/pages\/95"}],"collection":[{"href":"https:\/\/catedras.facet.unt.edu.ar\/compsci\/wp-json\/wp\/v2\/pages"}],"about":[{"href":"https:\/\/catedras.facet.unt.edu.ar\/compsci\/wp-json\/wp\/v2\/types\/page"}],"author":[{"embeddable":true,"href":"https:\/\/catedras.facet.unt.edu.ar\/compsci\/wp-json\/wp\/v2\/users\/101460"}],"replies":[{"embeddable":true,"href":"https:\/\/catedras.facet.unt.edu.ar\/compsci\/wp-json\/wp\/v2\/comments?post=95"}],"version-history":[{"count":26,"href":"https:\/\/catedras.facet.unt.edu.ar\/compsci\/wp-json\/wp\/v2\/pages\/95\/revisions"}],"predecessor-version":[{"id":381,"href":"https:\/\/catedras.facet.unt.edu.ar\/compsci\/wp-json\/wp\/v2\/pages\/95\/revisions\/381"}],"wp:attachment":[{"href":"https:\/\/catedras.facet.unt.edu.ar\/compsci\/wp-json\/wp\/v2\/media?parent=95"}],"curies":[{"name":"wp","href":"https:\/\/api.w.org\/{rel}","templated":true}]}}