{"id":350,"date":"2018-10-02T07:08:08","date_gmt":"2018-10-02T10:08:08","guid":{"rendered":"https:\/\/catedras.facet.unt.edu.ar\/compsci\/?page_id=350"},"modified":"2018-10-02T07:18:02","modified_gmt":"2018-10-02T10:18:02","slug":"ms","status":"publish","type":"page","link":"https:\/\/catedras.facet.unt.edu.ar\/compsci\/cursos\/ms\/","title":{"rendered":"Mec\u00e1nica de los S\u00f3lidos"},"content":{"rendered":"<h2 >Mec\u00e1nica de los S\u00f3lidos<\/h2>\n<p>\n<strong>Responsable:<\/strong> Dra Ing. Mariela Luege\n<\/p>\n<p>\n<strong>Docentes:<\/strong> Dra Ing. Mariela Luege, Dr. Ing. Domingo Sfer, Dra Ing. Bibiana Luccioni, Dra Ing. Liz Nallim,<br \/>\n<strong>Duraci&oacute;n:<\/strong> 80 horas.\n<\/p>\n<h2 >Objetivos<\/h2>\n<p>\nProfundizar en los fundamentos de la mec\u00e1nica de los s\u00f3lidos. Analizar el comportamiento de los s\u00f3lidos deformables, usando an\u00e1lisis tensorial y c\u00e1lculo variacional, y los principios energ\u00e9ticos y termodin\u00e1micos, bases para la soluci\u00f3n aproximada.\n<\/p>\n<h2>Contenido detallado<\/h2>\n<ul>\n<li>An&aacute;lisis Tensorial. <\/li>\n<li>Tensiones. <\/li>\n<li>Deformaciones. <\/li>\n<li>Ecuaci&oacute;n de continuidad. <\/li>\n<li>Ecuaci&oacute;n de Movimiento. <\/li>\n<li>Momento de la cantidad de movimiento. <\/li>\n<li>Primera y Segunda Ley de la Termodin&aacute;mica. <\/li>\n<li>Potenciales termodin&aacute;micos. <\/li>\n<li>Relaci&oacute;n tensi&oacute;n-deformaci&oacute;n para materiales el&aacute;sticos is&oacute;tropos<\/li>\n<li>Problemas de contorno. <\/li>\n<li>Principio de Saint Venant. <\/li>\n<li>Equilibrio y unicidad de las soluciones. <\/li>\n<li>Elasticidad plana.<\/li>\n<li>C&aacute;lculo variacional. <\/li>\n<li>M&aacute;ximos y m&iacute;nimos de funciones de una o m&aacute;s variables. <\/li>\n<li>Ecuaci&oacute;n de Euler. <\/li>\n<li>Lema fundamental del C&aacute;lculo Variacional. <\/li>\n<li>Extremos y funciones estacionarias del problema variacional. <\/li>\n<li>Condiciones naturales de contorno y condiciones de transici&oacute;n. <\/li>\n<li>Expresi&oacute;n variacional del problema de Dirichlet. <\/li>\n<li>Restricciones y multiplicadores de Lagrange. <\/li>\n<li>Puntos extremos variables. <\/li>\n<li>M&eacute;todos directos en los problemas variacionales.<\/li>\n<li>Trabajo y energ&iacute;a. <\/li>\n<li>Principio de Deformaciones Virtuales. <\/li>\n<li>Principios de Fuerzas Virtuales. <\/li>\n<li>Potencial Total. <\/li>\n<li>Teorema de Castigliano. <\/li>\n<li>Potencial Total Complementario. <\/li>\n<li>Teoremas de Engesser y Castigliano. <\/li>\n<li>Leyes de Betti y Maxwell. <\/li>\n<li>Principio de Hamilton. <\/li>\n<li>Funcionales cuadr&aacute;ticos. <\/li>\n<li>M&eacute;todos aproximados de Ritz y Galerkin.<\/li>\n<\/ul>\n<h2>Bibliograf&iacute;a<\/h2>\n<ul>\n<li>Fung Y.C. Foundations of Solids Mechanics, Prentice Hall, 1965. <\/li>\n<li>Malvern L.E., Introduction to the Mechanics of Continuous Medium, Prentice Hall, USA, 1969.<\/li>\n<li>Dym C. L., Shames I. H. Solid Mechanics: A Variational Approach, Mc. Graw- Hill, 1973.<\/li>\n<li>Maugin G. A. The Thermomechanics of Plasticity and Fracture, Camb. Univ.Press, 1992.<\/li>\n<li>Fung Y. C. Classical and Computational Solid Mechanics (Advanced Series in Engineering Science), World Scientific Publishing, 2005.<\/li>\n<\/ul>\n","protected":false},"excerpt":{"rendered":"<p>Mec\u00e1nica de los S\u00f3lidos Responsable: Dra Ing. Mariela Luege Docentes: Dra Ing. Mariela Luege, Dr. Ing. Domingo Sfer, Dra Ing. Bibiana Luccioni, Dra Ing. Liz Nallim, Duraci&oacute;n: 80 horas. Objetivos Profundizar en los fundamentos de la mec\u00e1nica de los s\u00f3lidos. Analizar el comportamiento de los s\u00f3lidos deformables, usando an\u00e1lisis tensorial y c\u00e1lculo variacional, y los [&hellip;]<\/p>\n","protected":false},"author":101460,"featured_media":0,"parent":282,"menu_order":0,"comment_status":"closed","ping_status":"closed","template":"","meta":[],"_links":{"self":[{"href":"https:\/\/catedras.facet.unt.edu.ar\/compsci\/wp-json\/wp\/v2\/pages\/350"}],"collection":[{"href":"https:\/\/catedras.facet.unt.edu.ar\/compsci\/wp-json\/wp\/v2\/pages"}],"about":[{"href":"https:\/\/catedras.facet.unt.edu.ar\/compsci\/wp-json\/wp\/v2\/types\/page"}],"author":[{"embeddable":true,"href":"https:\/\/catedras.facet.unt.edu.ar\/compsci\/wp-json\/wp\/v2\/users\/101460"}],"replies":[{"embeddable":true,"href":"https:\/\/catedras.facet.unt.edu.ar\/compsci\/wp-json\/wp\/v2\/comments?post=350"}],"version-history":[{"count":4,"href":"https:\/\/catedras.facet.unt.edu.ar\/compsci\/wp-json\/wp\/v2\/pages\/350\/revisions"}],"predecessor-version":[{"id":356,"href":"https:\/\/catedras.facet.unt.edu.ar\/compsci\/wp-json\/wp\/v2\/pages\/350\/revisions\/356"}],"up":[{"embeddable":true,"href":"https:\/\/catedras.facet.unt.edu.ar\/compsci\/wp-json\/wp\/v2\/pages\/282"}],"wp:attachment":[{"href":"https:\/\/catedras.facet.unt.edu.ar\/compsci\/wp-json\/wp\/v2\/media?parent=350"}],"curies":[{"name":"wp","href":"https:\/\/api.w.org\/{rel}","templated":true}]}}