{"id":84,"date":"2014-10-01T16:37:29","date_gmt":"2014-10-01T19:37:29","guid":{"rendered":"https:\/\/catedras.facet.unt.edu.ar\/centraleselectricas\/?page_id=84"},"modified":"2015-08-27T10:52:28","modified_gmt":"2015-08-27T13:52:28","slug":"correlatividades","status":"publish","type":"page","link":"https:\/\/catedras.facet.unt.edu.ar\/centraleselectricas\/correlatividades\/","title":{"rendered":"Correlatividades"},"content":{"rendered":"<p><strong>CENTRALES ELECTRICAS<\/strong> (Plan1991, Modificaci\u00f3n 1994)<\/p>\n<p>Materia E7C &#8211; Corresponde al m\u00f3dulo VIII del 4to a\u00f1o de la Carrera de Ing. El\u00e9ctrica.<br \/>\nPertenece al Bloque de Tecnolog\u00edas Aplicadas<\/p>\n<p><strong>Ubicaci\u00f3n de la materia en la Carrera<\/strong><\/p>\n<p><a href=\"https:\/\/catedras.facet.unt.edu.ar\/centraleselectricas\/wp-content\/uploads\/sites\/19\/2014\/10\/Ubicaci\u00f3n-materia.png\"><img loading=\"lazy\" class=\"alignleft wp-image-255 \" src=\"https:\/\/catedras.facet.unt.edu.ar\/centraleselectricas\/wp-content\/uploads\/sites\/19\/2014\/10\/Ubicaci\u00f3n-materia.png\" alt=\"Ubicaci\u00f3n materia\" width=\"624\" height=\"373\" srcset=\"https:\/\/catedras.facet.unt.edu.ar\/centraleselectricas\/wp-content\/uploads\/sites\/19\/2014\/10\/Ubicaci\u00f3n-materia.png 986w, https:\/\/catedras.facet.unt.edu.ar\/centraleselectricas\/wp-content\/uploads\/sites\/19\/2014\/10\/Ubicaci\u00f3n-materia-300x179.png 300w\" sizes=\"(max-width: 624px) 100vw, 624px\" \/><\/a><\/p>\n<p>&nbsp;<\/p>\n<p>&nbsp;<\/p>\n<p>&nbsp;<\/p>\n<p>&nbsp;<\/p>\n<p>&nbsp;<\/p>\n<p>&nbsp;<\/p>\n<p>&nbsp;<\/p>\n<p>&nbsp;<\/p>\n<p>&nbsp;<\/p>\n<p>&nbsp;<\/p>\n<p><strong>Correlativas<\/strong><\/p>\n<p>&nbsp;<\/p>\n<p><a href=\"https:\/\/catedras.facet.unt.edu.ar\/centraleselectricas\/wp-content\/uploads\/sites\/19\/2014\/10\/correlativas.jpg\"><img loading=\"lazy\" class=\"alignleft wp-image-256\" src=\"https:\/\/catedras.facet.unt.edu.ar\/centraleselectricas\/wp-content\/uploads\/sites\/19\/2014\/10\/correlativas.jpg\" alt=\"correlativas\" width=\"701\" height=\"124\" srcset=\"https:\/\/catedras.facet.unt.edu.ar\/centraleselectricas\/wp-content\/uploads\/sites\/19\/2014\/10\/correlativas.jpg 1021w, https:\/\/catedras.facet.unt.edu.ar\/centraleselectricas\/wp-content\/uploads\/sites\/19\/2014\/10\/correlativas-300x53.jpg 300w\" sizes=\"(max-width: 701px) 100vw, 701px\" \/><\/a><\/p>\n","protected":false},"excerpt":{"rendered":"<p>CENTRALES ELECTRICAS (Plan1991, Modificaci\u00f3n 1994) Materia E7C &#8211; Corresponde al m\u00f3dulo VIII del 4to a\u00f1o de la Carrera de Ing. El\u00e9ctrica. Pertenece al Bloque de Tecnolog\u00edas Aplicadas Ubicaci\u00f3n de la materia en la Carrera &nbsp; &nbsp; &nbsp; &nbsp; &nbsp; &nbsp; &nbsp; &nbsp; &nbsp; &nbsp; Correlativas &nbsp;<\/p>\n","protected":false},"author":131,"featured_media":0,"parent":0,"menu_order":3,"comment_status":"closed","ping_status":"closed","template":"","meta":[],"_links":{"self":[{"href":"https:\/\/catedras.facet.unt.edu.ar\/centraleselectricas\/wp-json\/wp\/v2\/pages\/84"}],"collection":[{"href":"https:\/\/catedras.facet.unt.edu.ar\/centraleselectricas\/wp-json\/wp\/v2\/pages"}],"about":[{"href":"https:\/\/catedras.facet.unt.edu.ar\/centraleselectricas\/wp-json\/wp\/v2\/types\/page"}],"author":[{"embeddable":true,"href":"https:\/\/catedras.facet.unt.edu.ar\/centraleselectricas\/wp-json\/wp\/v2\/users\/131"}],"replies":[{"embeddable":true,"href":"https:\/\/catedras.facet.unt.edu.ar\/centraleselectricas\/wp-json\/wp\/v2\/comments?post=84"}],"version-history":[{"count":6,"href":"https:\/\/catedras.facet.unt.edu.ar\/centraleselectricas\/wp-json\/wp\/v2\/pages\/84\/revisions"}],"predecessor-version":[{"id":257,"href":"https:\/\/catedras.facet.unt.edu.ar\/centraleselectricas\/wp-json\/wp\/v2\/pages\/84\/revisions\/257"}],"wp:attachment":[{"href":"https:\/\/catedras.facet.unt.edu.ar\/centraleselectricas\/wp-json\/wp\/v2\/media?parent=84"}],"curies":[{"name":"wp","href":"https:\/\/api.w.org\/{rel}","templated":true}]}}