{"id":82,"date":"2014-10-01T16:36:14","date_gmt":"2014-10-01T19:36:14","guid":{"rendered":"https:\/\/catedras.facet.unt.edu.ar\/centraleselectricas\/?page_id=82"},"modified":"2015-08-31T16:22:36","modified_gmt":"2015-08-31T19:22:36","slug":"reglamentos-de-la-asignatura","status":"publish","type":"page","link":"https:\/\/catedras.facet.unt.edu.ar\/centraleselectricas\/reglamentos-de-la-asignatura\/","title":{"rendered":"Reglamentos de la asignatura"},"content":{"rendered":"<p><strong>EVALUACI\u00d3N<\/strong><\/p>\n<p><strong>Condiciones para Regularizar la Asignatura<\/strong>:<\/p>\n<p>&#8211; Estar inscriptos en la materia.<\/p>\n<p>&#8211; Asistir a los Trabajos Pr\u00e1cticos y presentar la carpeta (ver reglamento interno).<\/p>\n<p>&#8211; Presentar de manera escrita, oral y p\u00fablica (seg\u00fan formato de la C\u00e1tedra), al final del curso, un Trabajo Final de Asignatura realizado por uno o dos alumnos. La asistencia a las Jornadas de Presentaciones es obligatoria para todos los alumnos.<\/p>\n<p><strong>Condiciones para Aprobar la Asignatura<\/strong>:<\/p>\n<p><em>1) Alumno Regular:<\/em><\/p>\n<p>&#8211; Examen Oral Integral (teor\u00eda, trabajos pr\u00e1cticos, l\u00e1minas y trabajo final)<\/p>\n<p><em>2) Alumno Libre:<\/em><\/p>\n<p>&#8211; \u00a0Presentaci\u00f3n escrita (seg\u00fan formato de la C\u00e1tedra), oral y p\u00fablica del Trabajo Final.<\/p>\n<p>&#8211;\u00a0 Presentaci\u00f3n de Carpeta de Trabajos Pr\u00e1cticos.<\/p>\n<p>&#8211;\u00a0 Examen Escrito Integral.<\/p>\n<p>&#8211; \u00a0Examen Oral Integral.<\/p>\n<p><strong>\u00a0<\/strong><\/p>\n<p><strong>Situaci\u00f3n de Alumnos No Inscriptos:<\/strong><\/p>\n<p>Los alumnos que no se encuentren en condiciones para el cursado regular de la materia, podr\u00e1n asistir a las clases te\u00f3ricas y pr\u00e1cticas y realizar la presentaci\u00f3n de los trabajos en forma condicional.<\/p>\n<p>A los efectos de obtener la regularidad en la materia, deber\u00e1n tener normalizada su situaci\u00f3n al finalizar el cursado y cumplir con todas las obligaciones indicadas para los alumnos regulares, de lo contrario, se considerar\u00e1 como materia no cursada.<\/p>\n<p>&nbsp;<\/p>\n<p><strong>Reglamento de Trabajos Pr\u00e1cticos<\/strong><\/p>\n<p>Para la aprobaci\u00f3n de la Carpeta de Trabajos Pr\u00e1cticos, el alumno debe cumplir con los siguientes requisitos:<\/p>\n<p>a- Asistencia de no menos del 75% de las clases pr\u00e1cticas.<\/p>\n<p>b- Presentaci\u00f3n de los Trabajos Pr\u00e1cticos en un plazo de 2 semanas contados a partir de la finalizaci\u00f3n del mismo.<\/p>\n<p>c- Los Pr\u00e1cticos ser\u00e1n corregidos y devueltos en caso de necesitar correcci\u00f3n. El alumno tendr\u00e1 un plazo de una semana para su correcci\u00f3n y nueva presentaci\u00f3n.<\/p>\n<p>d- Todos los pr\u00e1cticos deber\u00e1n estar presentados y aprobados en tiempo y forma para obtener la regularidad en la materia.<\/p>\n<p>e- Una vez aprobada la carpeta de Trabajos Pr\u00e1cticos, se proceder\u00e1 a realizar una evaluaci\u00f3n oral sobre los trabajos, orientada a evaluar el grado de asimilaci\u00f3n de los conocimientos adquiridos. De no cumplir con este requisito, se fijar\u00e1 una nueva fecha para una evaluaci\u00f3n pr\u00e1ctica, esta vez por escrito.<\/p>\n","protected":false},"excerpt":{"rendered":"<p>EVALUACI\u00d3N Condiciones para Regularizar la Asignatura: &#8211; Estar inscriptos en la materia. &#8211; Asistir a los Trabajos Pr\u00e1cticos y presentar la carpeta (ver reglamento interno). &#8211; Presentar de manera escrita, oral y p\u00fablica (seg\u00fan formato de la C\u00e1tedra), al final del curso, un Trabajo Final de Asignatura realizado por uno o dos alumnos. La asistencia [&hellip;]<\/p>\n","protected":false},"author":131,"featured_media":0,"parent":0,"menu_order":5,"comment_status":"closed","ping_status":"closed","template":"","meta":[],"_links":{"self":[{"href":"https:\/\/catedras.facet.unt.edu.ar\/centraleselectricas\/wp-json\/wp\/v2\/pages\/82"}],"collection":[{"href":"https:\/\/catedras.facet.unt.edu.ar\/centraleselectricas\/wp-json\/wp\/v2\/pages"}],"about":[{"href":"https:\/\/catedras.facet.unt.edu.ar\/centraleselectricas\/wp-json\/wp\/v2\/types\/page"}],"author":[{"embeddable":true,"href":"https:\/\/catedras.facet.unt.edu.ar\/centraleselectricas\/wp-json\/wp\/v2\/users\/131"}],"replies":[{"embeddable":true,"href":"https:\/\/catedras.facet.unt.edu.ar\/centraleselectricas\/wp-json\/wp\/v2\/comments?post=82"}],"version-history":[{"count":4,"href":"https:\/\/catedras.facet.unt.edu.ar\/centraleselectricas\/wp-json\/wp\/v2\/pages\/82\/revisions"}],"predecessor-version":[{"id":268,"href":"https:\/\/catedras.facet.unt.edu.ar\/centraleselectricas\/wp-json\/wp\/v2\/pages\/82\/revisions\/268"}],"wp:attachment":[{"href":"https:\/\/catedras.facet.unt.edu.ar\/centraleselectricas\/wp-json\/wp\/v2\/media?parent=82"}],"curies":[{"name":"wp","href":"https:\/\/api.w.org\/{rel}","templated":true}]}}