{"id":79,"date":"2014-10-01T16:26:40","date_gmt":"2014-10-01T19:26:40","guid":{"rendered":"https:\/\/catedras.facet.unt.edu.ar\/centraleselectricas\/?page_id=79"},"modified":"2021-08-18T16:07:46","modified_gmt":"2021-08-18T19:07:46","slug":"programa","status":"publish","type":"page","link":"https:\/\/catedras.facet.unt.edu.ar\/centraleselectricas\/programa\/","title":{"rendered":"Programa"},"content":{"rendered":"<p><strong>Programa Anal\u00edtico:<\/strong><\/p>\n<p><strong>\u00a0<\/strong><\/p>\n<p><strong>MODULO I.-<\/strong> INTRODUCCION\u00a0 (1 y \u00bd semanas)<\/p>\n<p>Situaci\u00f3n Energ\u00e9tica Mundial. Energ\u00eda Primaria, Recursos F\u00f3siles, Nucleares y Renovables. Energ\u00eda Secundaria, Centros de Transformaci\u00f3n de Energ\u00eda. Producci\u00f3n y Consumo. Situaci\u00f3n Energ\u00e9tica de Argentina. La Energ\u00eda El\u00e9ctrica. Los Sistemas Interconectados Regional y Nacional. Generaci\u00f3n y Demanda de Energ\u00eda El\u00e9ctrica. Mantenimiento de Unidades. Reserva Fr\u00eda y Caliente. Diagramas de Carga: Valle, Pico y Resto, Base, Pico y Semibase. Normas de Gesti\u00f3n Ambiental.<\/p>\n<p>&nbsp;<\/p>\n<p><strong>MODULO II. &#8211;<\/strong> CENTRALES TERMICAS\u00a0 (3 y \u00bd semanas)<\/p>\n<ol>\n<li>a<em>) Centrales de Vapor Convencional:<\/em> Circuito T\u00e9rmico Simplificado. Descripci\u00f3n y Funcionamiento. Diagrama de Molliere. Rendimiento T\u00e9rmico. Ciclo de Carnot. Circuito Real. Circuito de Enfriamiento. Combustibles. Turbinas. Etapas. Rendimientos. Circuitos Auxiliares. Tratamiento del Agua del Ciclo. Arranque y Parada. Costos de Instalaci\u00f3n, Operaci\u00f3n y Mantenimiento.<\/li>\n<li>b) <em>Centrales Turbogas<\/em>: Circuito T\u00e9rmico Simplificado. Descripci\u00f3n y Funcionamiento. Diagramas. Combustibles. Rendimientos. M\u00f3dulos. Arranque y Parada. Costos de Instalaci\u00f3n, Operaci\u00f3n y Mantenimiento. Ventajas y Limitaciones. Desarrollos para Mejorar Rendimientos.<\/li>\n<li>c) <em>Centrales de Ciclo Combinado:<\/em> Circuito T\u00e9rmico Simplificado. Descripci\u00f3n y Funcionamiento. Arranque y Parada . Costos de Instalaci\u00f3n, Operaci\u00f3n y Mantenimiento. Disposiciones Alternativas.<\/li>\n<li>d) <em>Centrales Nucleares:<\/em> Reacciones Nucleares. Combustibles. Elementos Fisionables y Recr\u00eda. Moderadores y Refrigerantes. Desechos At\u00f3micos. Radiaciones. Blindaje y Apantallamiento. Tipos de Reactores. Centrales de Atucha I y R\u00edo Tercero. Operaci\u00f3n y Mantenimiento.<\/li>\n<li>e) <em>Centrales Diesel<\/em>: Descripci\u00f3n y Funcionamiento. Rendimientos. Arranque y Parada. Refrigeraci\u00f3n.<\/li>\n<\/ol>\n<p>&nbsp;<\/p>\n<p><strong>MODULO III.-<\/strong> CENTRALES HIDRAULICAS (3 semanas)<\/p>\n<p>Caudales y Saltos. Potencia Obtenida. Cotas. Aportes. Previsiones. Valor del Agua.<\/p>\n<ol>\n<li>a) <em>Elementos de las Centrales: <\/em>presas, tomas, vertederos, tuber\u00edas, v\u00e1lvulas, compuertas, t\u00faneles, chimenea de equilibrio, c\u00e1mara de espiral, canal de descarga, pileta de aquietamiento.<\/li>\n<li>b) <em>Turbinas y Elementos Asociados: <\/em>distribuidor, cojinetes, frenos, casa de m\u00e1quinas.<\/li>\n<li>c) <em>Centrales de Embalse:<\/em> Descripci\u00f3n y Funcionamiento. Volumen de Embalse (m\u00e1ximo, muerto, \u00fatil, operativo). Toma de Fondo. Prioridades del Uso del Agua. Escala de Peces. Operaci\u00f3n y Mantenimiento. Arranque y Parada . Costos.<\/li>\n<li>d) <em>Centrales de Pasada:<\/em> Descripci\u00f3n y Funcionamiento. Ventajas y Limitaciones.<\/li>\n<li>e) <em>Centrales de Bombeo: <\/em>Embalse Superior e Inferior. Tipos de turbina\/bomba. Esquema Reversible. Operaci\u00f3n Arranque y Parada. Rendimiento. Justificaci\u00f3n Econ\u00f3mica. Inserci\u00f3n en el Diagrama de Cargas.<\/li>\n<\/ol>\n<p>&nbsp;<\/p>\n<p><strong>MODULO IV<\/strong>.- CONCEPTOS DE LAS NUEVAS TECNOLOGIAS BASADAS EN ENERG\u00cdAS RENOVABLES (2 semanas)<\/p>\n<p>E\u00f3lica. Solar. Biomasa. Mareomotriz. Oce\u00e1nica. Geot\u00e9rmica. C\u00e9lulas de Combustible.<\/p>\n<p><strong>\u00a0<\/strong><\/p>\n<p><strong>\u00a0<\/strong><strong>MODULO V.-<\/strong> CONTROL DE FRECUENCIA Y TENSION (2 semanas)<\/p>\n<p>Estructura del Sistema de Control. Canales de Control P-f y Q-V. Control de la Frecuencia. Autoregulaci\u00f3n, Regulaci\u00f3n Primaria y Secundaria. Regulaci\u00f3n de Generadores en Paralelo. Control del Error Acumulado de Frecuencia. Control de Sistemas Interconectados.<\/p>\n<p><strong>\u00a0<\/strong><\/p>\n<p><strong>MODULO VI<\/strong>.- ANALISIS ECONOMICO Y AMBIENTAL DE LAS CENTRALES (1 semana)<\/p>\n<p>Costos Fijos y Variables. Curvas de Costos. Influencia del Tiempo de Utilizaci\u00f3n. Emisiones. Gases de Efecto Invernadero. Protocolo de Kyoto. Bonos de Carbono. \u00a0Impactos ambientales asociados a cada Central.<\/p>\n<p>&nbsp;<\/p>\n<p><strong>MODULO VII<\/strong>.- PROTECCIONES DE GENERADORES (1 semana)<\/p>\n<p>Conceptos sobre Protecci\u00f3n de Generadores contra Fallas Internas y Externas. DAG. Protecci\u00f3n de M\u00e1quinas Motrices.<\/p>\n<p>&nbsp;<\/p>\n<p><strong>\u00a0<\/strong><\/p>\n<p><strong>\u00a0<\/strong><\/p>\n<p><strong>\u00a0<\/strong><strong>PROGRAMA SINTETICO<\/strong><\/p>\n<p><strong>\u00a0<\/strong><\/p>\n<p><strong>Introducci\u00f3n:<\/strong> Situaci\u00f3n Energ\u00e9tica Mundial y Nacional, Centros de Transformaci\u00f3n, Centrales El\u00e9ctricas en el Sistema Interconectado Nacional, Curvas de Demanda y Generaci\u00f3n, Indices.<\/p>\n<p><strong>Centrales Termoel\u00e9ctricas:<\/strong> Centrales de Vapor Convencional, Turbogas, Ciclo Combinado,\u00a0 Nucleares y Diesel.<\/p>\n<p><strong>Centrales Hidr\u00e1ulicas:<\/strong> Centrales de Embalse, Pasada, Bombeo y Mareomotriz.<\/p>\n<p><strong>Nuevas Tecnolog\u00edas basadas en Energ\u00edas Renovables<\/strong>: Radiaci\u00f3n Solar, Centrales Termosolares de Media y Alta Temperatura, Granjas Fotovoltaicas, Parques E\u00f3licos, Bioenerg\u00eda.<\/p>\n<p><strong>Control de Frecuencia y Tensi\u00f3n:<\/strong> Autoregulaci\u00f3n, Regulaci\u00f3n Primaria, Secundaria y Terciaria, Regulaci\u00f3n de generadores en paralelo.<\/p>\n<p><strong>An\u00e1lisis Econ\u00f3mico y Ambiental de las Centrales:<\/strong> Costos Fijos y Variables, Impactos Ambientales asociados a cada Central.<\/p>\n<p><strong>\u00a0<\/strong><\/p>\n<p><strong>\u00a0<\/strong><\/p>\n<p><strong>\u00a0<\/strong><\/p>\n<p><strong>\u00a0<\/strong><\/p>\n","protected":false},"excerpt":{"rendered":"<p>Programa Anal\u00edtico: \u00a0 MODULO I.- INTRODUCCION\u00a0 (1 y \u00bd semanas) Situaci\u00f3n Energ\u00e9tica Mundial. Energ\u00eda Primaria, Recursos F\u00f3siles, Nucleares y Renovables. Energ\u00eda Secundaria, Centros de Transformaci\u00f3n de Energ\u00eda. Producci\u00f3n y Consumo. Situaci\u00f3n Energ\u00e9tica de Argentina. La Energ\u00eda El\u00e9ctrica. Los Sistemas Interconectados Regional y Nacional. Generaci\u00f3n y Demanda de Energ\u00eda El\u00e9ctrica. Mantenimiento de Unidades. Reserva Fr\u00eda y [&hellip;]<\/p>\n","protected":false},"author":131,"featured_media":0,"parent":0,"menu_order":2,"comment_status":"closed","ping_status":"closed","template":"","meta":[],"_links":{"self":[{"href":"https:\/\/catedras.facet.unt.edu.ar\/centraleselectricas\/wp-json\/wp\/v2\/pages\/79"}],"collection":[{"href":"https:\/\/catedras.facet.unt.edu.ar\/centraleselectricas\/wp-json\/wp\/v2\/pages"}],"about":[{"href":"https:\/\/catedras.facet.unt.edu.ar\/centraleselectricas\/wp-json\/wp\/v2\/types\/page"}],"author":[{"embeddable":true,"href":"https:\/\/catedras.facet.unt.edu.ar\/centraleselectricas\/wp-json\/wp\/v2\/users\/131"}],"replies":[{"embeddable":true,"href":"https:\/\/catedras.facet.unt.edu.ar\/centraleselectricas\/wp-json\/wp\/v2\/comments?post=79"}],"version-history":[{"count":5,"href":"https:\/\/catedras.facet.unt.edu.ar\/centraleselectricas\/wp-json\/wp\/v2\/pages\/79\/revisions"}],"predecessor-version":[{"id":603,"href":"https:\/\/catedras.facet.unt.edu.ar\/centraleselectricas\/wp-json\/wp\/v2\/pages\/79\/revisions\/603"}],"wp:attachment":[{"href":"https:\/\/catedras.facet.unt.edu.ar\/centraleselectricas\/wp-json\/wp\/v2\/media?parent=79"}],"curies":[{"name":"wp","href":"https:\/\/api.w.org\/{rel}","templated":true}]}}