{"id":77,"date":"2014-10-01T16:25:51","date_gmt":"2014-10-01T19:25:51","guid":{"rendered":"https:\/\/catedras.facet.unt.edu.ar\/centraleselectricas\/?page_id=77"},"modified":"2022-11-16T20:18:43","modified_gmt":"2022-11-16T23:18:43","slug":"apuntes","status":"publish","type":"page","link":"https:\/\/catedras.facet.unt.edu.ar\/centraleselectricas\/apuntes\/","title":{"rendered":"Documentos de Estudio"},"content":{"rendered":"<p>&nbsp;<\/p>\n<p><strong>MODULO I<\/strong>:<strong> Introducci\u00f3n<\/strong><\/p>\n<ul>\n<li><strong>Apuntes de C\u00e1tedra:<\/strong><\/li>\n<\/ul>\n<p>1.1.- <a href=\"https:\/\/catedras.facet.unt.edu.ar\/centraleselectricas\/wp-content\/uploads\/sites\/19\/2021\/08\/Centrales-Apuntes-Introduccion-1.pdf\">Centrales &#8211; Apuntes de Introducci\u00f3n 1<\/a><\/p>\n<p>1.2.- <a href=\"https:\/\/catedras.facet.unt.edu.ar\/centraleselectricas\/wp-content\/uploads\/sites\/19\/2021\/08\/Centrales-Apuntes-Introduccion-2.pdf\">Centrales &#8211; Apuntes de Introducci\u00f3n 2<\/a><\/p>\n<p>1.3.-\u00a0<a href=\"https:\/\/catedras.facet.unt.edu.ar\/centraleselectricas\/wp-content\/uploads\/sites\/19\/2014\/10\/Apunte-Argentina-Varios.pdf\">Apunte Argentina-Varios<\/a><\/p>\n<p>1.4.-\u00a0<a href=\"https:\/\/catedras.facet.unt.edu.ar\/centraleselectricas\/wp-content\/uploads\/sites\/19\/2014\/10\/Apunte-Argentina-Balance-Energ\u00e9tico.pdf\">Apunte Argentina-Balance Energ\u00e9tico<\/a><\/p>\n<p>1.5.- <a href=\"https:\/\/catedras.facet.unt.edu.ar\/centraleselectricas\/wp-content\/uploads\/sites\/19\/2021\/09\/Curva-demanda-y-generacion.pdf\">Curva demanda y generaci\u00f3n<\/a><\/p>\n<p>1.6.-\u00a0<a href=\"https:\/\/catedras.facet.unt.edu.ar\/centraleselectricas\/wp-content\/uploads\/sites\/19\/2016\/08\/EERR-resumen-Argentina-2016.pdf\">EERR resumen Argentina 2016<\/a><\/p>\n<ul>\n<li><strong>Otros Documentos de Estudio:<\/strong><\/li>\n<\/ul>\n<p><a href=\"https:\/\/catedras.facet.unt.edu.ar\/centraleselectricas\/wp-content\/uploads\/sites\/19\/2014\/10\/IEA-Glosario.pdf\">IEA-Glosario<\/a><\/p>\n<p><a href=\"https:\/\/catedras.facet.unt.edu.ar\/centraleselectricas\/wp-content\/uploads\/sites\/19\/2014\/10\/WEO2016Chapter1.pdf\">WEO2016Chapter1<\/a><\/p>\n<p><a href=\"https:\/\/catedras.facet.unt.edu.ar\/centraleselectricas\/wp-content\/uploads\/sites\/19\/2014\/10\/Tipos-de-Reserva.pdf\">Tipos de Reserva<\/a><\/p>\n<p><a href=\"https:\/\/catedras.facet.unt.edu.ar\/centraleselectricas\/wp-content\/uploads\/sites\/19\/2014\/10\/GEOSADI2017_08.pdf\">GEOSADI2017_08<\/a><\/p>\n<p><a href=\"https:\/\/catedras.facet.unt.edu.ar\/centraleselectricas\/wp-content\/uploads\/sites\/19\/2014\/10\/UNI2017_08_TENSION.pdf\">UNI2017_08_TENSION<\/a><\/p>\n<p><a href=\"https:\/\/catedras.facet.unt.edu.ar\/centraleselectricas\/wp-content\/uploads\/sites\/19\/2016\/08\/Matriz-de-Energ\u00eda-y-de-Energ\u00eda-El\u00e9ctrica.docx\">Matriz de Energ\u00eda y de Energ\u00eda El\u00e9ctrica<\/a><\/p>\n<p><a href=\"https:\/\/catedras.facet.unt.edu.ar\/centraleselectricas\/wp-content\/uploads\/sites\/19\/2014\/10\/Informe-Anual-2016-Cammesa_1.pdf\">Informe Anual 2016-Cammesa_1<\/a><\/p>\n<p><a href=\"https:\/\/catedras.facet.unt.edu.ar\/centraleselectricas\/wp-content\/uploads\/sites\/19\/2014\/10\/Informe-Anual-2016-Cammesa_2.pdf\">Informe Anual 2016-Cammesa_2<\/a><\/p>\n<p><a href=\"https:\/\/catedras.facet.unt.edu.ar\/centraleselectricas\/wp-content\/uploads\/sites\/19\/2014\/10\/Informe-Anual-2016-Cammesa_3.pdf\">Informe Anual 2016-Cammesa_3<\/a><\/p>\n<p><a id=\"post-preview\" class=\"preview button\" href=\"https:\/\/catedras.facet.unt.edu.ar\/centraleselectricas\/apuntes\/?preview=true\" target=\"wp-preview-77\" rel=\"noopener noreferrer\">Vista previa de los cambios<span class=\"screen-reader-text\"> (abre en una nueva pesta\u00f1a)<\/span><\/a><\/p>\n<p><strong>MODULO II:\u00a0Centrales T\u00e9rmicas<\/strong><\/p>\n<ul>\n<li><strong>Apuntes de C\u00e1tedra:<\/strong><\/li>\n<\/ul>\n<p>2.1.-\u00a0<a href=\"https:\/\/catedras.facet.unt.edu.ar\/centraleselectricas\/wp-content\/uploads\/sites\/19\/2014\/10\/Apunte-Central-TV-1.pdf\">Apunte Central TV<\/a><\/p>\n<p>2.2.-\u00a0\u00a0<a href=\"https:\/\/catedras.facet.unt.edu.ar\/centraleselectricas\/wp-content\/uploads\/sites\/19\/2014\/10\/Apunte-TG-1.pdf\">Apunte Central TG<\/a><\/p>\n<p>2.3.-\u00a0<a href=\"https:\/\/catedras.facet.unt.edu.ar\/centraleselectricas\/wp-content\/uploads\/sites\/19\/2014\/10\/Apunte-Central-CC-1.pdf\">Apunte Central CC<\/a><\/p>\n<p>2.4.- <a href=\"https:\/\/catedras.facet.unt.edu.ar\/centraleselectricas\/wp-content\/uploads\/sites\/19\/2020\/10\/Apuntes-nuclear-1.pdf\">Apuntes Central Nuclear 1<\/a><\/p>\n<p>2.5.- <a href=\"https:\/\/catedras.facet.unt.edu.ar\/centraleselectricas\/wp-content\/uploads\/sites\/19\/2020\/10\/Apuntes-nuclear-2.pdf\">Apuntes Central Nuclear 2<\/a><\/p>\n<ul>\n<li><strong>Videos descriptivos<\/strong><\/li>\n<\/ul>\n<p><a href=\"https:\/\/catedras.facet.unt.edu.ar\/centraleselectricas\/wp-content\/uploads\/sites\/19\/2016\/09\/Turbina-de-vapor.rar\">turbina-de-vapor<\/a><\/p>\n<p><a href=\"https:\/\/catedras.facet.unt.edu.ar\/centraleselectricas\/wp-content\/uploads\/sites\/19\/2016\/09\/TURBINA-DE-VAPOR-DESCRIPCION-DE-ELEMENTOS-INTERNOS.rar\">turbina-de-vapor-descripci\u00f3n-de-elementos-internos<\/a><\/p>\n<p><a href=\"https:\/\/catedras.facet.unt.edu.ar\/centraleselectricas\/wp-content\/uploads\/sites\/19\/2016\/09\/Caldera-de-planta-termoelectrica.rar\">caldera-de-planta-termoel\u00e9ctrica<\/a><\/p>\n<p><iframe title=\"\u00bfC\u00f3mo funciona una central de energ\u00eda termoel\u00e9ctrica?\" width=\"720\" height=\"405\" src=\"https:\/\/www.youtube.com\/embed\/meZkGeqoNTo?feature=oembed\" frameborder=\"0\" allow=\"accelerometer; autoplay; clipboard-write; encrypted-media; gyroscope; picture-in-picture\" allowfullscreen><\/iframe><\/p>\n<p><iframe title=\"TURBINAS DE GAS, MANUAL DE CAMPO, PRINCIPALES ELEMENTOS DE UNA TURBINA DE GAS\" width=\"720\" height=\"405\" src=\"https:\/\/www.youtube.com\/embed\/0KVL3VeHhHU?feature=oembed\" frameborder=\"0\" allow=\"accelerometer; autoplay; clipboard-write; encrypted-media; gyroscope; picture-in-picture\" allowfullscreen><\/iframe><\/p>\n<p>&nbsp;<\/p>\n<p><strong>MODULO III:\u00a0Centrales Hidr\u00e1ulicas<\/strong><\/p>\n<p><a href=\"https:\/\/catedras.facet.unt.edu.ar\/centraleselectricas\/wp-content\/uploads\/sites\/19\/2016\/05\/Apunte-1-Hidro.pdf\">Apunte 1-Hidro<\/a><\/p>\n<p><a href=\"https:\/\/catedras.facet.unt.edu.ar\/centraleselectricas\/wp-content\/uploads\/sites\/19\/2019\/10\/Apunte-2-Hidro.pdf\">Apunte 2-Hidro<\/a><\/p>\n<p><a href=\"https:\/\/catedras.facet.unt.edu.ar\/centraleselectricas\/wp-content\/uploads\/sites\/19\/2019\/10\/Apunte-Arranque-CH.pdf\">Apunte-Arranque CH<\/a><\/p>\n<p><a href=\"https:\/\/catedras.facet.unt.edu.ar\/centraleselectricas\/wp-content\/uploads\/sites\/19\/2019\/10\/Apunte-Central-de-Bombeo.pdf\">Apunte Central de Bombeo<\/a><\/p>\n<p><a href=\"https:\/\/catedras.facet.unt.edu.ar\/centraleselectricas\/wp-content\/uploads\/sites\/19\/2019\/10\/Aounte-de-Central-Mareomotriz.pdf\">Apunte de Central Mareomotriz<\/a><\/p>\n<ul>\n<li><strong>Otros Documentos de Estudio:<\/strong><\/li>\n<\/ul>\n<p><a href=\"https:\/\/catedras.facet.unt.edu.ar\/centraleselectricas\/wp-content\/uploads\/sites\/19\/2020\/11\/Centrales-hidro-en-Argentina.pdf\">Recursos H\u00eddricos &#8211; Secretar\u00eda de Energ\u00eda<\/a><\/p>\n<p><a href=\"https:\/\/catedras.facet.unt.edu.ar\/centraleselectricas\/wp-content\/uploads\/sites\/19\/2020\/11\/Hidro-IDAE-Minicentrales-hidroelectricas.pdf\">Minicentrales Hidroel\u00e9ctricas &#8211; IDAE<\/a><\/p>\n<p><a href=\"https:\/\/catedras.facet.unt.edu.ar\/centraleselectricas\/wp-content\/uploads\/sites\/19\/2020\/11\/Resumen-Hidroelectricidad.pdf\">Resumen Hidroelectricidad &#8211; UTBM<\/a><\/p>\n<p><a href=\"https:\/\/catedras.facet.unt.edu.ar\/centraleselectricas\/wp-content\/uploads\/sites\/19\/2020\/11\/Inventario-Centrales-HIdr.-Argentina.pdf\">Inventario de Presas y Centrales Hidroel\u00e9ctricas de Argentina &#8211; Ministerio de Planificaci\u00f3n<\/a><\/p>\n<p><a href=\"https:\/\/catedras.facet.unt.edu.ar\/centraleselectricas\/wp-content\/uploads\/sites\/19\/2020\/11\/Central-Bombeo-Rio-Grande.pdf\">Complejo Hidroel\u00e9ctrico R\u00edo Grande &#8211; Central de Bombeo<\/a><\/p>\n<p>&nbsp;<\/p>\n<p><strong>MODULO IV:\u00a0Conceptos de las nuevas tecnolog\u00edas basadas en energ\u00edas renovables<\/strong><\/p>\n<p><a href=\"https:\/\/catedras.facet.unt.edu.ar\/centraleselectricas\/wp-content\/uploads\/sites\/19\/2017\/12\/Apuntes-EERR-Centrales-El\u00e9ctricas.pdf\">Apuntes EERR-Centrales El\u00e9ctricas<\/a><\/p>\n<p><a href=\"https:\/\/catedras.facet.unt.edu.ar\/centraleselectricas\/wp-content\/uploads\/sites\/19\/2017\/12\/EERR-en-Argentina-2017.pdf\">EERR en Argentina 2017<\/a><\/p>\n<p>&nbsp;<\/p>\n<p><strong>MODULO V:\u00a0Control de frecuencia y tensi\u00f3n<\/strong><\/p>\n<p><a href=\"https:\/\/catedras.facet.unt.edu.ar\/centraleselectricas\/wp-content\/uploads\/sites\/19\/2020\/11\/Apunte-Control-de-Frecuencia.pdf\">Apunte Control de Frecuencia<\/a><\/p>\n<p>&nbsp;<\/p>\n<p><strong>MODULO VI:\u00a0An\u00e1lisis econ\u00f3mico y ambiental de las centrales.<\/strong><\/p>\n<ul>\n<li><strong>Apunte de clase:<\/strong><\/li>\n<\/ul>\n<p><a href=\"https:\/\/catedras.facet.unt.edu.ar\/centraleselectricas\/wp-content\/uploads\/sites\/19\/2022\/11\/CE-2022-Evaluacion-de-Proyectos-y-LCOE.pdf\">Evaluaci\u00f3n de Proyectos y LCOE<\/a><\/p>\n<p><a href=\"https:\/\/catedras.facet.unt.edu.ar\/centraleselectricas\/wp-content\/uploads\/sites\/19\/2017\/12\/Apunte-de-Costos-de-Producci\u00f3n-de-EE-clase-051217.pdf\">Apunte de Costos de Producci\u00f3n de EE &#8211; clase 051217<\/a><\/p>\n<ul>\n<li><strong>Otros documentos complementarios:<\/strong><\/li>\n<\/ul>\n<p><a href=\"https:\/\/catedras.facet.unt.edu.ar\/centraleselectricas\/wp-content\/uploads\/sites\/19\/2017\/12\/Apunte-1_Tecnolog\u00edas_de_generaci\u00f3n.pdf\">Apunte 1_Tecnolog\u00edas_de_generaci\u00f3n<\/a><\/p>\n<p><a href=\"https:\/\/catedras.facet.unt.edu.ar\/centraleselectricas\/wp-content\/uploads\/sites\/19\/2017\/12\/Apunte-2_LCOE-IEA-2015.pdf\">Apunte 2_LCOE-IEA 2015<\/a><\/p>\n<p><a href=\"https:\/\/catedras.facet.unt.edu.ar\/centraleselectricas\/wp-content\/uploads\/sites\/19\/2017\/12\/Apunte-3_Precio-mayorista-de-la-EE-Min-de-Ey-M.pdf\">Apunte 3_Precio mayorista de la EE (Min de Ey M)<\/a><\/p>\n<p><a href=\"https:\/\/catedras.facet.unt.edu.ar\/centraleselectricas\/wp-content\/uploads\/sites\/19\/2017\/12\/Apunte-4_Renovables-cadenas-de-valor.pdf\">Apunte 4_Renovables-cadenas de valor<\/a><\/p>\n<p>&nbsp;<\/p>\n<p><strong>L\u00e1minas esquem\u00e1ticas de Centrales El\u00e9ctricas:<\/strong><\/p>\n<p><a href=\"https:\/\/catedras.facet.unt.edu.ar\/centraleselectricas\/wp-content\/uploads\/sites\/19\/2021\/03\/05-TV.jpg\">Central T\u00e9rmica de Vapor Al Taweelah B<\/a><\/p>\n<p><a href=\"https:\/\/catedras.facet.unt.edu.ar\/centraleselectricas\/wp-content\/uploads\/sites\/19\/2021\/03\/04-TG.jpg\">M\u00f3dulo Generador Turbina a gas Kraftwerk Union<\/a><\/p>\n<p><a href=\"https:\/\/catedras.facet.unt.edu.ar\/centraleselectricas\/wp-content\/uploads\/sites\/19\/2021\/03\/01-CC-DH-Vuosaari.jpg\">Central T\u00e9rmica de Ciclo Combinado Vousaari B<\/a><\/p>\n<p><a href=\"https:\/\/catedras.facet.unt.edu.ar\/centraleselectricas\/wp-content\/uploads\/sites\/19\/2021\/03\/02-CC-COGENERACION.jpg\">Central de Ciclo Combinado PNEM<\/a><\/p>\n<p><a href=\"https:\/\/catedras.facet.unt.edu.ar\/centraleselectricas\/wp-content\/uploads\/sites\/19\/2021\/03\/03-CC-1675-MW.jpg\">Central de Ciclo Combinado EEMS<\/a><\/p>\n<p><a href=\"https:\/\/catedras.facet.unt.edu.ar\/centraleselectricas\/wp-content\/uploads\/sites\/19\/2021\/03\/09-IGCC.jpg\">Central de Ciclo Combinado con gasificaci\u00f3n de Carb\u00f3n KoBra<\/a><\/p>\n<p><a href=\"https:\/\/catedras.facet.unt.edu.ar\/centraleselectricas\/wp-content\/uploads\/sites\/19\/2021\/03\/06-CN-DH.jpg\">Planta Nuclear para Calefacci\u00f3n de Distrito ASEA-ATOM<\/a><\/p>\n<p><a href=\"https:\/\/catedras.facet.unt.edu.ar\/centraleselectricas\/wp-content\/uploads\/sites\/19\/2021\/03\/07-CN-PWR.jpg\">Central T\u00e9rmica Nuclear PIUS<\/a><\/p>\n<p><a href=\"https:\/\/catedras.facet.unt.edu.ar\/centraleselectricas\/wp-content\/uploads\/sites\/19\/2021\/03\/08-DI.jpg\">Central T\u00e9rmica de Ciclo Diesel Mindanao<\/a><\/p>\n<p><a href=\"https:\/\/catedras.facet.unt.edu.ar\/centraleselectricas\/wp-content\/uploads\/sites\/19\/2021\/03\/10-CH-Sri-Lanka.jpg\">Central Hidr\u00e1ulica Victoria<\/a><\/p>\n<p><a href=\"https:\/\/catedras.facet.unt.edu.ar\/centraleselectricas\/wp-content\/uploads\/sites\/19\/2021\/03\/11-CH-BOMBEO.jpg\">Central Hidr\u00e1ulica de Bombeo Dinorwig<\/a><\/p>\n<p>&nbsp;<\/p>\n<p>&nbsp;<\/p>\n<p>&nbsp;<\/p>\n","protected":false},"excerpt":{"rendered":"<p>&nbsp; MODULO I: Introducci\u00f3n Apuntes de C\u00e1tedra: 1.1.- Centrales &#8211; Apuntes de Introducci\u00f3n 1 1.2.- Centrales &#8211; Apuntes de Introducci\u00f3n 2 1.3.-\u00a0Apunte Argentina-Varios 1.4.-\u00a0Apunte Argentina-Balance Energ\u00e9tico 1.5.- Curva demanda y generaci\u00f3n 1.6.-\u00a0EERR resumen Argentina 2016 Otros Documentos de Estudio: IEA-Glosario WEO2016Chapter1 Tipos de Reserva GEOSADI2017_08 UNI2017_08_TENSION Matriz de Energ\u00eda y de Energ\u00eda El\u00e9ctrica Informe Anual [&hellip;]<\/p>\n","protected":false},"author":131,"featured_media":0,"parent":0,"menu_order":6,"comment_status":"closed","ping_status":"closed","template":"","meta":[],"_links":{"self":[{"href":"https:\/\/catedras.facet.unt.edu.ar\/centraleselectricas\/wp-json\/wp\/v2\/pages\/77"}],"collection":[{"href":"https:\/\/catedras.facet.unt.edu.ar\/centraleselectricas\/wp-json\/wp\/v2\/pages"}],"about":[{"href":"https:\/\/catedras.facet.unt.edu.ar\/centraleselectricas\/wp-json\/wp\/v2\/types\/page"}],"author":[{"embeddable":true,"href":"https:\/\/catedras.facet.unt.edu.ar\/centraleselectricas\/wp-json\/wp\/v2\/users\/131"}],"replies":[{"embeddable":true,"href":"https:\/\/catedras.facet.unt.edu.ar\/centraleselectricas\/wp-json\/wp\/v2\/comments?post=77"}],"version-history":[{"count":44,"href":"https:\/\/catedras.facet.unt.edu.ar\/centraleselectricas\/wp-json\/wp\/v2\/pages\/77\/revisions"}],"predecessor-version":[{"id":679,"href":"https:\/\/catedras.facet.unt.edu.ar\/centraleselectricas\/wp-json\/wp\/v2\/pages\/77\/revisions\/679"}],"wp:attachment":[{"href":"https:\/\/catedras.facet.unt.edu.ar\/centraleselectricas\/wp-json\/wp\/v2\/media?parent=77"}],"curies":[{"name":"wp","href":"https:\/\/api.w.org\/{rel}","templated":true}]}}