{"id":68,"date":"2014-10-01T15:10:37","date_gmt":"2014-10-01T18:10:37","guid":{"rendered":"https:\/\/catedras.facet.unt.edu.ar\/centraleselectricas\/?page_id=68"},"modified":"2015-08-25T17:49:00","modified_gmt":"2015-08-25T20:49:00","slug":"objetivos","status":"publish","type":"page","link":"https:\/\/catedras.facet.unt.edu.ar\/centraleselectricas\/objetivos\/","title":{"rendered":"Objetivos"},"content":{"rendered":"<p>Que el alumno comprenda la situaci\u00f3n energ\u00e9tica mundial y de Argentina y obtenga \u00a0el conocimiento te\u00f3rico &#8211; pr\u00e1ctico de los diferentes tipos de centrales de generaci\u00f3n de energ\u00eda el\u00e9ctrica existentes, por medio de la descripci\u00f3n y visualizaci\u00f3n de cada elemento e instalaci\u00f3n completa, realizando el correspondiente an\u00e1lisis t\u00e9cnico, econ\u00f3mico y ambiental.<\/p>\n<p>&nbsp;<\/p>\n<p>Lograr que el alumno sea capaz de:<\/p>\n<ul>\n<li>Conocer la Situaci\u00f3n Energ\u00e9tica mundial y nacional<\/li>\n<li>Conocer ubicaci\u00f3n y caracter\u00edsticas principales de las Centrales del pa\u00eds.<\/li>\n<li>Analizar la Curva de Demanda y Generaci\u00f3n<\/li>\n<li>Conocer las caracter\u00edsticas f\u00edsicas y funcionamiento de los diferentes tipos de centrales hidr\u00e1ulicas y t\u00e9rmicas basadas en combustibles f\u00f3siles y combustible radiactivo.<\/li>\n<li>Entender los conceptos de funcionamiento de las Nuevas Tecnolog\u00edas que aprovechan las Energ\u00edas Renovables.<\/li>\n<li>Conocer los mecanismos de Regulaci\u00f3n Primaria, Secundaria y Terciaria de la Potencia Activa generada.<\/li>\n<li>Obtener la capacidad y aptitud para reconocer los componentes y sus funciones y la influencia en el conjunto durante la operaci\u00f3n de la central.<\/li>\n<li>Analizar los Costos Fijos y Variables de cada tipo de Central<\/li>\n<li>Conocer los Impactos Ambientales de cada tipo de Central.<\/li>\n<\/ul>\n<p>&nbsp;<\/p>\n<p><a title=\"Home\" href=\"https:\/\/catedras.facet.unt.edu.ar\/centraleselectricas\/home\">Volver a inicio<\/a><\/p>\n","protected":false},"excerpt":{"rendered":"<p>Que el alumno comprenda la situaci\u00f3n energ\u00e9tica mundial y de Argentina y obtenga \u00a0el conocimiento te\u00f3rico &#8211; pr\u00e1ctico de los diferentes tipos de centrales de generaci\u00f3n de energ\u00eda el\u00e9ctrica existentes, por medio de la descripci\u00f3n y visualizaci\u00f3n de cada elemento e instalaci\u00f3n completa, realizando el correspondiente an\u00e1lisis t\u00e9cnico, econ\u00f3mico y ambiental. &nbsp; Lograr que el [&hellip;]<\/p>\n","protected":false},"author":131,"featured_media":0,"parent":0,"menu_order":1,"comment_status":"closed","ping_status":"closed","template":"","meta":[],"_links":{"self":[{"href":"https:\/\/catedras.facet.unt.edu.ar\/centraleselectricas\/wp-json\/wp\/v2\/pages\/68"}],"collection":[{"href":"https:\/\/catedras.facet.unt.edu.ar\/centraleselectricas\/wp-json\/wp\/v2\/pages"}],"about":[{"href":"https:\/\/catedras.facet.unt.edu.ar\/centraleselectricas\/wp-json\/wp\/v2\/types\/page"}],"author":[{"embeddable":true,"href":"https:\/\/catedras.facet.unt.edu.ar\/centraleselectricas\/wp-json\/wp\/v2\/users\/131"}],"replies":[{"embeddable":true,"href":"https:\/\/catedras.facet.unt.edu.ar\/centraleselectricas\/wp-json\/wp\/v2\/comments?post=68"}],"version-history":[{"count":4,"href":"https:\/\/catedras.facet.unt.edu.ar\/centraleselectricas\/wp-json\/wp\/v2\/pages\/68\/revisions"}],"predecessor-version":[{"id":109,"href":"https:\/\/catedras.facet.unt.edu.ar\/centraleselectricas\/wp-json\/wp\/v2\/pages\/68\/revisions\/109"}],"wp:attachment":[{"href":"https:\/\/catedras.facet.unt.edu.ar\/centraleselectricas\/wp-json\/wp\/v2\/media?parent=68"}],"curies":[{"name":"wp","href":"https:\/\/api.w.org\/{rel}","templated":true}]}}