{"id":167,"date":"2015-08-27T09:46:10","date_gmt":"2015-08-27T12:46:10","guid":{"rendered":"https:\/\/catedras.facet.unt.edu.ar\/centraleselectricas\/?page_id=167"},"modified":"2015-08-27T09:46:23","modified_gmt":"2015-08-27T12:46:23","slug":"ingcampos","status":"publish","type":"page","link":"https:\/\/catedras.facet.unt.edu.ar\/centraleselectricas\/ingcampos\/","title":{"rendered":""},"content":{"rendered":"<p>&nbsp;<\/p>\n<p><strong><img loading=\"lazy\" class=\"wp-image-168 alignleft\" src=\"https:\/\/catedras.facet.unt.edu.ar\/centraleselectricas\/wp-content\/uploads\/sites\/19\/2015\/08\/IMG-20150819-WA0018-300x300.jpg\" alt=\"IMG-20150819-WA0018\" width=\"81\" height=\"81\" srcset=\"https:\/\/catedras.facet.unt.edu.ar\/centraleselectricas\/wp-content\/uploads\/sites\/19\/2015\/08\/IMG-20150819-WA0018-300x300.jpg 300w, https:\/\/catedras.facet.unt.edu.ar\/centraleselectricas\/wp-content\/uploads\/sites\/19\/2015\/08\/IMG-20150819-WA0018-150x150.jpg 150w, https:\/\/catedras.facet.unt.edu.ar\/centraleselectricas\/wp-content\/uploads\/sites\/19\/2015\/08\/IMG-20150819-WA0018-1024x1024.jpg 1024w, https:\/\/catedras.facet.unt.edu.ar\/centraleselectricas\/wp-content\/uploads\/sites\/19\/2015\/08\/IMG-20150819-WA0018.jpg 1599w\" sizes=\"(max-width: 81px) 100vw, 81px\" \/><\/strong><\/p>\n<p>&nbsp;<\/p>\n<p>&nbsp;<\/p>\n<p>&nbsp;<\/p>\n<p><strong>Ing. Aldo Leopoldo Campos<\/strong><\/p>\n<p>Jefe de Trabajos Pr\u00e1cticos con semidedicaci\u00f3n \u2013 <a href=\"mailto:alcampos@herrera.unt.edu.ar\">alcampos@herrera.unt.edu.ar<\/a><\/p>\n<p><strong>T\u00edtulo universitario de grado:<\/strong><\/p>\n<p>Ingeniero Electricista, otorgado por la facultad de Ciencias Exactas y Tecnolog\u00eda de la Universidad Nacional de Tucum\u00e1n en Diciembre de 2005.<\/p>\n<p><strong>Docencia<\/strong><\/p>\n<p>Desde el 16\/05\/08 al 07\/10\/08 trabaj\u00f3 por designaci\u00f3n interina como Auxiliar Docente Graduado con Semidedicaci\u00f3n en el \u00e1rea M\u00e1quinas y Accionamientos El\u00e9ctricos, con funciones en las c\u00e1tedras C\u00e1lculo de M\u00e1quinas El\u00e9ctricas, M\u00e1quinas El\u00e9ctricas I y II, del Departamento de Electricidad, Electr\u00f3nica y Computaci\u00f3n. Luego gan\u00f3 el concurso de antecedentes y oposici\u00f3n para dicho cargo permaneciendo hasta el 14\/05\/14.<\/p>\n<p>Desde el 05\/08\/14 al 09\/12\/14 trabaj\u00f3 por designaci\u00f3n interina como Jefe de Trabajos Pr\u00e1cticos con Semidedicaci\u00f3n en el \u00e1rea Generaci\u00f3n de Energ\u00eda El\u00e9ctrica, con funciones en las c\u00e1tedras Centrales El\u00e9ctricas y Sistemas El\u00e9ctricos de Potencia, del Departamento de Electricidad, Electr\u00f3nica y Computaci\u00f3n. Luego gan\u00f3 el concurso de antecedentes y oposici\u00f3n por el t\u00e9rmino de 3 a\u00f1os y hasta la actualidad trabaja en el mismo.<\/p>\n<p>Jefe de Trabajos Pr\u00e1cticos con Semidedicaci\u00f3n por designaci\u00f3n interina desde el 14\/05\/14 y hasta la actualidad, en el \u00c1rea M\u00e1quinas y Accionamientos El\u00e9ctricos, con funciones en las c\u00e1tedras M\u00e1quinas El\u00e9ctricas I y II, del Departamento de Electricidad, Electr\u00f3nica y Computaci\u00f3n.<\/p>\n<p><strong>Antecedentes laborales en empresas del sector el\u00e9ctrico<\/strong><\/p>\n<p>En Transener S. A.: A\u00f1os 2013 \u2013 2014. Profesional categor\u00eda especialista en el \u00e1rea de protecciones, control y comunicaciones. \u00c1rea de incumbencia, EETT El Bracho, Cobos, San Juancito, Minera Alumbrera, Taf\u00ed del Valle, Ampajango y Alumbrera.<\/p>\n<p>En Transnoa S. A.: A\u00f1os 2004 \u2013 2013. Trabaj\u00f3 en programaci\u00f3n de la operaci\u00f3n y planificaci\u00f3n de mantenimientos de los equipos de transporte de energ\u00eda. Operador en Centro de Control Regional de Energ\u00eda. Realiz\u00f3 estudios de regulaci\u00f3n de protecciones sobre la red de transporte del NOA y an\u00e1lisis de perturbaciones.<\/p>\n<p>Realiz\u00f3 asesoramiento en estudios el\u00e9ctricos de flujos de carga, cortocircuito y estabilidad din\u00e1mica para la solicitud de acceso y ampliaciones al sistema de transporte de agentes del Mercado El\u00e9ctrico Mayorista.<\/p>\n<p>&nbsp;<\/p>\n","protected":false},"excerpt":{"rendered":"<p>&nbsp; &nbsp; &nbsp; &nbsp; Ing. Aldo Leopoldo Campos Jefe de Trabajos Pr\u00e1cticos con semidedicaci\u00f3n \u2013 alcampos@herrera.unt.edu.ar T\u00edtulo universitario de grado: Ingeniero Electricista, otorgado por la facultad de Ciencias Exactas y Tecnolog\u00eda de la Universidad Nacional de Tucum\u00e1n en Diciembre de 2005. Docencia Desde el 16\/05\/08 al 07\/10\/08 trabaj\u00f3 por designaci\u00f3n interina como Auxiliar Docente Graduado [&hellip;]<\/p>\n","protected":false},"author":131,"featured_media":0,"parent":0,"menu_order":0,"comment_status":"closed","ping_status":"closed","template":"","meta":[],"_links":{"self":[{"href":"https:\/\/catedras.facet.unt.edu.ar\/centraleselectricas\/wp-json\/wp\/v2\/pages\/167"}],"collection":[{"href":"https:\/\/catedras.facet.unt.edu.ar\/centraleselectricas\/wp-json\/wp\/v2\/pages"}],"about":[{"href":"https:\/\/catedras.facet.unt.edu.ar\/centraleselectricas\/wp-json\/wp\/v2\/types\/page"}],"author":[{"embeddable":true,"href":"https:\/\/catedras.facet.unt.edu.ar\/centraleselectricas\/wp-json\/wp\/v2\/users\/131"}],"replies":[{"embeddable":true,"href":"https:\/\/catedras.facet.unt.edu.ar\/centraleselectricas\/wp-json\/wp\/v2\/comments?post=167"}],"version-history":[{"count":3,"href":"https:\/\/catedras.facet.unt.edu.ar\/centraleselectricas\/wp-json\/wp\/v2\/pages\/167\/revisions"}],"predecessor-version":[{"id":174,"href":"https:\/\/catedras.facet.unt.edu.ar\/centraleselectricas\/wp-json\/wp\/v2\/pages\/167\/revisions\/174"}],"wp:attachment":[{"href":"https:\/\/catedras.facet.unt.edu.ar\/centraleselectricas\/wp-json\/wp\/v2\/media?parent=167"}],"curies":[{"name":"wp","href":"https:\/\/api.w.org\/{rel}","templated":true}]}}