{"id":163,"date":"2015-08-25T11:42:34","date_gmt":"2015-08-25T14:42:34","guid":{"rendered":"https:\/\/catedras.facet.unt.edu.ar\/centraleselectricas\/?page_id=163"},"modified":"2015-08-27T10:53:50","modified_gmt":"2015-08-27T13:53:50","slug":"inggonzalez","status":"publish","type":"page","link":"https:\/\/catedras.facet.unt.edu.ar\/centraleselectricas\/inggonzalez\/","title":{"rendered":""},"content":{"rendered":"<p><a href=\"https:\/\/catedras.facet.unt.edu.ar\/centraleselectricas\/wp-content\/uploads\/sites\/19\/2015\/08\/chino.png\"><img loading=\"lazy\" class=\"size-full wp-image-164 alignleft\" src=\"https:\/\/catedras.facet.unt.edu.ar\/centraleselectricas\/wp-content\/uploads\/sites\/19\/2015\/08\/chino.png\" alt=\"chino\" width=\"92\" height=\"121\" \/><\/a><\/p>\n<p>&nbsp;<\/p>\n<p>&nbsp;<\/p>\n<p>&nbsp;<\/p>\n<p>&nbsp;<\/p>\n<ul>\n<li>\u201cIngeniero Electricista\u201d de la Universidad Nacional de Tucum\u00e1n (UNT), Argentina, \u201cM\u00e1ster em Engenharia El\u00e9trica\u201d da Universidade Federal de Santa Catarina (UFSC), Florian\u00f3polis, Brasil y\u00a0 \u201cM\u00e1ster en Energ\u00edas Renovables\u201d de la Universidad\u00a0 Internacional Men\u00e9ndez Pelayo (UIMP), Madrid, Espa\u00f1a.<\/li>\n<\/ul>\n<ul>\n<li>Profesor Asociado dedicaci\u00f3n exclusiva en las asignaturas, Centrales El\u00e9ctricas, Sistemas El\u00e9ctricos de Potencia, Energ\u00edas Renovables y Sistemas Alternativos de Producci\u00f3n de Energ\u00eda, de la Facultad de Ciencias Exactas y Tecnolog\u00eda (FACET-UNT).<\/li>\n<\/ul>\n<ul>\n<li>Docente de Posgrado en el \u00e1rea de las Energ\u00edas Renovables en la \u201cEspecializaci\u00f3n en Gesti\u00f3n Industrial\u201d de la UNT y en la \u201cMaestr\u00eda en Ingenier\u00eda Ambiental\u201d de la Universidad Tecnol\u00f3gica Nacional, Facultad Regional Tucum\u00e1n.<\/li>\n<\/ul>\n<ul>\n<li>Investigador Categorizado III por el CIUNT, en el \u00e1rea de estudio de la Generaci\u00f3n de Energ\u00eda El\u00e9ctrica basada en Energ\u00edas Renovables. Integrante de diversos Proyectos en Desarrollo y Responsable del Proyecto \u201cSistemas fotovoltaicos conectados a la red de distribuci\u00f3n de energ\u00eda el\u00e9ctrica\u201d.<\/li>\n<\/ul>\n<ul>\n<li>Responsable del Laboratorio de Simulaci\u00f3n de Potencia El\u00e9ctrica (LASPE) del Departamento de Electricidad, Electr\u00f3nica y Computaci\u00f3n (DEEC-FACET-UNT).<\/li>\n<\/ul>\n<p>&nbsp;<\/p>\n","protected":false},"excerpt":{"rendered":"<p>&nbsp; &nbsp; &nbsp; &nbsp; \u201cIngeniero Electricista\u201d de la Universidad Nacional de Tucum\u00e1n (UNT), Argentina, \u201cM\u00e1ster em Engenharia El\u00e9trica\u201d da Universidade Federal de Santa Catarina (UFSC), Florian\u00f3polis, Brasil y\u00a0 \u201cM\u00e1ster en Energ\u00edas Renovables\u201d de la Universidad\u00a0 Internacional Men\u00e9ndez Pelayo (UIMP), Madrid, Espa\u00f1a. Profesor Asociado dedicaci\u00f3n exclusiva en las asignaturas, Centrales El\u00e9ctricas, Sistemas El\u00e9ctricos de Potencia, Energ\u00edas [&hellip;]<\/p>\n","protected":false},"author":131,"featured_media":0,"parent":0,"menu_order":0,"comment_status":"closed","ping_status":"closed","template":"","meta":[],"_links":{"self":[{"href":"https:\/\/catedras.facet.unt.edu.ar\/centraleselectricas\/wp-json\/wp\/v2\/pages\/163"}],"collection":[{"href":"https:\/\/catedras.facet.unt.edu.ar\/centraleselectricas\/wp-json\/wp\/v2\/pages"}],"about":[{"href":"https:\/\/catedras.facet.unt.edu.ar\/centraleselectricas\/wp-json\/wp\/v2\/types\/page"}],"author":[{"embeddable":true,"href":"https:\/\/catedras.facet.unt.edu.ar\/centraleselectricas\/wp-json\/wp\/v2\/users\/131"}],"replies":[{"embeddable":true,"href":"https:\/\/catedras.facet.unt.edu.ar\/centraleselectricas\/wp-json\/wp\/v2\/comments?post=163"}],"version-history":[{"count":4,"href":"https:\/\/catedras.facet.unt.edu.ar\/centraleselectricas\/wp-json\/wp\/v2\/pages\/163\/revisions"}],"predecessor-version":[{"id":171,"href":"https:\/\/catedras.facet.unt.edu.ar\/centraleselectricas\/wp-json\/wp\/v2\/pages\/163\/revisions\/171"}],"wp:attachment":[{"href":"https:\/\/catedras.facet.unt.edu.ar\/centraleselectricas\/wp-json\/wp\/v2\/media?parent=163"}],"curies":[{"name":"wp","href":"https:\/\/api.w.org\/{rel}","templated":true}]}}