{"id":112,"date":"2014-10-08T16:16:04","date_gmt":"2014-10-08T19:16:04","guid":{"rendered":"https:\/\/catedras.facet.unt.edu.ar\/centraleselectricas\/?page_id=112"},"modified":"2015-08-25T17:56:10","modified_gmt":"2015-08-25T20:56:10","slug":"bibliografia","status":"publish","type":"page","link":"https:\/\/catedras.facet.unt.edu.ar\/centraleselectricas\/bibliografia\/","title":{"rendered":"Bibliograf\u00eda"},"content":{"rendered":"<p><strong>BIBLIOGRAF\u00cdA:<\/strong><\/p>\n<p>&#8211; \u201cEnergy Systems and Sustainability\u201d, Boyle Godfrey, Editorial Open University, 2003.<\/p>\n<p>&#8211; \u201cCentrales El\u00e9ctricas. Enciclopedia CEAC de Electricidad\u201d. Carlos B. Sans,\u00a0 Ediciones CEAC, 1989.<\/p>\n<p>&#8211;\u00a0 \u201cCentrales El\u00e9ctricas I\u201d, Angel Luis Orille Fern\u00e1ndez, Publicaci\u00f3n de la Universidad Polit\u00e9cnica de Catalu\u00f1a, 1997.<\/p>\n<p>&#8211; \u201cCentrales y Redes El\u00e9ctricas\u201d, Th. Buchhold \u2013 H. Happoldt, Editorial Labor, 1971.<\/p>\n<p>&#8211; \u201cGera\u00e7\u00e3o de Energia El\u00e9trica\u201d, Lineu Belico dos Reis, Editora Manole, 2003.<\/p>\n<p>&#8211; \u201cOperaci\u00f3n y Mantenimiento de Centrales de Ciclo Combinado\u201d, Santiago Garc\u00eda Garrido, Editora D\u00edaz de Santos, 2008.<\/p>\n<p>&#8211; Apuntes de C\u00e1tedra (Control Est\u00e1tico de la Generaci\u00f3n de Potencia Activa, La Generaci\u00f3n El\u00e9ctrica Basada en la Energ\u00eda E\u00f3lica y Solar)<\/p>\n<p>&#8211; Wall Charts\u00a0 de Centrales en construcci\u00f3n o en servicio<\/p>\n<p>&#8211; Modern Power Systems, Magazine, Wilmington Publishing Ltd. UK.<\/p>\n<p>&#8211; Revistas, Art\u00edculos, P\u00e1ginas WEB, Libros digitales.<\/p>\n<p>Nota: En biblioteca se encuentran Handbooks in Power Stations, de primer nivel.<\/p>\n","protected":false},"excerpt":{"rendered":"<p>BIBLIOGRAF\u00cdA: &#8211; \u201cEnergy Systems and Sustainability\u201d, Boyle Godfrey, Editorial Open University, 2003. &#8211; \u201cCentrales El\u00e9ctricas. Enciclopedia CEAC de Electricidad\u201d. Carlos B. Sans,\u00a0 Ediciones CEAC, 1989. &#8211;\u00a0 \u201cCentrales El\u00e9ctricas I\u201d, Angel Luis Orille Fern\u00e1ndez, Publicaci\u00f3n de la Universidad Polit\u00e9cnica de Catalu\u00f1a, 1997. &#8211; \u201cCentrales y Redes El\u00e9ctricas\u201d, Th. Buchhold \u2013 H. Happoldt, Editorial Labor, 1971. &#8211; [&hellip;]<\/p>\n","protected":false},"author":131,"featured_media":0,"parent":0,"menu_order":8,"comment_status":"closed","ping_status":"closed","template":"","meta":[],"_links":{"self":[{"href":"https:\/\/catedras.facet.unt.edu.ar\/centraleselectricas\/wp-json\/wp\/v2\/pages\/112"}],"collection":[{"href":"https:\/\/catedras.facet.unt.edu.ar\/centraleselectricas\/wp-json\/wp\/v2\/pages"}],"about":[{"href":"https:\/\/catedras.facet.unt.edu.ar\/centraleselectricas\/wp-json\/wp\/v2\/types\/page"}],"author":[{"embeddable":true,"href":"https:\/\/catedras.facet.unt.edu.ar\/centraleselectricas\/wp-json\/wp\/v2\/users\/131"}],"replies":[{"embeddable":true,"href":"https:\/\/catedras.facet.unt.edu.ar\/centraleselectricas\/wp-json\/wp\/v2\/comments?post=112"}],"version-history":[{"count":2,"href":"https:\/\/catedras.facet.unt.edu.ar\/centraleselectricas\/wp-json\/wp\/v2\/pages\/112\/revisions"}],"predecessor-version":[{"id":138,"href":"https:\/\/catedras.facet.unt.edu.ar\/centraleselectricas\/wp-json\/wp\/v2\/pages\/112\/revisions\/138"}],"wp:attachment":[{"href":"https:\/\/catedras.facet.unt.edu.ar\/centraleselectricas\/wp-json\/wp\/v2\/media?parent=112"}],"curies":[{"name":"wp","href":"https:\/\/api.w.org\/{rel}","templated":true}]}}