{"id":110,"date":"2014-10-08T16:14:46","date_gmt":"2014-10-08T19:14:46","guid":{"rendered":"https:\/\/catedras.facet.unt.edu.ar\/centraleselectricas\/?page_id=110"},"modified":"2021-08-18T16:08:52","modified_gmt":"2021-08-18T19:08:52","slug":"docentes","status":"publish","type":"page","link":"https:\/\/catedras.facet.unt.edu.ar\/centraleselectricas\/docentes\/","title":{"rendered":"Docentes"},"content":{"rendered":"<p><!-- meta slider --><\/p>\n<p>&nbsp;<\/p>\n<p><!--\/\/ meta slider--><strong>Profesor Responsable:<\/strong><\/p>\n<ul>\n<li>Mag. Ing. Jorge A. Gonz\u00e1lez (Prof. Asociado, DE)<\/li>\n<\/ul>\n<p>Departamento de Electricidad, Electr\u00f3nica y Computaci\u00f3n<br \/>\nFacultad de Ciencias Exactas y Tecnolog\u00eda<br \/>\nUniversidad Nacional de Tucum\u00e1n<br \/>\nAvda. Independencia 1800<br \/>\nSan Miguel de Tucum\u00e1n, Argentina<br \/>\nTel: +54 381 4107581 \/ 7582<br \/>\n<a href=\"mailto:Jgonzalez@herrera.unt.edu.ar\" target=\"_blank\" rel=\"noopener noreferrer\">Jgonzalez@herrera.unt.edu.ar<\/a><\/p>\n<p><strong>Plantel Docente:<\/strong><\/p>\n<ul>\n<li><a href=\"https:\/\/catedras.facet.unt.edu.ar\/centraleselectricas\/inggonzalez\/\">Mag. Ing. Jorge A. Gonz\u00e1lez (Prof. Asociado, DE)<\/a><\/li>\n<li>Ing. Leonardo Vargas (JTP, MD)<\/li>\n<li>Ing. Andr\u00e9 Kohashi (JTP, MD)<\/li>\n<\/ul>\n","protected":false},"excerpt":{"rendered":"<p>&nbsp; Profesor Responsable: Mag. Ing. Jorge A. Gonz\u00e1lez (Prof. Asociado, DE) Departamento de Electricidad, Electr\u00f3nica y Computaci\u00f3n Facultad de Ciencias Exactas y Tecnolog\u00eda Universidad Nacional de Tucum\u00e1n Avda. Independencia 1800 San Miguel de Tucum\u00e1n, Argentina Tel: +54 381 4107581 \/ 7582 Jgonzalez@herrera.unt.edu.ar Plantel Docente: Mag. Ing. Jorge A. Gonz\u00e1lez (Prof. Asociado, DE) Ing. Leonardo Vargas [&hellip;]<\/p>\n","protected":false},"author":131,"featured_media":0,"parent":0,"menu_order":4,"comment_status":"closed","ping_status":"closed","template":"","meta":[],"_links":{"self":[{"href":"https:\/\/catedras.facet.unt.edu.ar\/centraleselectricas\/wp-json\/wp\/v2\/pages\/110"}],"collection":[{"href":"https:\/\/catedras.facet.unt.edu.ar\/centraleselectricas\/wp-json\/wp\/v2\/pages"}],"about":[{"href":"https:\/\/catedras.facet.unt.edu.ar\/centraleselectricas\/wp-json\/wp\/v2\/types\/page"}],"author":[{"embeddable":true,"href":"https:\/\/catedras.facet.unt.edu.ar\/centraleselectricas\/wp-json\/wp\/v2\/users\/131"}],"replies":[{"embeddable":true,"href":"https:\/\/catedras.facet.unt.edu.ar\/centraleselectricas\/wp-json\/wp\/v2\/comments?post=110"}],"version-history":[{"count":9,"href":"https:\/\/catedras.facet.unt.edu.ar\/centraleselectricas\/wp-json\/wp\/v2\/pages\/110\/revisions"}],"predecessor-version":[{"id":604,"href":"https:\/\/catedras.facet.unt.edu.ar\/centraleselectricas\/wp-json\/wp\/v2\/pages\/110\/revisions\/604"}],"wp:attachment":[{"href":"https:\/\/catedras.facet.unt.edu.ar\/centraleselectricas\/wp-json\/wp\/v2\/media?parent=110"}],"curies":[{"name":"wp","href":"https:\/\/api.w.org\/{rel}","templated":true}]}}