{"id":102,"date":"2014-10-08T14:42:27","date_gmt":"2014-10-08T17:42:27","guid":{"rendered":"https:\/\/catedras.facet.unt.edu.ar\/centraleselectricas\/?page_id=102"},"modified":"2022-11-23T18:30:12","modified_gmt":"2022-11-23T21:30:12","slug":"trabajos-practicos","status":"publish","type":"page","link":"https:\/\/catedras.facet.unt.edu.ar\/centraleselectricas\/trabajos-practicos\/","title":{"rendered":"Trabajos Pr\u00e1cticos"},"content":{"rendered":"<p><a href=\"https:\/\/catedras.facet.unt.edu.ar\/centraleselectricas\/wp-content\/uploads\/sites\/19\/2021\/09\/TP-1-Contexto-Energetico-2021.pdf\">TP 1 &#8211; Contexto Energ\u00e9tico &#8211; 2021<\/a><\/p>\n<p><a href=\"https:\/\/catedras.facet.unt.edu.ar\/centraleselectricas\/wp-content\/uploads\/sites\/19\/2021\/09\/TP2-Factores-de-carga-y-de-utilizacion-2021.pdf\">TP2 &#8211; Factores de carga y de utilizaci\u00f3n &#8211; 2021<\/a><\/p>\n<p><a href=\"https:\/\/catedras.facet.unt.edu.ar\/centraleselectricas\/wp-content\/uploads\/sites\/19\/2022\/09\/TP-3-Ciclo-de-Rankine-2022.pdf\">TP 3 &#8211; Ciclo de Rankine (2022)<\/a><\/p>\n<p style=\"padding-left: 40px\"><a href=\"https:\/\/catedras.facet.unt.edu.ar\/centraleselectricas\/wp-content\/uploads\/sites\/19\/2020\/09\/Tablas-Termodinamicas.pdf\">Tablas Termodin\u00e1micas<\/a><\/p>\n<p style=\"padding-left: 40px\"><a href=\"https:\/\/catedras.facet.unt.edu.ar\/centraleselectricas\/wp-content\/uploads\/sites\/19\/2022\/09\/T-s_diagram-1.png\">Diagrama de Mollier<\/a><\/p>\n<p><a href=\"https:\/\/catedras.facet.unt.edu.ar\/centraleselectricas\/wp-content\/uploads\/sites\/19\/2022\/09\/TP-4-Ciclo-de-Brigton-2022.pdf\">TP 4 &#8211; Ciclo de Brigton (2022)<\/a><\/p>\n<p><a href=\"https:\/\/catedras.facet.unt.edu.ar\/centraleselectricas\/wp-content\/uploads\/sites\/19\/2022\/09\/TP-5-Ciclo-Combinado-2022.pdf\">TP 5 &#8211; Ciclo Combinado (2022)<\/a><\/p>\n<p><a href=\"https:\/\/catedras.facet.unt.edu.ar\/centraleselectricas\/wp-content\/uploads\/sites\/19\/2022\/10\/CE-2022-TP6-Centrales-Nucleares-1.pdf\"> TP 6 &#8211; Centrales Nucleares<\/a><\/p>\n<p><a href=\"https:\/\/catedras.facet.unt.edu.ar\/centraleselectricas\/wp-content\/uploads\/sites\/19\/2022\/10\/CE-2022-TP7-Centrales-Hidraulicas.pdf\">TP 7 &#8211; Centrales Hidr\u00e1ulicas<\/a><\/p>\n<p><a href=\"https:\/\/catedras.facet.unt.edu.ar\/centraleselectricas\/wp-content\/uploads\/sites\/19\/2022\/11\/CE-2022-TP8-Energias-Renovables.pdf\">TP 8 &#8211; Energ\u00edas Renovables<\/a><\/p>\n<p><a href=\"https:\/\/catedras.facet.unt.edu.ar\/centraleselectricas\/wp-content\/uploads\/sites\/19\/2022\/11\/TP-9-Regulacion-de-Frecuencia-2022.pdf\">TP 9 &#8211; Regulaci\u00f3n de Frecuencia<\/a><\/p>\n<p><a href=\"https:\/\/catedras.facet.unt.edu.ar\/centraleselectricas\/wp-content\/uploads\/sites\/19\/2022\/11\/CE-2022-TP-10-Evaluacion-de-Proyectos-y-LCOE.pdf\">TP 10 &#8211; Evaluaci\u00f3n de Proyectos y LCOE<\/a><\/p>\n<p>&nbsp;<\/p>\n","protected":false},"excerpt":{"rendered":"<p>TP 1 &#8211; Contexto Energ\u00e9tico &#8211; 2021 TP2 &#8211; Factores de carga y de utilizaci\u00f3n &#8211; 2021 TP 3 &#8211; Ciclo de Rankine (2022) Tablas Termodin\u00e1micas Diagrama de Mollier TP 4 &#8211; Ciclo de Brigton (2022) TP 5 &#8211; Ciclo Combinado (2022) TP 6 &#8211; Centrales Nucleares TP 7 &#8211; Centrales Hidr\u00e1ulicas TP 8 &#8211; [&hellip;]<\/p>\n","protected":false},"author":131,"featured_media":0,"parent":0,"menu_order":7,"comment_status":"closed","ping_status":"closed","template":"","meta":[],"_links":{"self":[{"href":"https:\/\/catedras.facet.unt.edu.ar\/centraleselectricas\/wp-json\/wp\/v2\/pages\/102"}],"collection":[{"href":"https:\/\/catedras.facet.unt.edu.ar\/centraleselectricas\/wp-json\/wp\/v2\/pages"}],"about":[{"href":"https:\/\/catedras.facet.unt.edu.ar\/centraleselectricas\/wp-json\/wp\/v2\/types\/page"}],"author":[{"embeddable":true,"href":"https:\/\/catedras.facet.unt.edu.ar\/centraleselectricas\/wp-json\/wp\/v2\/users\/131"}],"replies":[{"embeddable":true,"href":"https:\/\/catedras.facet.unt.edu.ar\/centraleselectricas\/wp-json\/wp\/v2\/comments?post=102"}],"version-history":[{"count":93,"href":"https:\/\/catedras.facet.unt.edu.ar\/centraleselectricas\/wp-json\/wp\/v2\/pages\/102\/revisions"}],"predecessor-version":[{"id":682,"href":"https:\/\/catedras.facet.unt.edu.ar\/centraleselectricas\/wp-json\/wp\/v2\/pages\/102\/revisions\/682"}],"wp:attachment":[{"href":"https:\/\/catedras.facet.unt.edu.ar\/centraleselectricas\/wp-json\/wp\/v2\/media?parent=102"}],"curies":[{"name":"wp","href":"https:\/\/api.w.org\/{rel}","templated":true}]}}